{"id":16,"date":"2016-01-12T20:33:53","date_gmt":"2016-01-12T19:33:53","guid":{"rendered":"http:\/\/s490497976.online.de\/brvblog_new\/wordpress\/?page_id=16"},"modified":"2024-06-08T12:34:49","modified_gmt":"2024-06-08T10:34:49","slug":"rennkalender-2024","status":"publish","type":"page","link":"http:\/\/s490497976.online.de\/brvblog_new\/wordpress\/rennkalender-2024\/","title":{"rendered":"Rennkalender 2024"},"content":{"rendered":"<p>Folgende Rennen gehen in die Gesamtwertung der BMX-Bayernliga 2024 ein (Stand 29.01.2024 &#8211; vorl\u00e4ufige Termine):<\/p>\n<p style=\"text-align: center;\"><span style=\"color: #ff0000;\"><strong>ACHTUNG: Nachholtermin 1. Lauf Kolbermoor 21.07.2024\u00a0<\/strong><\/span><\/p>\n<p style=\"text-align: center;\"><span style=\"color: #ff0000;\"><strong>ACHTUNG: Rennen in Ingolstadt (14.07.)<\/strong><\/span><span style=\"color: #ff0000;\"><strong>wird verlegt nach Esselbach!\u00a0<\/strong><\/span><\/p>\n<p><img loading=\"lazy\" decoding=\"async\" data-attachment-id=\"2200\" data-permalink=\"http:\/\/s490497976.online.de\/brvblog_new\/wordpress\/rennkalender-2024\/termine\/\" data-orig-file=\"https:\/\/i0.wp.com\/s490497976.online.de\/brvblog_new\/wordpress\/wp-content\/uploads\/2024\/06\/Termine.png?fit=3315%2C1316\" data-orig-size=\"3315,1316\" data-comments-opened=\"0\" data-image-meta=\"{&quot;aperture&quot;:&quot;0&quot;,&quot;credit&quot;:&quot;&quot;,&quot;camera&quot;:&quot;&quot;,&quot;caption&quot;:&quot;&quot;,&quot;created_timestamp&quot;:&quot;0&quot;,&quot;copyright&quot;:&quot;&quot;,&quot;focal_length&quot;:&quot;0&quot;,&quot;iso&quot;:&quot;0&quot;,&quot;shutter_speed&quot;:&quot;0&quot;,&quot;title&quot;:&quot;&quot;,&quot;orientation&quot;:&quot;0&quot;}\" data-image-title=\"Termine\" data-image-description=\"\" data-image-caption=\"\" data-medium-file=\"https:\/\/i0.wp.com\/s490497976.online.de\/brvblog_new\/wordpress\/wp-content\/uploads\/2024\/06\/Termine.png?fit=300%2C119\" data-large-file=\"https:\/\/i0.wp.com\/s490497976.online.de\/brvblog_new\/wordpress\/wp-content\/uploads\/2024\/06\/Termine.png?fit=620%2C246\" class=\"aligncenter wp-image-2200 size-large\" src=\"https:\/\/i0.wp.com\/s490497976.online.de\/brvblog_new\/wordpress\/wp-content\/uploads\/2024\/06\/Termine.png?resize=620%2C246\" alt=\"\" width=\"620\" height=\"246\" srcset=\"https:\/\/i0.wp.com\/s490497976.online.de\/brvblog_new\/wordpress\/wp-content\/uploads\/2024\/06\/Termine.png?resize=1024%2C407 1024w, https:\/\/i0.wp.com\/s490497976.online.de\/brvblog_new\/wordpress\/wp-content\/uploads\/2024\/06\/Termine.png?resize=300%2C119 300w, https:\/\/i0.wp.com\/s490497976.online.de\/brvblog_new\/wordpress\/wp-content\/uploads\/2024\/06\/Termine.png?resize=768%2C305 768w, https:\/\/i0.wp.com\/s490497976.online.de\/brvblog_new\/wordpress\/wp-content\/uploads\/2024\/06\/Termine.png?resize=1536%2C610 1536w, https:\/\/i0.wp.com\/s490497976.online.de\/brvblog_new\/wordpress\/wp-content\/uploads\/2024\/06\/Termine.png?resize=2048%2C813 2048w, https:\/\/i0.wp.com\/s490497976.online.de\/brvblog_new\/wordpress\/wp-content\/uploads\/2024\/06\/Termine.png?resize=620%2C246 620w, https:\/\/i0.wp.com\/s490497976.online.de\/brvblog_new\/wordpress\/wp-content\/uploads\/2024\/06\/Termine.png?w=1240 1240w, https:\/\/i0.wp.com\/s490497976.online.de\/brvblog_new\/wordpress\/wp-content\/uploads\/2024\/06\/Termine.png?w=1860 1860w\" sizes=\"(max-width: 620px) 100vw, 620px\" data-recalc-dims=\"1\" \/><\/p>\n<p>&nbsp;<\/p>\n<p>&nbsp;<\/p>\n<hr \/>\n<p><strong>Bayerische BMX-Meisterschaft 2024<br \/>\n<\/strong>F\u00fcrstenfeldbruck- <span style=\"color: #ff0000;\"><strong>Sonntag,<\/strong><\/span> 28.04.2024<\/p>\n<p>(Angaben ohne Gew\u00e4hr und \u00c4nderungen vorbehalten!)<\/p>\n","protected":false},"excerpt":{"rendered":"<p>Folgende Rennen gehen in die Gesamtwertung der BMX-Bayernliga 2024 ein (Stand 29.01.2024 &#8211; vorl\u00e4ufige Termine): ACHTUNG: Nachholtermin 1. Lauf Kolbermoor 21.07.2024\u00a0 ACHTUNG: Rennen in Ingolstadt (14.07.)wird verlegt nach Esselbach!\u00a0 &nbsp; &nbsp; Bayerische BMX-Meisterschaft 2024 F\u00fcrstenfeldbruck- Sonntag, 28.04.2024 (Angaben ohne Gew\u00e4hr und \u00c4nderungen vorbehalten!)<\/p>\n","protected":false},"author":1,"featured_media":0,"parent":0,"menu_order":0,"comment_status":"closed","ping_status":"closed","template":"","meta":{"jetpack_post_was_ever_published":false,"footnotes":""},"jetpack_sharing_enabled":true,"jetpack_shortlink":"https:\/\/wp.me\/P77Kxm-g","jetpack-related-posts":[{"id":80,"url":"http:\/\/s490497976.online.de\/brvblog_new\/wordpress\/reglements\/","url_meta":{"origin":16,"position":0},"title":"Reglements\/Ausschreibungen","author":"LFW","date":"15. Januar 2016","format":false,"excerpt":"2024 2024:Landesverbandsmeisterschaft Bayern in F\u00fcrstenfeldbruck am 28.04.2024 20240304_Ausschreibung Bayerische Meisterschaft 2024_V1 \u00a0 BMX-Bayernliga 2024: Bayernliga-Reglement 2024 final ACHTUNG: 6. Lauf findet am 14.07.2024 in Esselbach statt, nicht in Ingolstadt ACHTUNG: Nachholtermin 1. Lauf Kolbermoor 21.07.2024 F\u00fcr alle Rennen ist eine Online-Meldung erforderlich: Die entsprechenden Anleitungen zu den Onlinemeldungen sind hier\u2026","rel":"","context":"\u00c4hnlicher Beitrag","block_context":{"text":"\u00c4hnlicher Beitrag","link":""},"img":{"alt_text":"","src":"https:\/\/i0.wp.com\/s490497976.online.de\/brvblog_new\/wordpress\/wp-content\/uploads\/2024\/04\/Termine-Online-Meldung-2024-neu-300x140.jpg?resize=350%2C200","width":350,"height":200,"srcset":"https:\/\/i0.wp.com\/s490497976.online.de\/brvblog_new\/wordpress\/wp-content\/uploads\/2024\/04\/Termine-Online-Meldung-2024-neu-300x140.jpg?resize=350%2C200 1x, https:\/\/i0.wp.com\/s490497976.online.de\/brvblog_new\/wordpress\/wp-content\/uploads\/2024\/04\/Termine-Online-Meldung-2024-neu-300x140.jpg?resize=525%2C300 1.5x"},"classes":[]},{"id":13,"url":"http:\/\/s490497976.online.de\/brvblog_new\/wordpress\/ergebnisse-bayerische-meisterschaften\/","url_meta":{"origin":16,"position":1},"title":"Ergebnisse Bay. Meisterschaften","author":"LFW","date":"12. Januar 2016","format":false,"excerpt":"Ergebnisse Bayerische BMX Meisterschaft 2024 F\u00fcrstenfeldbruck Bayerische BMX Meisterschaft 2024 F\u00fcrstenfeldbruck - Tageswertung Bayerische BMX Meisterschaft 2024 F\u00fcrstenfeldbruck - Mannschaftstageswertung Bayerische BMX Meisterschaft 2024 F\u00fcrstenfeldbruck - schnellste FahrerInnen Ergebnisse Bayerische BMX Meisterschaft 2023 K\u00f6nigsbrunn Bayerische BMX Meisterschaft 2023 K\u00f6nigsbrunn - Ergebnisse Meisterschaft Bayerische BMX Meisterschaft 2023 K\u00f6nigsbrunn - Ergebnisse Vorl\u00e4ufe\u2026","rel":"","context":"\u00c4hnlicher Beitrag","block_context":{"text":"\u00c4hnlicher Beitrag","link":""},"img":{"alt_text":"","src":"","width":0,"height":0},"classes":[]},{"id":268,"url":"http:\/\/s490497976.online.de\/brvblog_new\/wordpress\/ergebnisse-adac-suedbayern-cup\/","url_meta":{"origin":16,"position":2},"title":"Ergebnisse ADAC S\u00fcdbayern Cup","author":"LFW","date":"24. Juli 2016","format":false,"excerpt":"ADAC S\u00fcdbayerische Meisterschaft 2024 6. Lauf Weilheim 6. Lauf ADAC S\u00fcdbayerische Meisterschaft Weilheim - Tageswertung 6. Lauf ADAC S\u00fcdbayerische Meisterschaft Weilheim - Gesamtwertung 6. Lauf ADAC S\u00fcdbayerische Meisterschaft Weilheim - Tageswertung Mannschaft 6. Lauf ADAC S\u00fcdbayerische Meisterschaft Weilheim - Gesamtwertung Mannschaft 6. Lauf ADAC S\u00fcdbayerische Meisterschaft Weilheim - Gesamtwertung einzelne\u2026","rel":"","context":"\u00c4hnlicher Beitrag","block_context":{"text":"\u00c4hnlicher Beitrag","link":""},"img":{"alt_text":"","src":"","width":0,"height":0},"classes":[]},{"id":270,"url":"http:\/\/s490497976.online.de\/brvblog_new\/wordpress\/ergebnisse-bezirksmeisterschaften\/","url_meta":{"origin":16,"position":3},"title":"Sonstige Ergebnisse","author":"LFW","date":"24. Juli 2016","format":false,"excerpt":"Ergebnisse Bezirksmeisterschaften 2024 Ergebnisse Oberbayerische BMX Meisterschaft 2024 Pei\u00dfenberg Ergebnisse Bezirksmeisterschaften 2023 Ergebnisse Oberbayerische BMX-Meisterschaft 2023 F\u00fcrstenfeldbruck Ergebnisse Bezirksmeisterschaften 2022 Ergebnisse Oberbayerische BMX-Meisterschaft 2022 Weilheim Ergebnisse Bezirksmeisterschaften 2021 Ergebnis Oberbayerische Meisterschaft 19.\/20.06.2021 - Pei\u00dfenberg Ergebnisse Bezirksmeisterschaften 2019 Ergebnis Obb Meisterschaft 21.09.2019 Ergebnisse Bezirksmeisterschaften 2018 Ergebnis Oberbayerische Meisterschaft 31.03.2018 - Kolbermoor\u2026","rel":"","context":"\u00c4hnlicher Beitrag","block_context":{"text":"\u00c4hnlicher Beitrag","link":""},"img":{"alt_text":"","src":"","width":0,"height":0},"classes":[]},{"id":6,"url":"http:\/\/s490497976.online.de\/brvblog_new\/wordpress\/ergebnisse-bmx-bayernliga\/","url_meta":{"origin":16,"position":4},"title":"Ergebnisse BMX Bayernliga","author":"LFW","date":"12. Januar 2016","format":false,"excerpt":"Ergebnisse Bayernliga 2024 Lauf 10 Weilheim - Endlauf Gesamtwertung 10. Lauf Bayernliga 2024 Weilheim - Gesamtwertung Beginnerklassen 10. Lauf Bayernliga 2024 Weilheim - Gesamtwertung Lizenzklassen 10. Lauf Bayernliga 2024 Weilheim - Gesamtwertung Mannschaft Tageswertung 10. Lauf Bayernliga 2024 Weilheim - Tageswertung 10. Lauf Bayernliga 2024 Weilheim - Tageswertung Mannschaft 10.\u2026","rel":"","context":"\u00c4hnlicher Beitrag","block_context":{"text":"\u00c4hnlicher Beitrag","link":""},"img":{"alt_text":"","src":"","width":0,"height":0},"classes":[]},{"id":223,"url":"http:\/\/s490497976.online.de\/brvblog_new\/wordpress\/ergebnisse-sueddeutsche-meisterschaft\/","url_meta":{"origin":16,"position":5},"title":"Ergebnisse S\u00fcddeutsche Meisterschaft","author":"Susanne Lengger","date":"14. Mai 2016","format":false,"excerpt":"Ergebnisse S\u00fcddeutsche Meisterschaft 2024 Weiterstadt S\u00fcddeutsche Meisterschaft 2024 Weiterstadt - Gesamtwertung nach Lauf 2 Lauf 2 - Sonntag 29.09.2024 S\u00fcddeutsche Meisterschaft 2024 Weiterstadt - Tageswertung Lauf 2 S\u00fcddeutsche Meisterschaft 2024 Weiterstadt - Ergebnis Race of the Champions S\u00fcddeutsche Meisterschaft 2024 Weiterstadt - schnellste Zeiten Lauf 2 Lauf 1 - Samstag\u2026","rel":"","context":"\u00c4hnlicher Beitrag","block_context":{"text":"\u00c4hnlicher Beitrag","link":""},"img":{"alt_text":"","src":"","width":0,"height":0},"classes":[]}],"_links":{"self":[{"href":"http:\/\/s490497976.online.de\/brvblog_new\/wordpress\/wp-json\/wp\/v2\/pages\/16"}],"collection":[{"href":"http:\/\/s490497976.online.de\/brvblog_new\/wordpress\/wp-json\/wp\/v2\/pages"}],"about":[{"href":"http:\/\/s490497976.online.de\/brvblog_new\/wordpress\/wp-json\/wp\/v2\/types\/page"}],"author":[{"embeddable":true,"href":"http:\/\/s490497976.online.de\/brvblog_new\/wordpress\/wp-json\/wp\/v2\/users\/1"}],"replies":[{"embeddable":true,"href":"http:\/\/s490497976.online.de\/brvblog_new\/wordpress\/wp-json\/wp\/v2\/comments?post=16"}],"version-history":[{"count":48,"href":"http:\/\/s490497976.online.de\/brvblog_new\/wordpress\/wp-json\/wp\/v2\/pages\/16\/revisions"}],"predecessor-version":[{"id":2201,"href":"http:\/\/s490497976.online.de\/brvblog_new\/wordpress\/wp-json\/wp\/v2\/pages\/16\/revisions\/2201"}],"wp:attachment":[{"href":"http:\/\/s490497976.online.de\/brvblog_new\/wordpress\/wp-json\/wp\/v2\/media?parent=16"}],"curies":[{"name":"wp","href":"https:\/\/api.w.org\/{rel}","templated":true}]}}