{"id":223,"date":"2016-05-14T18:21:14","date_gmt":"2016-05-14T16:21:14","guid":{"rendered":"http:\/\/s490497976.online.de\/brvblog_new\/wordpress\/?page_id=223"},"modified":"2024-09-29T14:56:08","modified_gmt":"2024-09-29T12:56:08","slug":"ergebnisse-sueddeutsche-meisterschaft","status":"publish","type":"page","link":"http:\/\/s490497976.online.de\/brvblog_new\/wordpress\/ergebnisse-sueddeutsche-meisterschaft\/","title":{"rendered":"Ergebnisse S\u00fcddeutsche Meisterschaft"},"content":{"rendered":"<p><strong>Ergebnisse S\u00fcddeutsche Meisterschaft 2024 Weiterstadt<br \/>\n<\/strong><\/p>\n<p><a href=\"http:\/\/s490497976.online.de\/brvblog_new\/wordpress\/wp-content\/uploads\/2024\/09\/2.-Lauf-Sueddeutsche-Meisterschaft-2024-Weiterstadt-Gesamtwertung.htm\">S\u00fcddeutsche Meisterschaft 2024 Weiterstadt &#8211; Gesamtwertung nach Lauf 2<\/a><\/p>\n<p>Lauf 2 &#8211; Sonntag 29.09.2024<\/p>\n<p><a href=\"http:\/\/s490497976.online.de\/brvblog_new\/wordpress\/wp-content\/uploads\/2024\/09\/2.-Lauf-Sueddeutsche-Meisterschaft-2024-Weiterstadt-Tageswertung.htm\">S\u00fcddeutsche Meisterschaft 2024 Weiterstadt &#8211; Tageswertung Lauf 2<\/a><br \/>\n<a href=\"http:\/\/s490497976.online.de\/brvblog_new\/wordpress\/wp-content\/uploads\/2024\/09\/Sueddeutsche-Meisterschaft-2024-Weiterstadt-Race-of-the-Champions.htm\">S\u00fcddeutsche Meisterschaft 2024 Weiterstadt &#8211; Ergebnis Race of the Champions<\/a><br \/>\n<a href=\"http:\/\/s490497976.online.de\/brvblog_new\/wordpress\/wp-content\/uploads\/2024\/09\/2.-Lauf-Sueddeutsche-Meisterschaft-2024-Weiterstadt-schnellste-Zeiten.htm\">S\u00fcddeutsche Meisterschaft 2024 Weiterstadt &#8211; schnellste Zeiten Lauf 2<\/a><\/p>\n<p>Lauf 1 &#8211; Samstag 28.09.2024<\/p>\n<p><a href=\"http:\/\/s490497976.online.de\/brvblog_new\/wordpress\/wp-content\/uploads\/2024\/09\/1.-Lauf-Sueddeutsche-Meisterschaft-2024-Weiterstadt-Tageswertung.htm\">S\u00fcddeutsche Meisterschaft 2024 Weiterstadt &#8211; Tageswertung Lauf 1<\/a><br \/>\n<a href=\"http:\/\/s490497976.online.de\/brvblog_new\/wordpress\/wp-content\/uploads\/2024\/09\/1.-Lauf-Sueddeutsche-Meisterschaft-2024-Weiterstadt-schnellste-Zeiten.htm\">S\u00fcddeutsche Meisterschaft 2024 Weiterstadt &#8211; schnellste Zeiten Lauf 1<\/a><br \/>\n<a href=\"http:\/\/s490497976.online.de\/brvblog_new\/wordpress\/wp-content\/uploads\/2024\/09\/1.-Lauf-Sueddeutsche-Meisterschaft-2024-Weiterstadt-Gesamtwertung.htm\">S\u00fcddeutsche Meisterschaft 2024 Weiterstadt &#8211; Gesamtwertung nach Lauf 1<\/a><\/p>\n<p><strong>Ergebnisse S\u00fcddeutsche Meisterschaft 2023 Esselbach<\/strong><\/p>\n<p>Gesamtwertung<\/p>\n<p><a href=\"http:\/\/s490497976.online.de\/brvblog_new\/wordpress\/wp-content\/uploads\/2023\/10\/Sueddeutsche-Meisterschaft-2023-Gesamtwertung-nach-Lauf-2.htm\">S\u00fcddeutsche Meisterschaft 2023 &#8211; Gesamtwertung nach Lauf 2<\/a><\/p>\n<p>Lauf 2 &#8211; Sonntag 01.10.2023<\/p>\n<p><a href=\"http:\/\/s490497976.online.de\/brvblog_new\/wordpress\/wp-content\/uploads\/2023\/10\/Sueddeutsche-Meisterschaft-2023-Tageswertung-Lauf-2.htm\">S\u00fcddeutsche Meisterschaft 2023 &#8211; Tageswertung Lauf 2<\/a><br \/>\n<a href=\"http:\/\/s490497976.online.de\/brvblog_new\/wordpress\/wp-content\/uploads\/2023\/10\/Sueddeutsche-Meisterschaft-2023-schnellste-50-FahrerInnen-Lauf-2.htm\">S\u00fcddeutsche Meisterschaft 2023 &#8211; schnellste 50 FahrerInnen Lauf 2<\/a><br \/>\n<a href=\"http:\/\/s490497976.online.de\/brvblog_new\/wordpress\/wp-content\/uploads\/2023\/10\/Sueddeutsche-Meisterschaft-2023-Ergebnis-Race-of-the-Champions.htm\">S\u00fcddeutsche Meisterschaft 2023 &#8211; Ergebnis Race of the Champions<\/a><br \/>\n<a href=\"http:\/\/s490497976.online.de\/brvblog_new\/wordpress\/wp-content\/uploads\/2023\/10\/Sueddeutsche-Meisterschaft-2023-Holeshot-50-schnellste-FahrerInnen.htm\">S\u00fcddeutsche Meisterschaft 2023 &#8211; Holeshot 50 schnellste FahrerInnen<\/a><\/p>\n<p>Lauf 1 &#8211; Samstag 30.09.2023<\/p>\n<p><a href=\"http:\/\/s490497976.online.de\/brvblog_new\/wordpress\/wp-content\/uploads\/2023\/09\/Sueddeutsche-Meisterschaft-2023-Tageswertung-Lauf-1.htm\">S\u00fcddeutsche Meisterschaft 2023 &#8211; Tageswertung Lauf 1<\/a><br \/>\n<a href=\"http:\/\/s490497976.online.de\/brvblog_new\/wordpress\/wp-content\/uploads\/2023\/09\/Sueddeutsche-Meisterschaft-2023-schnellste-50-FahrerInnen-Lauf-1.htm\">S\u00fcddeutsche Meisterschaft 2023 &#8211; schnellste 50 FahrerInnen Lauf 1<\/a><br \/>\n<a href=\"http:\/\/s490497976.online.de\/brvblog_new\/wordpress\/wp-content\/uploads\/2023\/09\/Sueddeutsche-Meisterschaft-2023-Gesamtwertung-nach-Lauf-1.htm\">S\u00fcddeutsche Meisterschaft 2023 &#8211; Gesamtwertung nach Lauf 1<\/a><\/p>\n<p><strong>Ergebnisse S\u00fcddeutsche Meisterschaft 2022 Kornwestheim<\/strong><\/p>\n<p>Lauf 1 &#8211; Samstag 16.07.2022<br \/>\n<a href=\"http:\/\/s490497976.online.de\/brvblog_new\/wordpress\/wp-content\/uploads\/2022\/07\/Ergebnisse-1.-Lauf-Sueddt.-BMX-Meisterschaft-2022-Kornwestheim.htm\">Tageswertung S\u00fcddeutsche Meisterschaft 2022 Lauf 1<\/a><\/p>\n<p>Lauf 2 &#8211; Sonntag 17.07.2022<br \/>\n<a href=\"http:\/\/s490497976.online.de\/brvblog_new\/wordpress\/wp-content\/uploads\/2022\/07\/Ergebnisse-2.-Lauf-Sueddt.-BMX-Meisterschaft-2022-Kornwestheim.htm\">Tageswertung S\u00fcddeutsche Meisterschaft 2022 Lauf 2<\/a><\/p>\n<p>Gesamtwertung<br \/>\n<a href=\"http:\/\/s490497976.online.de\/brvblog_new\/wordpress\/wp-content\/uploads\/2022\/07\/Gesamtwertung-Sueddt.-BMX-Meisterschaft-2022-Kornwestheim.htm\">Gesamtwertung S\u00fcddeutsche BMX Meisterschaft 2022<\/a><\/p>\n<p>Ergebnis Race of the Champions<br \/>\n<a href=\"http:\/\/s490497976.online.de\/brvblog_new\/wordpress\/wp-content\/uploads\/2022\/07\/Ergebnis-Race-of-the-Champions-Sueddeutsche-Meisterschaft-2022-Kornwestheim.htm\">Ergebnis Race of the Champions S\u00fcddeutsche Meisterschaft 2022 &#8211; Kornwestheim<\/a><\/p>\n<p><strong>Ergebnisse S\u00fcddeutsche Meisterschaft 2019 Weiterstadt<\/strong><\/p>\n<p>Lauf 1 &#8211; Samstag, 08.06.2019<br \/>\n<a href=\"http:\/\/s490497976.online.de\/brvblog_new\/wordpress\/wp-content\/uploads\/2019\/06\/Tageswertung-S\u00fcddeutsche-Meisterschaft-2019-Lauf-1-1.htm\">Tageswertung S\u00fcddeutsche Meisterschaft 2019 Lauf 1<\/a><\/p>\n<p>Lauf 2 &#8211; Sonntag, 09.06.2019<br \/>\n<a href=\"http:\/\/s490497976.online.de\/brvblog_new\/wordpress\/wp-content\/uploads\/2019\/06\/Tageswertung-S\u00fcddeutsche-Meisterschaft-2019-Lauf-2.htm\">Tageswertung S\u00fcddeutsche Meisterschaft 2019 Lauf 2<\/a><\/p>\n<p>Gesamtwertung<br \/>\n<a href=\"http:\/\/s490497976.online.de\/brvblog_new\/wordpress\/wp-content\/uploads\/2019\/06\/Gesamtwertung-S\u00fcddeutsche-Meisterschaft-2019.htm\">Gesamtwertung S\u00fcddeutsche Meisterschaft 2019<\/a><\/p>\n<p><strong>Ergebnisse S\u00fcddeutsche Meisterschaft 2018 Esselbach<\/strong><\/p>\n<p>Lauf 1 &#8211; Samstag, 06.10.2018<br \/>\n<a href=\"http:\/\/s490497976.online.de\/brvblog_new\/wordpress\/wp-content\/uploads\/2018\/10\/Lauf-1-S\u00fcddeutsche-Meisterschaft-2018-Esselbach-Korrektur.htm\" rel=\"\">Lauf 1 S\u00fcddeutsche Meisterschaft 2018 Esselbach &#8211; Korrektur<\/a><\/p>\n<p>Lauf 2 &#8211; Sonntag, 06.10.2018<br \/>\n<a href=\"http:\/\/s490497976.online.de\/brvblog_new\/wordpress\/wp-content\/uploads\/2018\/10\/Lauf-2-S\u00fcddeutsche-Meisterschaft-2018-Esselbach-Korrektur.htm\" rel=\"\">Lauf 2 S\u00fcddeutsche Meisterschaft 2018 Esselbach &#8211; Korrektur<\/a><\/p>\n<p>Gesamtwertung<br \/>\n<a href=\"http:\/\/s490497976.online.de\/brvblog_new\/wordpress\/wp-content\/uploads\/2018\/10\/Gesamtwertung-S\u00fcddeutsche-Meisterschaft-2018-Esselbach-nach-Korrektur.pdf\" rel=\"\">Gesamtwertung S\u00fcddeutsche Meisterschaft 2018 Esselbach nach Korrektur<\/a><\/p>\n<p><strong>Ergebnisse S\u00fcddeutsche Meisterschaft 2017 Ingersheim<\/strong><\/p>\n<p>Lauf 1 &#8211; Samstag, 24.06.2017<br \/>\n<a href=\"http:\/\/s490497976.online.de\/brvblog_new\/wordpress\/wp-content\/uploads\/2016\/05\/Lauf-1-S\u00fcddeutsche-Meisterschaft-Ingersheim-24.06.2017.htm\" rel=\"\">1. Lauf\u00a0S\u00fcddeutsche Meisterschaft Ingersheim Tagesergebnisse<\/a><\/p>\n<p>Lauf 2 &#8211; Sonntag, 25.06.2017<br \/>\n<a href=\"http:\/\/s490497976.online.de\/brvblog_new\/wordpress\/wp-content\/uploads\/2016\/05\/Lauf-2-S\u00fcddeutsche-Meisterschaft-Ingersheim-25.06.2017.htm\" rel=\"\">2. Lauf\u00a0S\u00fcddeutsche Meisterschaft Ingersheim\u00a0Tagesergebnisse<\/a><\/p>\n<p>Gesamtwertung<br \/>\n<a href=\"http:\/\/s490497976.online.de\/brvblog_new\/wordpress\/wp-content\/uploads\/2016\/05\/Gesamtwertung-S\u00fcddeutsche-Meisterschaft-2017-Ingersheim.htm\" rel=\"\">Gesamtwertung S\u00fcddeutsche Meisterschaft 2017 Ingersheim<\/a><\/p>\n<p><strong>Ergebnisse S\u00fcddeutsche Meisterschaft 2016 Erlangen<\/strong><\/p>\n<p>Lauf 1 &#8211; Samstag, 14.05.2016<br \/>\n<a href=\"http:\/\/s490497976.online.de\/brvblog_new\/wordpress\/wp-content\/uploads\/2016\/05\/1.-Lauf-S\u00fcddeutsche-Meisterschaft-Erlangen-Tageswertung.pdf\" rel=\"\">1. Lauf S\u00fcddeutsche Meisterschaft Erlangen Tageswertung<\/a><br \/>\n<a href=\"http:\/\/s490497976.online.de\/brvblog_new\/wordpress\/wp-content\/uploads\/2016\/05\/Gesamtwertung-nach-1.-Lauf.pdf\" rel=\"\">Gesamtwertung nach 1. Lauf<\/a><\/p>\n<p>Lauf 2 &#8211; Sonntag, 15.05.2016<br \/>\n<a href=\"http:\/\/s490497976.online.de\/brvblog_new\/wordpress\/wp-content\/uploads\/2016\/05\/2.-Lauf-S\u00fcddeutsche-Meisterschaft-Erlangen-Tageswertung.pdf\" rel=\"\">2. Lauf S\u00fcddeutsche Meisterschaft Erlangen Tageswertung<\/a><br \/>\n<a href=\"http:\/\/s490497976.online.de\/brvblog_new\/wordpress\/wp-content\/uploads\/2016\/05\/Gesamtwertung-nach-2.-Lauf.pdf\" rel=\"\">Gesamtwertung nach 2. Lauf<\/a><\/p>\n","protected":false},"excerpt":{"rendered":"<p>Ergebnisse S\u00fcddeutsche Meisterschaft 2024 Weiterstadt S\u00fcddeutsche Meisterschaft 2024 Weiterstadt &#8211; Gesamtwertung nach Lauf 2 Lauf 2 &#8211; Sonntag 29.09.2024 S\u00fcddeutsche Meisterschaft 2024 Weiterstadt &#8211; Tageswertung Lauf 2 S\u00fcddeutsche Meisterschaft 2024 Weiterstadt &#8211; Ergebnis Race of the Champions S\u00fcddeutsche Meisterschaft 2024 Weiterstadt &#8211; schnellste Zeiten Lauf 2 Lauf 1 &#8211; Samstag 28.09.2024 S\u00fcddeutsche Meisterschaft 2024 Weiterstadt [&hellip;]<\/p>\n","protected":false},"author":5,"featured_media":0,"parent":0,"menu_order":0,"comment_status":"closed","ping_status":"closed","template":"","meta":{"jetpack_post_was_ever_published":false,"footnotes":""},"jetpack_sharing_enabled":true,"jetpack_shortlink":"https:\/\/wp.me\/P77Kxm-3B","jetpack-related-posts":[{"id":6,"url":"http:\/\/s490497976.online.de\/brvblog_new\/wordpress\/ergebnisse-bmx-bayernliga\/","url_meta":{"origin":223,"position":0},"title":"Ergebnisse BMX Bayernliga","author":"LFW","date":"12. Januar 2016","format":false,"excerpt":"Ergebnisse Bayernliga 2024 Lauf 10 Weilheim - Endlauf Gesamtwertung 10. Lauf Bayernliga 2024 Weilheim - Gesamtwertung Beginnerklassen 10. Lauf Bayernliga 2024 Weilheim - Gesamtwertung Lizenzklassen 10. Lauf Bayernliga 2024 Weilheim - Gesamtwertung Mannschaft Tageswertung 10. Lauf Bayernliga 2024 Weilheim - Tageswertung 10. Lauf Bayernliga 2024 Weilheim - Tageswertung Mannschaft 10.\u2026","rel":"","context":"\u00c4hnlicher Beitrag","block_context":{"text":"\u00c4hnlicher Beitrag","link":""},"img":{"alt_text":"","src":"","width":0,"height":0},"classes":[]},{"id":268,"url":"http:\/\/s490497976.online.de\/brvblog_new\/wordpress\/ergebnisse-adac-suedbayern-cup\/","url_meta":{"origin":223,"position":1},"title":"Ergebnisse ADAC S\u00fcdbayern Cup","author":"LFW","date":"24. Juli 2016","format":false,"excerpt":"ADAC S\u00fcdbayerische Meisterschaft 2024 6. Lauf Weilheim 6. Lauf ADAC S\u00fcdbayerische Meisterschaft Weilheim - Tageswertung 6. Lauf ADAC S\u00fcdbayerische Meisterschaft Weilheim - Gesamtwertung 6. Lauf ADAC S\u00fcdbayerische Meisterschaft Weilheim - Tageswertung Mannschaft 6. Lauf ADAC S\u00fcdbayerische Meisterschaft Weilheim - Gesamtwertung Mannschaft 6. Lauf ADAC S\u00fcdbayerische Meisterschaft Weilheim - Gesamtwertung einzelne\u2026","rel":"","context":"\u00c4hnlicher Beitrag","block_context":{"text":"\u00c4hnlicher Beitrag","link":""},"img":{"alt_text":"","src":"","width":0,"height":0},"classes":[]},{"id":80,"url":"http:\/\/s490497976.online.de\/brvblog_new\/wordpress\/reglements\/","url_meta":{"origin":223,"position":2},"title":"Reglements\/Ausschreibungen","author":"LFW","date":"15. Januar 2016","format":false,"excerpt":"2024 2024:Landesverbandsmeisterschaft Bayern in F\u00fcrstenfeldbruck am 28.04.2024 20240304_Ausschreibung Bayerische Meisterschaft 2024_V1 \u00a0 BMX-Bayernliga 2024: Bayernliga-Reglement 2024 final ACHTUNG: 6. Lauf findet am 14.07.2024 in Esselbach statt, nicht in Ingolstadt ACHTUNG: Nachholtermin 1. Lauf Kolbermoor 21.07.2024 F\u00fcr alle Rennen ist eine Online-Meldung erforderlich: Die entsprechenden Anleitungen zu den Onlinemeldungen sind hier\u2026","rel":"","context":"\u00c4hnlicher Beitrag","block_context":{"text":"\u00c4hnlicher Beitrag","link":""},"img":{"alt_text":"","src":"https:\/\/i0.wp.com\/s490497976.online.de\/brvblog_new\/wordpress\/wp-content\/uploads\/2024\/04\/Termine-Online-Meldung-2024-neu-300x140.jpg?resize=350%2C200","width":350,"height":200,"srcset":"https:\/\/i0.wp.com\/s490497976.online.de\/brvblog_new\/wordpress\/wp-content\/uploads\/2024\/04\/Termine-Online-Meldung-2024-neu-300x140.jpg?resize=350%2C200 1x, https:\/\/i0.wp.com\/s490497976.online.de\/brvblog_new\/wordpress\/wp-content\/uploads\/2024\/04\/Termine-Online-Meldung-2024-neu-300x140.jpg?resize=525%2C300 1.5x"},"classes":[]},{"id":13,"url":"http:\/\/s490497976.online.de\/brvblog_new\/wordpress\/ergebnisse-bayerische-meisterschaften\/","url_meta":{"origin":223,"position":3},"title":"Ergebnisse Bay. Meisterschaften","author":"LFW","date":"12. Januar 2016","format":false,"excerpt":"Ergebnisse Bayerische BMX Meisterschaft 2024 F\u00fcrstenfeldbruck Bayerische BMX Meisterschaft 2024 F\u00fcrstenfeldbruck - Tageswertung Bayerische BMX Meisterschaft 2024 F\u00fcrstenfeldbruck - Mannschaftstageswertung Bayerische BMX Meisterschaft 2024 F\u00fcrstenfeldbruck - schnellste FahrerInnen Ergebnisse Bayerische BMX Meisterschaft 2023 K\u00f6nigsbrunn Bayerische BMX Meisterschaft 2023 K\u00f6nigsbrunn - Ergebnisse Meisterschaft Bayerische BMX Meisterschaft 2023 K\u00f6nigsbrunn - Ergebnisse Vorl\u00e4ufe\u2026","rel":"","context":"\u00c4hnlicher Beitrag","block_context":{"text":"\u00c4hnlicher Beitrag","link":""},"img":{"alt_text":"","src":"","width":0,"height":0},"classes":[]},{"id":270,"url":"http:\/\/s490497976.online.de\/brvblog_new\/wordpress\/ergebnisse-bezirksmeisterschaften\/","url_meta":{"origin":223,"position":4},"title":"Sonstige Ergebnisse","author":"LFW","date":"24. Juli 2016","format":false,"excerpt":"Ergebnisse Bezirksmeisterschaften 2024 Ergebnisse Oberbayerische BMX Meisterschaft 2024 Pei\u00dfenberg Ergebnisse Bezirksmeisterschaften 2023 Ergebnisse Oberbayerische BMX-Meisterschaft 2023 F\u00fcrstenfeldbruck Ergebnisse Bezirksmeisterschaften 2022 Ergebnisse Oberbayerische BMX-Meisterschaft 2022 Weilheim Ergebnisse Bezirksmeisterschaften 2021 Ergebnis Oberbayerische Meisterschaft 19.\/20.06.2021 - Pei\u00dfenberg Ergebnisse Bezirksmeisterschaften 2019 Ergebnis Obb Meisterschaft 21.09.2019 Ergebnisse Bezirksmeisterschaften 2018 Ergebnis Oberbayerische Meisterschaft 31.03.2018 - Kolbermoor\u2026","rel":"","context":"\u00c4hnlicher Beitrag","block_context":{"text":"\u00c4hnlicher Beitrag","link":""},"img":{"alt_text":"","src":"","width":0,"height":0},"classes":[]},{"id":16,"url":"http:\/\/s490497976.online.de\/brvblog_new\/wordpress\/rennkalender-2024\/","url_meta":{"origin":223,"position":5},"title":"Rennkalender 2024","author":"LFW","date":"12. Januar 2016","format":false,"excerpt":"Folgende Rennen gehen in die Gesamtwertung der BMX-Bayernliga 2024 ein (Stand 29.01.2024 - vorl\u00e4ufige Termine): ACHTUNG: Nachholtermin 1. Lauf Kolbermoor 21.07.2024\u00a0 ACHTUNG: Rennen in Ingolstadt (14.07.)wird verlegt nach Esselbach!\u00a0 \u00a0 \u00a0 Bayerische BMX-Meisterschaft 2024 F\u00fcrstenfeldbruck- Sonntag, 28.04.2024 (Angaben ohne Gew\u00e4hr und \u00c4nderungen vorbehalten!)","rel":"","context":"\u00c4hnlicher Beitrag","block_context":{"text":"\u00c4hnlicher Beitrag","link":""},"img":{"alt_text":"","src":"https:\/\/i0.wp.com\/s490497976.online.de\/brvblog_new\/wordpress\/wp-content\/uploads\/2024\/06\/Termine-1024x407.png?resize=350%2C200","width":350,"height":200,"srcset":"https:\/\/i0.wp.com\/s490497976.online.de\/brvblog_new\/wordpress\/wp-content\/uploads\/2024\/06\/Termine-1024x407.png?resize=350%2C200 1x, https:\/\/i0.wp.com\/s490497976.online.de\/brvblog_new\/wordpress\/wp-content\/uploads\/2024\/06\/Termine-1024x407.png?resize=525%2C300 1.5x"},"classes":[]}],"_links":{"self":[{"href":"http:\/\/s490497976.online.de\/brvblog_new\/wordpress\/wp-json\/wp\/v2\/pages\/223"}],"collection":[{"href":"http:\/\/s490497976.online.de\/brvblog_new\/wordpress\/wp-json\/wp\/v2\/pages"}],"about":[{"href":"http:\/\/s490497976.online.de\/brvblog_new\/wordpress\/wp-json\/wp\/v2\/types\/page"}],"author":[{"embeddable":true,"href":"http:\/\/s490497976.online.de\/brvblog_new\/wordpress\/wp-json\/wp\/v2\/users\/5"}],"replies":[{"embeddable":true,"href":"http:\/\/s490497976.online.de\/brvblog_new\/wordpress\/wp-json\/wp\/v2\/comments?post=223"}],"version-history":[{"count":22,"href":"http:\/\/s490497976.online.de\/brvblog_new\/wordpress\/wp-json\/wp\/v2\/pages\/223\/revisions"}],"predecessor-version":[{"id":2335,"href":"http:\/\/s490497976.online.de\/brvblog_new\/wordpress\/wp-json\/wp\/v2\/pages\/223\/revisions\/2335"}],"wp:attachment":[{"href":"http:\/\/s490497976.online.de\/brvblog_new\/wordpress\/wp-json\/wp\/v2\/media?parent=223"}],"curies":[{"name":"wp","href":"https:\/\/api.w.org\/{rel}","templated":true}]}}