{"id":107,"date":"2015-02-08T12:39:36","date_gmt":"2015-02-08T12:39:36","guid":{"rendered":"http:\/\/crupishop.apps-1and1.net\/?page_id=107"},"modified":"2015-02-22T22:43:44","modified_gmt":"2015-02-22T21:43:44","slug":"paul-dietrich-2011","status":"publish","type":"page","link":"http:\/\/s490497976.online.de\/wordpress\/team-info\/paul-dietrich-2011\/","title":{"rendered":"paul dietrich &#8211; 2011"},"content":{"rendered":"<h5>Homepage: <a href=\"http:\/\/www.bmxpaule.de\" target=\"_blank\">www.bmxpaule.de<\/a><\/h5>\n<h5>Paul Dietrich begeisterte sich schon als Zweij\u00e4hriger f\u00fcr alles was zwei R\u00e4der hatte. Auf der KTM seines Vaters machte Paul seine ersten Offroad-Erfahrungen (als Beifahrer versteht sich).<br \/>\nMit 5 Jahren bekam Paul seine erstes BMX Rad und sein erstes kleines Motorrad. Was sich durchsetzen konnte ist wohl offensichtlich\u2026 das BMX Rad.<\/h5>\n<h5>2003 im Alter von 7 Jahren ging Paul mit einem Freestyle-BMX-Bike und einem Motorradhelm zum erstenmal zu einem BMX-Race an den Start. Beim Anf\u00e4ngerrennen in Schwedt belegte er Platz 4. Seine Begeisterung hielt sich in Grenzen\u2026 Platz 4, eine Urkunde\u2026 er wollte mehr.<\/h5>\n<h5>2004 startete Paul mit Lizenz in der Altersgruppe U9 und einem richtigen BMX-Race-Bike. Bei fast jedem Rennen stand Paul auf dem Podest und konnte so seine ersten Pokale einfahren. Er wurde im BMX Nachwuchscup Gesamt 4. und beim BMX Deutschlandcup landete er auf Platz 3.<\/h5>\n<h5>2005 sahen die Ergebnisse schon etwas anders aus. Als Aufsteiger in seiner Altersklasse U11 war die Konkurrenz noch zu stark f\u00fcr ihn. Im Nachwuchs- und im Deutschlandcup erk\u00e4mpfte er sich den 7. Rang. Mehr Training stand auf der Tagesordnung.<br \/>\n2006 ging Paul in der Altersklasse U11 an den Start. Sein intensives Training auf der Heimbahn in Plessa und sein Ergeiz spiegelten sich in den Ergebnissen des Jahrs wieder. Platz 2 in der Gesamtwertung U11 der BMX-Bundesliga und auch Platz 2 beim Deutschlandcup. Seine M\u00fche wurde in diesem Jahr mit einer extra Ehrung belohnt. Paul wurde zum Nachwuchssportler des Jahres 2006 des Landkreises Elbe-Elster gew\u00e4hlt.<\/h5>\n<h5>2007 Start in der Altersklasse U13. Dies war ein sehr durchwachsendes Jahr. Los ging es im Februar mit der Teilnahme an den Danish Indoor in Fredericia, wo es f\u00fcr eine gute Platzierung nicht reichte. Bei den Bundesligal\u00e4ufen fuhr Paul Platzierungen von 1 bis 15 ein. Es war alles dabei. Beim Bundesligalauf 7 in Plessa st\u00fcrzte Paul im Finallauf. 20 Meter vor dem Ziel an 2. Stelle schlie\u00dflich das Aus f\u00fcr ihn. Nach einem verheerenden Abgang \u00fcber den Lenker war es dann Gott sei dank doch \u201enur&#8220; ein Oberarmbruch. Er erreichte trotz allem in der Gesamtwertung Platz 5. Beim Deutschlandcup in Weiterstadt sicherte er sich den 3. Platz.<\/h5>\n<h5>2008 wurde f\u00fcr Paul das bisher erfolgreichste Jahr. Nocheinmal der Start in der Altersklasse U13 und auch in diesem Jahr ging es in Fredericia los. Diesmal reichte es wenigstens f\u00fcrs Viertelfinale aber es gibt noch viel zu tun. In neun Bundesligal\u00e4ufen erk\u00e4mpfte er sich achtmal Platz 1. und einmal den 3. Rang. Die Deutschen BMX Meisterschaften bzw der BMX Deutschlandcup wurden 2008 in Bremen ausgerichtet, wo Paul sich in allen L\u00e4ufen gegen seine Konkurenz durchsetzen konnte. Das hiess Platz 1 in der Altersklasse U13.<\/h5>\n<h5>2009 &#8211; Sch\u00fcler<br \/>\nIn diesem Jahr ging Paul als Aufsteiger in der Sch\u00fclerklasse an den Start. Nach l\u00e4ngerer Krankheit am Anfang des Jahres sollte diese Saison f\u00fcr Paul einen recht entt\u00e4uschenden Anfang nehmen. Bei den ersten Bundesligal\u00e4ufen in K\u00f6nigsbrunn konnte Paul ersteinmal nicht an seine Vorjahreserfolge anschliessen. Doch Rennen f\u00fcr Rennen hat Paul zu seiner alten Form zur\u00fcck gefunden. In der Gesamtwertung des BMX Nachwuchs Cup reichte es am Jahresende f\u00fcr Platz 4. Bei der Deutschen BMX Meisterschaft, die in diesem Jahr auf Pauls Heimbahn in Plessa stattfand, konnte er sich den 3. Podiumsplatz sichern. International ging Paul bei den EM-L\u00e4ufen in Klatovy (Tschechien) und Fredericia (D\u00e4nemark) an den Start. Seit dem 01.09.2009 besucht Paul die Lausitzer Sportschule in Cottbus und trainiert in der BMX-Trainingsgruppe des Olympiast\u00fctzpunktes Brandenburg.<\/h5>\n<h5>2010 &#8211; Sch\u00fcler<br \/>\nDieses Jahr sollte f\u00fcr Paul eine turbulente BMX-Saison werden. Los ging es mit einem vierzehnt\u00e4gigen intensivem Training in S\u00fcdfrankreich. Mit der Trainingsgruppe des OSP-Brandenburg trainierte Paul in Sainte Maxime, Fr\u00e9jus und Pugetin. Start der Rennsaison 2010 war der EM-Lauf in Besancon (FRA). Hier konnte Paul international zum Erstenmal ins Halbfinale fahren wo er dann aber durch einen Crash gestoppt wurde. Und so sollte es dann auch leider weitergehen. Am darauffolgenden Bundesliga-Wochenende in Bremen, sollte sich diese Pechstr\u00e4hne wiederholen. Paul st\u00fcrzte am zweiten Renntag im Training so heftig das die Diagnose Schlusselbeinbruch hie\u00df. Sechs Wochen Totalausfall f\u00fcr Paul. Mit zwei ersten Pl\u00e4tzen bei den Bundesliga-L\u00e4ufen in Weilheim, stieg Paul mit einem furiosen Comeback wieder ins Renngeschehen ein. EM-Lauf 7 und 8 in Valkenswaard (NL) standen f\u00fcr Paul auch auf dem Programm. Hier sollte das beste Ergebniss wieder das erreichen des Halbfinales am zweiten Renntag sein. Mit der Deutschen BMX Meisterschaften, die in diesem Jahr in Erlangen ausgerichtet wurde, fand die Saison f\u00fcr Paul ihren H\u00f6hepunkt\u2026 Deutscher BMX Meister 2010 in der Sch\u00fcler Klasse.<\/h5>\n<h5><\/h5>\n","protected":false},"excerpt":{"rendered":"<p>Homepage: www.bmxpaule.de Paul Dietrich begeisterte sich schon als Zweij\u00e4hriger f\u00fcr alles was zwei R\u00e4der hatte. Auf der KTM seines Vaters machte Paul seine ersten Offroad-Erfahrungen (als Beifahrer versteht sich). Mit 5 Jahren bekam Paul seine erstes BMX Rad und sein erstes kleines Motorrad. Was sich durchsetzen konnte ist wohl offensichtlich\u2026 das BMX Rad. 2003 im&#8230; <\/p>\n<div class=\"read-more navbutton\"><a href=\"http:\/\/s490497976.online.de\/wordpress\/team-info\/paul-dietrich-2011\/\">Read More<i class=\"fa fa-angle-double-right\"><\/i><\/a><\/div>\n","protected":false},"author":1,"featured_media":0,"parent":27,"menu_order":16,"comment_status":"closed","ping_status":"closed","template":"","meta":{"_mi_skip_tracking":false,"jetpack_post_was_ever_published":false},"yoast_head":"<!-- This site is optimized with the Yoast SEO plugin v19.11 - https:\/\/yoast.com\/wordpress\/plugins\/seo\/ -->\n<title>paul dietrich - 2011 - BMX-Racing Germany<\/title>\n<meta name=\"robots\" content=\"index, follow, max-snippet:-1, max-image-preview:large, max-video-preview:-1\" \/>\n<link rel=\"canonical\" href=\"http:\/\/s490497976.online.de\/wordpress\/team-info\/paul-dietrich-2011\/\" \/>\n<meta property=\"og:locale\" content=\"de_DE\" \/>\n<meta property=\"og:type\" content=\"article\" \/>\n<meta property=\"og:title\" content=\"paul dietrich - 2011 - BMX-Racing Germany\" \/>\n<meta property=\"og:description\" content=\"Homepage: www.bmxpaule.de Paul Dietrich begeisterte sich schon als Zweij\u00e4hriger f\u00fcr alles was zwei R\u00e4der hatte. Auf der KTM seines Vaters machte Paul seine ersten Offroad-Erfahrungen (als Beifahrer versteht sich). Mit 5 Jahren bekam Paul seine erstes BMX Rad und sein erstes kleines Motorrad. Was sich durchsetzen konnte ist wohl offensichtlich\u2026 das BMX Rad. 2003 im... Read More\" \/>\n<meta property=\"og:url\" content=\"http:\/\/s490497976.online.de\/wordpress\/team-info\/paul-dietrich-2011\/\" \/>\n<meta property=\"og:site_name\" content=\"BMX-Racing Germany\" \/>\n<meta property=\"article:modified_time\" content=\"2015-02-22T21:43:44+00:00\" \/>\n<meta name=\"twitter:label1\" content=\"Gesch\u00e4tzte Lesezeit\" \/>\n\t<meta name=\"twitter:data1\" content=\"4\u00a0Minuten\" \/>\n<script type=\"application\/ld+json\" class=\"yoast-schema-graph\">{\"@context\":\"https:\/\/schema.org\",\"@graph\":[{\"@type\":\"WebPage\",\"@id\":\"http:\/\/s490497976.online.de\/wordpress\/team-info\/paul-dietrich-2011\/\",\"url\":\"http:\/\/s490497976.online.de\/wordpress\/team-info\/paul-dietrich-2011\/\",\"name\":\"paul dietrich - 2011 - BMX-Racing Germany\",\"isPartOf\":{\"@id\":\"http:\/\/s490497976.online.de\/wordpress\/#website\"},\"datePublished\":\"2015-02-08T12:39:36+00:00\",\"dateModified\":\"2015-02-22T21:43:44+00:00\",\"breadcrumb\":{\"@id\":\"http:\/\/s490497976.online.de\/wordpress\/team-info\/paul-dietrich-2011\/#breadcrumb\"},\"inLanguage\":\"de\",\"potentialAction\":[{\"@type\":\"ReadAction\",\"target\":[\"http:\/\/s490497976.online.de\/wordpress\/team-info\/paul-dietrich-2011\/\"]}]},{\"@type\":\"BreadcrumbList\",\"@id\":\"http:\/\/s490497976.online.de\/wordpress\/team-info\/paul-dietrich-2011\/#breadcrumb\",\"itemListElement\":[{\"@type\":\"ListItem\",\"position\":1,\"name\":\"Home\",\"item\":\"http:\/\/s490497976.online.de\/wordpress\/\"},{\"@type\":\"ListItem\",\"position\":2,\"name\":\"team info\",\"item\":\"http:\/\/s490497976.online.de\/wordpress\/team-info\/\"},{\"@type\":\"ListItem\",\"position\":3,\"name\":\"paul dietrich &#8211; 2011\"}]},{\"@type\":\"WebSite\",\"@id\":\"http:\/\/s490497976.online.de\/wordpress\/#website\",\"url\":\"http:\/\/s490497976.online.de\/wordpress\/\",\"name\":\"BMX-Racing Germany\",\"description\":\"Welcome to CRUPI-Team-Germany!\",\"potentialAction\":[{\"@type\":\"SearchAction\",\"target\":{\"@type\":\"EntryPoint\",\"urlTemplate\":\"http:\/\/s490497976.online.de\/wordpress\/?s={search_term_string}\"},\"query-input\":\"required name=search_term_string\"}],\"inLanguage\":\"de\"}]}<\/script>\n<!-- \/ Yoast SEO plugin. -->","yoast_head_json":{"title":"paul dietrich - 2011 - BMX-Racing Germany","robots":{"index":"index","follow":"follow","max-snippet":"max-snippet:-1","max-image-preview":"max-image-preview:large","max-video-preview":"max-video-preview:-1"},"canonical":"http:\/\/s490497976.online.de\/wordpress\/team-info\/paul-dietrich-2011\/","og_locale":"de_DE","og_type":"article","og_title":"paul dietrich - 2011 - BMX-Racing Germany","og_description":"Homepage: www.bmxpaule.de Paul Dietrich begeisterte sich schon als Zweij\u00e4hriger f\u00fcr alles was zwei R\u00e4der hatte. Auf der KTM seines Vaters machte Paul seine ersten Offroad-Erfahrungen (als Beifahrer versteht sich). Mit 5 Jahren bekam Paul seine erstes BMX Rad und sein erstes kleines Motorrad. Was sich durchsetzen konnte ist wohl offensichtlich\u2026 das BMX Rad. 2003 im... Read More","og_url":"http:\/\/s490497976.online.de\/wordpress\/team-info\/paul-dietrich-2011\/","og_site_name":"BMX-Racing Germany","article_modified_time":"2015-02-22T21:43:44+00:00","twitter_misc":{"Gesch\u00e4tzte Lesezeit":"4\u00a0Minuten"},"schema":{"@context":"https:\/\/schema.org","@graph":[{"@type":"WebPage","@id":"http:\/\/s490497976.online.de\/wordpress\/team-info\/paul-dietrich-2011\/","url":"http:\/\/s490497976.online.de\/wordpress\/team-info\/paul-dietrich-2011\/","name":"paul dietrich - 2011 - BMX-Racing Germany","isPartOf":{"@id":"http:\/\/s490497976.online.de\/wordpress\/#website"},"datePublished":"2015-02-08T12:39:36+00:00","dateModified":"2015-02-22T21:43:44+00:00","breadcrumb":{"@id":"http:\/\/s490497976.online.de\/wordpress\/team-info\/paul-dietrich-2011\/#breadcrumb"},"inLanguage":"de","potentialAction":[{"@type":"ReadAction","target":["http:\/\/s490497976.online.de\/wordpress\/team-info\/paul-dietrich-2011\/"]}]},{"@type":"BreadcrumbList","@id":"http:\/\/s490497976.online.de\/wordpress\/team-info\/paul-dietrich-2011\/#breadcrumb","itemListElement":[{"@type":"ListItem","position":1,"name":"Home","item":"http:\/\/s490497976.online.de\/wordpress\/"},{"@type":"ListItem","position":2,"name":"team info","item":"http:\/\/s490497976.online.de\/wordpress\/team-info\/"},{"@type":"ListItem","position":3,"name":"paul dietrich &#8211; 2011"}]},{"@type":"WebSite","@id":"http:\/\/s490497976.online.de\/wordpress\/#website","url":"http:\/\/s490497976.online.de\/wordpress\/","name":"BMX-Racing Germany","description":"Welcome to CRUPI-Team-Germany!","potentialAction":[{"@type":"SearchAction","target":{"@type":"EntryPoint","urlTemplate":"http:\/\/s490497976.online.de\/wordpress\/?s={search_term_string}"},"query-input":"required name=search_term_string"}],"inLanguage":"de"}]}},"jetpack_sharing_enabled":true,"jetpack_shortlink":"https:\/\/wp.me\/P7nO8R-1J","_links":{"self":[{"href":"http:\/\/s490497976.online.de\/wordpress\/wp-json\/wp\/v2\/pages\/107"}],"collection":[{"href":"http:\/\/s490497976.online.de\/wordpress\/wp-json\/wp\/v2\/pages"}],"about":[{"href":"http:\/\/s490497976.online.de\/wordpress\/wp-json\/wp\/v2\/types\/page"}],"author":[{"embeddable":true,"href":"http:\/\/s490497976.online.de\/wordpress\/wp-json\/wp\/v2\/users\/1"}],"replies":[{"embeddable":true,"href":"http:\/\/s490497976.online.de\/wordpress\/wp-json\/wp\/v2\/comments?post=107"}],"version-history":[{"count":1,"href":"http:\/\/s490497976.online.de\/wordpress\/wp-json\/wp\/v2\/pages\/107\/revisions"}],"predecessor-version":[{"id":347,"href":"http:\/\/s490497976.online.de\/wordpress\/wp-json\/wp\/v2\/pages\/107\/revisions\/347"}],"up":[{"embeddable":true,"href":"http:\/\/s490497976.online.de\/wordpress\/wp-json\/wp\/v2\/pages\/27"}],"wp:attachment":[{"href":"http:\/\/s490497976.online.de\/wordpress\/wp-json\/wp\/v2\/media?parent=107"}],"curies":[{"name":"wp","href":"https:\/\/api.w.org\/{rel}","templated":true}]}}