{"id":109,"date":"2015-02-08T12:41:02","date_gmt":"2015-02-08T12:41:02","guid":{"rendered":"http:\/\/crupishop.apps-1and1.net\/?page_id=109"},"modified":"2015-02-22T22:43:28","modified_gmt":"2015-02-22T21:43:28","slug":"stephan-dorn-2011","status":"publish","type":"page","link":"http:\/\/s490497976.online.de\/wordpress\/team-info\/stephan-dorn-2011\/","title":{"rendered":"stephan dorn &#8211; 2011"},"content":{"rendered":"<h5>Stephan Dorn begann im Alter von 7 Jahren mit dem BMX-Sport. Schnell zeichnete sich ab, dass er neben der Begeisterung f\u00fcr diesen Sport auch eine geh\u00f6rige Portion Talent mit brachte.<\/h5>\n<h5>In den Jahren 1998 und 1999 startete Stephan in den Anf\u00e4ngerklassen seiner Altersgruppe und war von Anfang an ganz vorn dabei. Nach fast jedem Rennen stand er bei der Siegerehrung auf dem Podest.<\/h5>\n<h5>Im Jahr 2000 stieg Stephan in den Lizenzsport ein. Da er zudem der j\u00fcngere Jahrgang seiner Doppelklasse war, beendete er diese Saison sowohl regional als auch national im Mittelfeld.<\/h5>\n<h5>2001 sah dies schon anders aus. Stephan Dorn wurde Bayerischer Meister, fuhr im Deutschlandpokal auf Platz 3 und beendete die Bundesnachwuchsrangliste auf dem sensationellen 2. Gesamtrang. Da er von 9 nur 7 Rennen fahren konnte, belegte er im Bayernpokal \u201enur&#8220; Platz 4.<\/h5>\n<h5>2002 musste Stephan wieder als j\u00fcngerer Jahrgang antreten. Dies schlug sich auch in den Ergebnissen nieder. Den Bayernpokal beendete er auf Platz 2, bei der Bayerischen Meisterschaft wurde er immerhin Dritter, im Deutschlandpokal verpasste er nur knapp das Finale und wurde 9. In der Bundesrangliste fand er sich auf Rang 8 wieder und schaffte es bei der Europameisterschaft bis ins Achtelfinale.<\/h5>\n<h5>2003 wurde ein erfolgreiches Jahr. Stephan wurde Bayerischer Meister und Deutscher Meister, gewann die Bundesrangliste in seiner Klasse. Bei der Europameisterschaft gelangte er bis ins Halbfinale, Platz 9 war das Endergebnis. Au\u00dferdem wurde Stephan zum BMX-Nachwuchssportler des Jahres 2003 gew\u00e4hlt.<\/h5>\n<h5>2004 zeigte sich, dass Stephan sich weiter entwickelt hat. Trotz der Tatsache, als j\u00fcngerer Jahrgang in der deutschen Sch\u00fclerklasse zu starten, schaffte er den Bayerischen Meistertitel, wurde bei der deutschen Meisterschaft durch einen Sturz ausgebremst, belegte aber trotzdem noch Platz 4.. Die Bundesrangliste beendete er mit dem 2. Platz. Das bisher beste Ergebnis erzielte Stephan bei der Europameisterschaft, als er sich auf den 3. Platz nach vorn fuhr. Bei seiner ersten Weltmeisterschaft erreichte er auf Anhieb das Halbfinale. Seit Beginn des Jahres ist der damals 13-j\u00e4hrige Mitglied des BMX-Bundesnachwuchskaders.<\/h5>\n<h5>2005 wurde Stephan Bayerischer Meister, er gewann die Bundesrangliste der Sch\u00fcler mit Vorsprung. Bei der Europameisterschaft belegte er wiederum den 3. Platz, die Weltmeisterschaft beendete er mit dem hervorragenden Platz. 9. Zu Beginn des Jahres wurde Stephan Mitglied der Leistungsgruppe Bayern.<br \/>\n2006 war Stephan wieder als j\u00fcngerer diesmal in der Jugendklasse unterwegs, er wurde trotzdem Bayerischer Meister in beiden Radklassen ( 20&#8243; und 24&#8243;), Deutscher Vizemeister in der 20&#8243; Klasse und Deutscher Meister in der 24&#8243; Klasse. Au\u00dferdem gewann er die Bundesrangliste mit enormen Vorsprung. Lediglich ein Rennen dieser aus 10 L\u00e4ufen bestehenden Serie beendete er nicht auf Platz 1! Bei der Europameisterschaft in England belegte er Platz 10, bei der Weltmeisterschaft in Brasilien erreichte er das Halbfinale.<\/h5>\n<h5>2007 erlitt Stephan am Anfang der Saison bei einem Race eine Kieferfraktur und musste einige Wochen pausieren. Trotzdem wurde er wieder in beiden Radklassen Deutscher Meister!<\/h5>\n<h5>2008 wechselte Stephan auf eigenen Wunsch in die Eliteklasse und hatte sich dort schon etabliert, als ihn ein Verkehrsunfall mit einer Oberschenkelfraktur wieder zu einer Pause zwang. Inzwischen trainiert er wieder und hat vor im n\u00e4chsten Jahr wieder vorne mitzumischen.<\/h5>\n<h5><\/h5>\n","protected":false},"excerpt":{"rendered":"<p>Stephan Dorn begann im Alter von 7 Jahren mit dem BMX-Sport. Schnell zeichnete sich ab, dass er neben der Begeisterung f\u00fcr diesen Sport auch eine geh\u00f6rige Portion Talent mit brachte. In den Jahren 1998 und 1999 startete Stephan in den Anf\u00e4ngerklassen seiner Altersgruppe und war von Anfang an ganz vorn dabei. Nach fast jedem Rennen&#8230; <\/p>\n<div class=\"read-more navbutton\"><a href=\"http:\/\/s490497976.online.de\/wordpress\/team-info\/stephan-dorn-2011\/\">Read More<i class=\"fa fa-angle-double-right\"><\/i><\/a><\/div>\n","protected":false},"author":1,"featured_media":0,"parent":27,"menu_order":15,"comment_status":"closed","ping_status":"closed","template":"","meta":{"_mi_skip_tracking":false,"jetpack_post_was_ever_published":false},"yoast_head":"<!-- This site is optimized with the Yoast SEO plugin v19.11 - https:\/\/yoast.com\/wordpress\/plugins\/seo\/ -->\n<title>stephan dorn - 2011 - BMX-Racing Germany<\/title>\n<meta name=\"robots\" content=\"index, follow, max-snippet:-1, max-image-preview:large, max-video-preview:-1\" \/>\n<link rel=\"canonical\" href=\"http:\/\/s490497976.online.de\/wordpress\/team-info\/stephan-dorn-2011\/\" \/>\n<meta property=\"og:locale\" content=\"de_DE\" \/>\n<meta property=\"og:type\" content=\"article\" \/>\n<meta property=\"og:title\" content=\"stephan dorn - 2011 - BMX-Racing Germany\" \/>\n<meta property=\"og:description\" content=\"Stephan Dorn begann im Alter von 7 Jahren mit dem BMX-Sport. Schnell zeichnete sich ab, dass er neben der Begeisterung f\u00fcr diesen Sport auch eine geh\u00f6rige Portion Talent mit brachte. In den Jahren 1998 und 1999 startete Stephan in den Anf\u00e4ngerklassen seiner Altersgruppe und war von Anfang an ganz vorn dabei. Nach fast jedem Rennen... Read More\" \/>\n<meta property=\"og:url\" content=\"http:\/\/s490497976.online.de\/wordpress\/team-info\/stephan-dorn-2011\/\" \/>\n<meta property=\"og:site_name\" content=\"BMX-Racing Germany\" \/>\n<meta property=\"article:modified_time\" content=\"2015-02-22T21:43:28+00:00\" \/>\n<meta name=\"twitter:label1\" content=\"Gesch\u00e4tzte Lesezeit\" \/>\n\t<meta name=\"twitter:data1\" content=\"2\u00a0Minuten\" \/>\n<script type=\"application\/ld+json\" class=\"yoast-schema-graph\">{\"@context\":\"https:\/\/schema.org\",\"@graph\":[{\"@type\":\"WebPage\",\"@id\":\"http:\/\/s490497976.online.de\/wordpress\/team-info\/stephan-dorn-2011\/\",\"url\":\"http:\/\/s490497976.online.de\/wordpress\/team-info\/stephan-dorn-2011\/\",\"name\":\"stephan dorn - 2011 - BMX-Racing Germany\",\"isPartOf\":{\"@id\":\"http:\/\/s490497976.online.de\/wordpress\/#website\"},\"datePublished\":\"2015-02-08T12:41:02+00:00\",\"dateModified\":\"2015-02-22T21:43:28+00:00\",\"breadcrumb\":{\"@id\":\"http:\/\/s490497976.online.de\/wordpress\/team-info\/stephan-dorn-2011\/#breadcrumb\"},\"inLanguage\":\"de\",\"potentialAction\":[{\"@type\":\"ReadAction\",\"target\":[\"http:\/\/s490497976.online.de\/wordpress\/team-info\/stephan-dorn-2011\/\"]}]},{\"@type\":\"BreadcrumbList\",\"@id\":\"http:\/\/s490497976.online.de\/wordpress\/team-info\/stephan-dorn-2011\/#breadcrumb\",\"itemListElement\":[{\"@type\":\"ListItem\",\"position\":1,\"name\":\"Home\",\"item\":\"http:\/\/s490497976.online.de\/wordpress\/\"},{\"@type\":\"ListItem\",\"position\":2,\"name\":\"team info\",\"item\":\"http:\/\/s490497976.online.de\/wordpress\/team-info\/\"},{\"@type\":\"ListItem\",\"position\":3,\"name\":\"stephan dorn &#8211; 2011\"}]},{\"@type\":\"WebSite\",\"@id\":\"http:\/\/s490497976.online.de\/wordpress\/#website\",\"url\":\"http:\/\/s490497976.online.de\/wordpress\/\",\"name\":\"BMX-Racing Germany\",\"description\":\"Welcome to CRUPI-Team-Germany!\",\"potentialAction\":[{\"@type\":\"SearchAction\",\"target\":{\"@type\":\"EntryPoint\",\"urlTemplate\":\"http:\/\/s490497976.online.de\/wordpress\/?s={search_term_string}\"},\"query-input\":\"required name=search_term_string\"}],\"inLanguage\":\"de\"}]}<\/script>\n<!-- \/ Yoast SEO plugin. -->","yoast_head_json":{"title":"stephan dorn - 2011 - BMX-Racing Germany","robots":{"index":"index","follow":"follow","max-snippet":"max-snippet:-1","max-image-preview":"max-image-preview:large","max-video-preview":"max-video-preview:-1"},"canonical":"http:\/\/s490497976.online.de\/wordpress\/team-info\/stephan-dorn-2011\/","og_locale":"de_DE","og_type":"article","og_title":"stephan dorn - 2011 - BMX-Racing Germany","og_description":"Stephan Dorn begann im Alter von 7 Jahren mit dem BMX-Sport. Schnell zeichnete sich ab, dass er neben der Begeisterung f\u00fcr diesen Sport auch eine geh\u00f6rige Portion Talent mit brachte. In den Jahren 1998 und 1999 startete Stephan in den Anf\u00e4ngerklassen seiner Altersgruppe und war von Anfang an ganz vorn dabei. Nach fast jedem Rennen... Read More","og_url":"http:\/\/s490497976.online.de\/wordpress\/team-info\/stephan-dorn-2011\/","og_site_name":"BMX-Racing Germany","article_modified_time":"2015-02-22T21:43:28+00:00","twitter_misc":{"Gesch\u00e4tzte Lesezeit":"2\u00a0Minuten"},"schema":{"@context":"https:\/\/schema.org","@graph":[{"@type":"WebPage","@id":"http:\/\/s490497976.online.de\/wordpress\/team-info\/stephan-dorn-2011\/","url":"http:\/\/s490497976.online.de\/wordpress\/team-info\/stephan-dorn-2011\/","name":"stephan dorn - 2011 - BMX-Racing Germany","isPartOf":{"@id":"http:\/\/s490497976.online.de\/wordpress\/#website"},"datePublished":"2015-02-08T12:41:02+00:00","dateModified":"2015-02-22T21:43:28+00:00","breadcrumb":{"@id":"http:\/\/s490497976.online.de\/wordpress\/team-info\/stephan-dorn-2011\/#breadcrumb"},"inLanguage":"de","potentialAction":[{"@type":"ReadAction","target":["http:\/\/s490497976.online.de\/wordpress\/team-info\/stephan-dorn-2011\/"]}]},{"@type":"BreadcrumbList","@id":"http:\/\/s490497976.online.de\/wordpress\/team-info\/stephan-dorn-2011\/#breadcrumb","itemListElement":[{"@type":"ListItem","position":1,"name":"Home","item":"http:\/\/s490497976.online.de\/wordpress\/"},{"@type":"ListItem","position":2,"name":"team info","item":"http:\/\/s490497976.online.de\/wordpress\/team-info\/"},{"@type":"ListItem","position":3,"name":"stephan dorn &#8211; 2011"}]},{"@type":"WebSite","@id":"http:\/\/s490497976.online.de\/wordpress\/#website","url":"http:\/\/s490497976.online.de\/wordpress\/","name":"BMX-Racing Germany","description":"Welcome to CRUPI-Team-Germany!","potentialAction":[{"@type":"SearchAction","target":{"@type":"EntryPoint","urlTemplate":"http:\/\/s490497976.online.de\/wordpress\/?s={search_term_string}"},"query-input":"required name=search_term_string"}],"inLanguage":"de"}]}},"jetpack_sharing_enabled":true,"jetpack_shortlink":"https:\/\/wp.me\/P7nO8R-1L","_links":{"self":[{"href":"http:\/\/s490497976.online.de\/wordpress\/wp-json\/wp\/v2\/pages\/109"}],"collection":[{"href":"http:\/\/s490497976.online.de\/wordpress\/wp-json\/wp\/v2\/pages"}],"about":[{"href":"http:\/\/s490497976.online.de\/wordpress\/wp-json\/wp\/v2\/types\/page"}],"author":[{"embeddable":true,"href":"http:\/\/s490497976.online.de\/wordpress\/wp-json\/wp\/v2\/users\/1"}],"replies":[{"embeddable":true,"href":"http:\/\/s490497976.online.de\/wordpress\/wp-json\/wp\/v2\/comments?post=109"}],"version-history":[{"count":1,"href":"http:\/\/s490497976.online.de\/wordpress\/wp-json\/wp\/v2\/pages\/109\/revisions"}],"predecessor-version":[{"id":346,"href":"http:\/\/s490497976.online.de\/wordpress\/wp-json\/wp\/v2\/pages\/109\/revisions\/346"}],"up":[{"embeddable":true,"href":"http:\/\/s490497976.online.de\/wordpress\/wp-json\/wp\/v2\/pages\/27"}],"wp:attachment":[{"href":"http:\/\/s490497976.online.de\/wordpress\/wp-json\/wp\/v2\/media?parent=109"}],"curies":[{"name":"wp","href":"https:\/\/api.w.org\/{rel}","templated":true}]}}