{"id":111,"date":"2015-02-08T12:42:21","date_gmt":"2015-02-08T12:42:21","guid":{"rendered":"http:\/\/crupishop.apps-1and1.net\/?page_id=111"},"modified":"2015-02-23T00:26:49","modified_gmt":"2015-02-22T23:26:49","slug":"axel-roth-2010","status":"publish","type":"page","link":"http:\/\/s490497976.online.de\/wordpress\/team-info\/axel-roth-2010\/","title":{"rendered":"axel roth &#8211; 2010"},"content":{"rendered":"<h5>Im Alter von 9 Jahre begann ich mit dem BMX fahren. Nach ein paar Monaten Training startete ich im September bei meinem ersten Anf\u00e4ngerrennen in der Klasse U11.<br \/>\nNachdem ich bei den Anf\u00e4ngerrennen meist auf den vorderen Pl\u00e4tzen mitfuhr, war f\u00fcr mich schnell klar in der n\u00e4chsten Saison als Lizenzfahrer zu Starten.<\/h5>\n<h5>In meinem ersten Jahr als Lizenzfahrer startete ich als j\u00fcngerer Jahrgang in der Klasse U13.<br \/>\nDieses Jahr war f\u00fcr mich noch ein Aufbaujahr, ich nahm noch an mehr Bayernpokal als Bundesligarennen teil. Die Saison schloss ich mit einem 29 Platz in der Bundesligarangliste und meiner ersten Teilnahme an der Deutschen BMX-Meisterschaft in Betzingen ab.<\/h5>\n<h5>2006 startete ich als \u00c4ltererjahrgang in der Klasse U13. Diese Saison war bis dahin meine Erfolgreichste. Ich fuhr bei Bundesliga- und Bayernpokalrennen immer um die vorderen Pl\u00e4tze mit. Die Saison beendete ich mit einem 9. Platz bei den Deutschen BMX-Meisterschaften in Weilheim. In der Bundesligarangliste belegte ich in diesem Jahr den 5 Platz.<\/h5>\n<h5>Als Aufsteiger in die Sch\u00fclerklasse war 2007 war wieder ein h\u00e4rteres Jahr f\u00fcr mich. K\u00f6rperlich den \u00c4lteren unterlegen k\u00e4mpfte ich mich trotzdem \u00f6fters in die Finall\u00e4ufe vor.<br \/>\nIn dieser Saison belegte ich den 20. Platz der Bundesligarangliste.<br \/>\nNicht so gut lief es in diesem Jahr bei der Deutschenmeisterschaft, beim Kampf um den Einzug ins Finale st\u00fcrzte ich mit zwei anderen Fahrern und wurde nur 9 bei der Deutschen BMX-Meisterschaft.<\/h5>\n<h5>Sp\u00e4ter stellte sich heraus, dass ich mir bei meinem Sturz das Kahnbein gebrochen hatte. Ich musste daraufhin an der Hand operiert werden und konnte den ganzen Winter bis zum Fr\u00fchjahr nicht trainieren.<\/h5>\n<h5>2008 sollte dann mein Jahr werden. Ob in der Bundesliga oder bei Bayernpokalrennen, in diesem Jahr war ich immer auf dem Siegerpodest vertreten.<br \/>\nIch beendete die Saison als Erster der BMX-Bundesliga und als Deutscher Vizemeister. Im Bayernpokal wurde ich Zweiter der Gesamtwertung und Bayerischer-Vizemeister.<\/h5>\n<h5>2009 konnte ich an die Erfolge der Vorsaison anschlie\u00dfen. Mit 2 Vizemeistertiteln konnte ich aus Plessa heimkehren. Dies alles in der Klasse Jugend alsj\u00fcngerer Jahrgang. Im Jahr 2010 erfolgte die freiwillige H\u00f6herstufung in die Klasse Junior Men. Aber auch hier konnte ich mir erneut die gleichen R\u00e4nge im Rahmen der Deutschen Meisterschaft sichern.<\/h5>\n<h5><\/h5>\n<h5><\/h5>\n<h5><\/h5>\n","protected":false},"excerpt":{"rendered":"<p>Im Alter von 9 Jahre begann ich mit dem BMX fahren. Nach ein paar Monaten Training startete ich im September bei meinem ersten Anf\u00e4ngerrennen in der Klasse U11. Nachdem ich bei den Anf\u00e4ngerrennen meist auf den vorderen Pl\u00e4tzen mitfuhr, war f\u00fcr mich schnell klar in der n\u00e4chsten Saison als Lizenzfahrer zu Starten. In meinem ersten&#8230; <\/p>\n<div class=\"read-more navbutton\"><a href=\"http:\/\/s490497976.online.de\/wordpress\/team-info\/axel-roth-2010\/\">Read More<i class=\"fa fa-angle-double-right\"><\/i><\/a><\/div>\n","protected":false},"author":1,"featured_media":0,"parent":27,"menu_order":17,"comment_status":"closed","ping_status":"closed","template":"","meta":{"_mi_skip_tracking":false,"jetpack_post_was_ever_published":false},"yoast_head":"<!-- This site is optimized with the Yoast SEO plugin v19.11 - https:\/\/yoast.com\/wordpress\/plugins\/seo\/ -->\n<title>axel roth - 2010 - BMX-Racing Germany<\/title>\n<meta name=\"robots\" content=\"index, follow, max-snippet:-1, max-image-preview:large, max-video-preview:-1\" \/>\n<link rel=\"canonical\" href=\"http:\/\/s490497976.online.de\/wordpress\/team-info\/axel-roth-2010\/\" \/>\n<meta property=\"og:locale\" content=\"de_DE\" \/>\n<meta property=\"og:type\" content=\"article\" \/>\n<meta property=\"og:title\" content=\"axel roth - 2010 - BMX-Racing Germany\" \/>\n<meta property=\"og:description\" content=\"Im Alter von 9 Jahre begann ich mit dem BMX fahren. Nach ein paar Monaten Training startete ich im September bei meinem ersten Anf\u00e4ngerrennen in der Klasse U11. Nachdem ich bei den Anf\u00e4ngerrennen meist auf den vorderen Pl\u00e4tzen mitfuhr, war f\u00fcr mich schnell klar in der n\u00e4chsten Saison als Lizenzfahrer zu Starten. In meinem ersten... Read More\" \/>\n<meta property=\"og:url\" content=\"http:\/\/s490497976.online.de\/wordpress\/team-info\/axel-roth-2010\/\" \/>\n<meta property=\"og:site_name\" content=\"BMX-Racing Germany\" \/>\n<meta property=\"article:modified_time\" content=\"2015-02-22T23:26:49+00:00\" \/>\n<meta name=\"twitter:label1\" content=\"Gesch\u00e4tzte Lesezeit\" \/>\n\t<meta name=\"twitter:data1\" content=\"2\u00a0Minuten\" \/>\n<script type=\"application\/ld+json\" class=\"yoast-schema-graph\">{\"@context\":\"https:\/\/schema.org\",\"@graph\":[{\"@type\":\"WebPage\",\"@id\":\"http:\/\/s490497976.online.de\/wordpress\/team-info\/axel-roth-2010\/\",\"url\":\"http:\/\/s490497976.online.de\/wordpress\/team-info\/axel-roth-2010\/\",\"name\":\"axel roth - 2010 - BMX-Racing Germany\",\"isPartOf\":{\"@id\":\"http:\/\/s490497976.online.de\/wordpress\/#website\"},\"datePublished\":\"2015-02-08T12:42:21+00:00\",\"dateModified\":\"2015-02-22T23:26:49+00:00\",\"breadcrumb\":{\"@id\":\"http:\/\/s490497976.online.de\/wordpress\/team-info\/axel-roth-2010\/#breadcrumb\"},\"inLanguage\":\"de\",\"potentialAction\":[{\"@type\":\"ReadAction\",\"target\":[\"http:\/\/s490497976.online.de\/wordpress\/team-info\/axel-roth-2010\/\"]}]},{\"@type\":\"BreadcrumbList\",\"@id\":\"http:\/\/s490497976.online.de\/wordpress\/team-info\/axel-roth-2010\/#breadcrumb\",\"itemListElement\":[{\"@type\":\"ListItem\",\"position\":1,\"name\":\"Home\",\"item\":\"http:\/\/s490497976.online.de\/wordpress\/\"},{\"@type\":\"ListItem\",\"position\":2,\"name\":\"team info\",\"item\":\"http:\/\/s490497976.online.de\/wordpress\/team-info\/\"},{\"@type\":\"ListItem\",\"position\":3,\"name\":\"axel roth &#8211; 2010\"}]},{\"@type\":\"WebSite\",\"@id\":\"http:\/\/s490497976.online.de\/wordpress\/#website\",\"url\":\"http:\/\/s490497976.online.de\/wordpress\/\",\"name\":\"BMX-Racing Germany\",\"description\":\"Welcome to CRUPI-Team-Germany!\",\"potentialAction\":[{\"@type\":\"SearchAction\",\"target\":{\"@type\":\"EntryPoint\",\"urlTemplate\":\"http:\/\/s490497976.online.de\/wordpress\/?s={search_term_string}\"},\"query-input\":\"required name=search_term_string\"}],\"inLanguage\":\"de\"}]}<\/script>\n<!-- \/ Yoast SEO plugin. -->","yoast_head_json":{"title":"axel roth - 2010 - BMX-Racing Germany","robots":{"index":"index","follow":"follow","max-snippet":"max-snippet:-1","max-image-preview":"max-image-preview:large","max-video-preview":"max-video-preview:-1"},"canonical":"http:\/\/s490497976.online.de\/wordpress\/team-info\/axel-roth-2010\/","og_locale":"de_DE","og_type":"article","og_title":"axel roth - 2010 - BMX-Racing Germany","og_description":"Im Alter von 9 Jahre begann ich mit dem BMX fahren. Nach ein paar Monaten Training startete ich im September bei meinem ersten Anf\u00e4ngerrennen in der Klasse U11. Nachdem ich bei den Anf\u00e4ngerrennen meist auf den vorderen Pl\u00e4tzen mitfuhr, war f\u00fcr mich schnell klar in der n\u00e4chsten Saison als Lizenzfahrer zu Starten. In meinem ersten... Read More","og_url":"http:\/\/s490497976.online.de\/wordpress\/team-info\/axel-roth-2010\/","og_site_name":"BMX-Racing Germany","article_modified_time":"2015-02-22T23:26:49+00:00","twitter_misc":{"Gesch\u00e4tzte Lesezeit":"2\u00a0Minuten"},"schema":{"@context":"https:\/\/schema.org","@graph":[{"@type":"WebPage","@id":"http:\/\/s490497976.online.de\/wordpress\/team-info\/axel-roth-2010\/","url":"http:\/\/s490497976.online.de\/wordpress\/team-info\/axel-roth-2010\/","name":"axel roth - 2010 - BMX-Racing Germany","isPartOf":{"@id":"http:\/\/s490497976.online.de\/wordpress\/#website"},"datePublished":"2015-02-08T12:42:21+00:00","dateModified":"2015-02-22T23:26:49+00:00","breadcrumb":{"@id":"http:\/\/s490497976.online.de\/wordpress\/team-info\/axel-roth-2010\/#breadcrumb"},"inLanguage":"de","potentialAction":[{"@type":"ReadAction","target":["http:\/\/s490497976.online.de\/wordpress\/team-info\/axel-roth-2010\/"]}]},{"@type":"BreadcrumbList","@id":"http:\/\/s490497976.online.de\/wordpress\/team-info\/axel-roth-2010\/#breadcrumb","itemListElement":[{"@type":"ListItem","position":1,"name":"Home","item":"http:\/\/s490497976.online.de\/wordpress\/"},{"@type":"ListItem","position":2,"name":"team info","item":"http:\/\/s490497976.online.de\/wordpress\/team-info\/"},{"@type":"ListItem","position":3,"name":"axel roth &#8211; 2010"}]},{"@type":"WebSite","@id":"http:\/\/s490497976.online.de\/wordpress\/#website","url":"http:\/\/s490497976.online.de\/wordpress\/","name":"BMX-Racing Germany","description":"Welcome to CRUPI-Team-Germany!","potentialAction":[{"@type":"SearchAction","target":{"@type":"EntryPoint","urlTemplate":"http:\/\/s490497976.online.de\/wordpress\/?s={search_term_string}"},"query-input":"required name=search_term_string"}],"inLanguage":"de"}]}},"jetpack_sharing_enabled":true,"jetpack_shortlink":"https:\/\/wp.me\/P7nO8R-1N","_links":{"self":[{"href":"http:\/\/s490497976.online.de\/wordpress\/wp-json\/wp\/v2\/pages\/111"}],"collection":[{"href":"http:\/\/s490497976.online.de\/wordpress\/wp-json\/wp\/v2\/pages"}],"about":[{"href":"http:\/\/s490497976.online.de\/wordpress\/wp-json\/wp\/v2\/types\/page"}],"author":[{"embeddable":true,"href":"http:\/\/s490497976.online.de\/wordpress\/wp-json\/wp\/v2\/users\/1"}],"replies":[{"embeddable":true,"href":"http:\/\/s490497976.online.de\/wordpress\/wp-json\/wp\/v2\/comments?post=111"}],"version-history":[{"count":1,"href":"http:\/\/s490497976.online.de\/wordpress\/wp-json\/wp\/v2\/pages\/111\/revisions"}],"predecessor-version":[{"id":352,"href":"http:\/\/s490497976.online.de\/wordpress\/wp-json\/wp\/v2\/pages\/111\/revisions\/352"}],"up":[{"embeddable":true,"href":"http:\/\/s490497976.online.de\/wordpress\/wp-json\/wp\/v2\/pages\/27"}],"wp:attachment":[{"href":"http:\/\/s490497976.online.de\/wordpress\/wp-json\/wp\/v2\/media?parent=111"}],"curies":[{"name":"wp","href":"https:\/\/api.w.org\/{rel}","templated":true}]}}