{"id":435,"date":"2016-03-27T18:50:44","date_gmt":"2016-03-27T16:50:44","guid":{"rendered":"http:\/\/www.crupi-germany.de\/?page_id=435"},"modified":"2016-04-24T16:08:35","modified_gmt":"2016-04-24T14:08:35","slug":"alex-amberger","status":"publish","type":"page","link":"http:\/\/s490497976.online.de\/wordpress\/alex-amberger\/","title":{"rendered":"alex amberger"},"content":{"rendered":"<h5><a href=\"http:\/\/s490497976.online.de\/wordpress\/wp-content\/uploads\/2016\/04\/alex.jpg\"><img decoding=\"async\" loading=\"lazy\" class=\"size-medium wp-image-489 alignleft\" src=\"http:\/\/s490497976.online.de\/wordpress\/wp-content\/uploads\/2016\/04\/alex-209x300.jpg\" alt=\"alex\" width=\"209\" height=\"300\" srcset=\"http:\/\/s490497976.online.de\/wordpress\/wp-content\/uploads\/2016\/04\/alex-209x300.jpg 209w, http:\/\/s490497976.online.de\/wordpress\/wp-content\/uploads\/2016\/04\/alex.jpg 217w\" sizes=\"(max-width: 209px) 100vw, 209px\" \/><\/a>Mit gut 6 Jahren wurde Alex zum n\u00e4chstgelegenen Fu\u00dfballverein geschickt. Doch man merkte schnell, dass ihn das Spiel mit dem Ball nur peripher interessierte und nach ein paar Monaten kam man seiner Bitte nach und nahm ihn aus dem Verein.Kurz darauf, besorgte ihm sein motorsportbegeisterter Vater eine gebrauchte Yamaha Kindermotocross mit 3PS und schon leuchteten seine Augen. Ein halbes Jahr sp\u00e4ter waren es dann schon 13PS mit einer KTM.<\/h5>\n<h5>Als Vater und Sohn kurz drauf dann zuf\u00e4llig beim stadtnahen, Ingolst\u00e4dter BMX Verein vorbeikamen, wurde das Interesse des nun fast 8-j\u00e4hrigen Alex zus\u00e4tzlich\u00a0 geweckt und schnell war ein BMX Rad gekauft. Nach einigen Wochen Training ging\u2019s mit viel zu langer \u00dcbersetzung zum ersten Bayernliga Rennen 2013 nach Kolbermoor. Mit einem zweiten Platz im Finale Anf\u00e4nger U9 war das erste Rennen geschafft und seine Leidenschaft f\u00fcr alles mit 2 Reifen, bekam ein konkreteres Gesicht durch BMX Racing.<\/h5>\n<h5>Bei der Gesamtwertung am Ende des Jahres, wurde ganz oben am \u201eStockerl\u201c gefeiert.<\/h5>\n<h5>Mit ein bisschen Wehmut, wurde kurz darauf die KTM verkauft. Denn \u201egscheit\u201c kann man nur Eine Sache so richtig machen.<br \/>\nPlatz 1 U9 Anf\u00e4nger bedeutete gleichzeitig, Aufstieg in die Lizenzklasse U11 und damit pokalfreie Zeit, alles unter dem Motto \u201eviel lernen\u201c.<\/h5>\n<h5>2015 wurde der Traum vom ersten Crupi wahr.<br \/>\nDas bereits einige Jahre alte Crupi Bike von Lukas Buhlig wurde zerlegt, die Kampfspuren beseitig und mit Politur und neuen Crupi Aufklebern schick gemacht. Hauptsache ein Crupi \u2013 so Alex.<\/h5>\n<h5>Der Vater machte sich schlau mit \u00dcbersetzung, Kurbell\u00e4nge etc. und pimpte das \u201e2nd Hand Crupi\u201c noch mit Carbongabel und \u2013lenker auf. Endlich ein konkurrenzf\u00e4higes Bike!<\/h5>\n<h5>Da Alex im Vergleich zu seinen st\u00e4rksten Konkurrenten als 8-j\u00e4hriger relativ sp\u00e4t zum BMX kam, und unter schlechten Trainingsbedingungen litt, war es Anfang des Jahres 2015 ein Erfolg beim ersten Bundesliga Lizenzrennen in Weiterstadt das B-Finale zu gewinnen. Tags drauf war es dann schon der 7. Platz im Finale.<br \/>\nBeim 4. BuLi Lauf in Hamburg gl\u00e4nzte er schon, wenn auch mit etwas Gl\u00fcck, mit dem 2. Platz.<\/h5>\n<h5>Zu dieser Zeit begann er 1-2x\/Woche beim 120km entfernten, Erlanger BMX Verein zu trainieren, da Ingolstadt immer noch \u00fcber keine Wettkampfbahn verf\u00fcgte und auf der Pumptrack kein richtiges BMX Training m\u00f6glich war.<\/h5>\n<h5>In Herzogenaurach wurde Alex Vizebayerischer Meister.<\/h5>\n<h5>Das Engagement seines Vaters und das professionelle Training im Erlanger Verein, brachten ihm nicht nur Spa\u00dfmomente, sondern ebenfalls eine steilere Leistungskurve ein als die meisten seiner Konkurrenten.<\/h5>\n<h5>Im Finale der Deutschen BMX Meisterschaft 2015 \u00a0in Ahnatal war es noch der undankbare 4. Platz, doch schon 2 Wochen sp\u00e4ter konnte er als bester Deutscher seiner Altersklasse (Boys 10), die BMX WM 2015 in Zolder verlassen.<\/h5>\n<h5>Auch beim letzten BuLi Lauf 2015 in Nussdorf fuhr er starke Rennen und nur ein Fahrfehler oder das Abrutschen vom Pedal am anderen Tag, verhinderten den ersten BuLi Sieg.<br \/>\nSeinen Saisonabschluss feierte Alex noch mit dem S\u00fcddeutschen Meistertitel in Weilheim.<br \/>\n2016 wurde er durch seine Leistungen in den Bayernkader aufgenommen und was ihn am meisten freute, zugleich das j\u00fcngste Mitglied in der Crupi Familie.<\/h5>\n<h5><\/h5>\n<h5><\/h5>\n<h5><\/h5>\n<h5><\/h5>\n<h5><\/h5>\n","protected":false},"excerpt":{"rendered":"<p>Mit gut 6 Jahren wurde Alex zum n\u00e4chstgelegenen Fu\u00dfballverein geschickt. Doch man merkte schnell, dass ihn das Spiel mit dem Ball nur peripher interessierte und nach ein paar Monaten kam man seiner Bitte nach und nahm ihn aus dem Verein.Kurz darauf, besorgte ihm sein motorsportbegeisterter Vater eine gebrauchte Yamaha Kindermotocross mit 3PS und schon leuchteten&#8230; <\/p>\n<div class=\"read-more navbutton\"><a href=\"http:\/\/s490497976.online.de\/wordpress\/alex-amberger\/\">Read More<i class=\"fa fa-angle-double-right\"><\/i><\/a><\/div>\n","protected":false},"author":1,"featured_media":0,"parent":0,"menu_order":0,"comment_status":"closed","ping_status":"closed","template":"","meta":{"_mi_skip_tracking":false,"jetpack_post_was_ever_published":false},"yoast_head":"<!-- This site is optimized with the Yoast SEO plugin v19.11 - https:\/\/yoast.com\/wordpress\/plugins\/seo\/ -->\n<title>alex amberger - BMX-Racing Germany<\/title>\n<meta name=\"robots\" content=\"index, follow, max-snippet:-1, max-image-preview:large, max-video-preview:-1\" \/>\n<link rel=\"canonical\" href=\"http:\/\/s490497976.online.de\/wordpress\/alex-amberger\/\" \/>\n<meta property=\"og:locale\" content=\"de_DE\" \/>\n<meta property=\"og:type\" content=\"article\" \/>\n<meta property=\"og:title\" content=\"alex amberger - BMX-Racing Germany\" \/>\n<meta property=\"og:description\" content=\"Mit gut 6 Jahren wurde Alex zum n\u00e4chstgelegenen Fu\u00dfballverein geschickt. Doch man merkte schnell, dass ihn das Spiel mit dem Ball nur peripher interessierte und nach ein paar Monaten kam man seiner Bitte nach und nahm ihn aus dem Verein.Kurz darauf, besorgte ihm sein motorsportbegeisterter Vater eine gebrauchte Yamaha Kindermotocross mit 3PS und schon leuchteten... Read More\" \/>\n<meta property=\"og:url\" content=\"http:\/\/s490497976.online.de\/wordpress\/alex-amberger\/\" \/>\n<meta property=\"og:site_name\" content=\"BMX-Racing Germany\" \/>\n<meta property=\"article:modified_time\" content=\"2016-04-24T14:08:35+00:00\" \/>\n<meta property=\"og:image\" content=\"http:\/\/s490497976.online.de\/wordpress\/wp-content\/uploads\/2016\/04\/alex-209x300.jpg\" \/>\n<meta name=\"twitter:label1\" content=\"Gesch\u00e4tzte Lesezeit\" \/>\n\t<meta name=\"twitter:data1\" content=\"3\u00a0Minuten\" \/>\n<script type=\"application\/ld+json\" class=\"yoast-schema-graph\">{\"@context\":\"https:\/\/schema.org\",\"@graph\":[{\"@type\":\"WebPage\",\"@id\":\"http:\/\/s490497976.online.de\/wordpress\/alex-amberger\/\",\"url\":\"http:\/\/s490497976.online.de\/wordpress\/alex-amberger\/\",\"name\":\"alex amberger - BMX-Racing Germany\",\"isPartOf\":{\"@id\":\"http:\/\/s490497976.online.de\/wordpress\/#website\"},\"datePublished\":\"2016-03-27T16:50:44+00:00\",\"dateModified\":\"2016-04-24T14:08:35+00:00\",\"breadcrumb\":{\"@id\":\"http:\/\/s490497976.online.de\/wordpress\/alex-amberger\/#breadcrumb\"},\"inLanguage\":\"de\",\"potentialAction\":[{\"@type\":\"ReadAction\",\"target\":[\"http:\/\/s490497976.online.de\/wordpress\/alex-amberger\/\"]}]},{\"@type\":\"BreadcrumbList\",\"@id\":\"http:\/\/s490497976.online.de\/wordpress\/alex-amberger\/#breadcrumb\",\"itemListElement\":[{\"@type\":\"ListItem\",\"position\":1,\"name\":\"Home\",\"item\":\"http:\/\/s490497976.online.de\/wordpress\/\"},{\"@type\":\"ListItem\",\"position\":2,\"name\":\"alex amberger\"}]},{\"@type\":\"WebSite\",\"@id\":\"http:\/\/s490497976.online.de\/wordpress\/#website\",\"url\":\"http:\/\/s490497976.online.de\/wordpress\/\",\"name\":\"BMX-Racing Germany\",\"description\":\"Welcome to CRUPI-Team-Germany!\",\"potentialAction\":[{\"@type\":\"SearchAction\",\"target\":{\"@type\":\"EntryPoint\",\"urlTemplate\":\"http:\/\/s490497976.online.de\/wordpress\/?s={search_term_string}\"},\"query-input\":\"required name=search_term_string\"}],\"inLanguage\":\"de\"}]}<\/script>\n<!-- \/ Yoast SEO plugin. -->","yoast_head_json":{"title":"alex amberger - BMX-Racing Germany","robots":{"index":"index","follow":"follow","max-snippet":"max-snippet:-1","max-image-preview":"max-image-preview:large","max-video-preview":"max-video-preview:-1"},"canonical":"http:\/\/s490497976.online.de\/wordpress\/alex-amberger\/","og_locale":"de_DE","og_type":"article","og_title":"alex amberger - BMX-Racing Germany","og_description":"Mit gut 6 Jahren wurde Alex zum n\u00e4chstgelegenen Fu\u00dfballverein geschickt. Doch man merkte schnell, dass ihn das Spiel mit dem Ball nur peripher interessierte und nach ein paar Monaten kam man seiner Bitte nach und nahm ihn aus dem Verein.Kurz darauf, besorgte ihm sein motorsportbegeisterter Vater eine gebrauchte Yamaha Kindermotocross mit 3PS und schon leuchteten... Read More","og_url":"http:\/\/s490497976.online.de\/wordpress\/alex-amberger\/","og_site_name":"BMX-Racing Germany","article_modified_time":"2016-04-24T14:08:35+00:00","og_image":[{"url":"http:\/\/s490497976.online.de\/wordpress\/wp-content\/uploads\/2016\/04\/alex-209x300.jpg"}],"twitter_misc":{"Gesch\u00e4tzte Lesezeit":"3\u00a0Minuten"},"schema":{"@context":"https:\/\/schema.org","@graph":[{"@type":"WebPage","@id":"http:\/\/s490497976.online.de\/wordpress\/alex-amberger\/","url":"http:\/\/s490497976.online.de\/wordpress\/alex-amberger\/","name":"alex amberger - BMX-Racing Germany","isPartOf":{"@id":"http:\/\/s490497976.online.de\/wordpress\/#website"},"datePublished":"2016-03-27T16:50:44+00:00","dateModified":"2016-04-24T14:08:35+00:00","breadcrumb":{"@id":"http:\/\/s490497976.online.de\/wordpress\/alex-amberger\/#breadcrumb"},"inLanguage":"de","potentialAction":[{"@type":"ReadAction","target":["http:\/\/s490497976.online.de\/wordpress\/alex-amberger\/"]}]},{"@type":"BreadcrumbList","@id":"http:\/\/s490497976.online.de\/wordpress\/alex-amberger\/#breadcrumb","itemListElement":[{"@type":"ListItem","position":1,"name":"Home","item":"http:\/\/s490497976.online.de\/wordpress\/"},{"@type":"ListItem","position":2,"name":"alex amberger"}]},{"@type":"WebSite","@id":"http:\/\/s490497976.online.de\/wordpress\/#website","url":"http:\/\/s490497976.online.de\/wordpress\/","name":"BMX-Racing Germany","description":"Welcome to CRUPI-Team-Germany!","potentialAction":[{"@type":"SearchAction","target":{"@type":"EntryPoint","urlTemplate":"http:\/\/s490497976.online.de\/wordpress\/?s={search_term_string}"},"query-input":"required name=search_term_string"}],"inLanguage":"de"}]}},"jetpack_sharing_enabled":true,"jetpack_shortlink":"https:\/\/wp.me\/P7nO8R-71","_links":{"self":[{"href":"http:\/\/s490497976.online.de\/wordpress\/wp-json\/wp\/v2\/pages\/435"}],"collection":[{"href":"http:\/\/s490497976.online.de\/wordpress\/wp-json\/wp\/v2\/pages"}],"about":[{"href":"http:\/\/s490497976.online.de\/wordpress\/wp-json\/wp\/v2\/types\/page"}],"author":[{"embeddable":true,"href":"http:\/\/s490497976.online.de\/wordpress\/wp-json\/wp\/v2\/users\/1"}],"replies":[{"embeddable":true,"href":"http:\/\/s490497976.online.de\/wordpress\/wp-json\/wp\/v2\/comments?post=435"}],"version-history":[{"count":3,"href":"http:\/\/s490497976.online.de\/wordpress\/wp-json\/wp\/v2\/pages\/435\/revisions"}],"predecessor-version":[{"id":491,"href":"http:\/\/s490497976.online.de\/wordpress\/wp-json\/wp\/v2\/pages\/435\/revisions\/491"}],"wp:attachment":[{"href":"http:\/\/s490497976.online.de\/wordpress\/wp-json\/wp\/v2\/media?parent=435"}],"curies":[{"name":"wp","href":"https:\/\/api.w.org\/{rel}","templated":true}]}}