{"id":437,"date":"2016-03-27T18:51:20","date_gmt":"2016-03-27T16:51:20","guid":{"rendered":"http:\/\/www.crupi-germany.de\/?page_id=437"},"modified":"2016-04-06T12:40:46","modified_gmt":"2016-04-06T10:40:46","slug":"david-szell","status":"publish","type":"page","link":"http:\/\/s490497976.online.de\/wordpress\/david-szell\/","title":{"rendered":"david szell"},"content":{"rendered":"<h5><a href=\"http:\/\/s490497976.online.de\/wordpress\/wp-content\/uploads\/2016\/03\/david.jpg\"><img decoding=\"async\" loading=\"lazy\" class=\"size-medium wp-image-479 alignleft\" src=\"http:\/\/s490497976.online.de\/wordpress\/wp-content\/uploads\/2016\/03\/david-300x197.jpg\" alt=\"david\" width=\"300\" height=\"197\" srcset=\"http:\/\/s490497976.online.de\/wordpress\/wp-content\/uploads\/2016\/03\/david-300x197.jpg 300w, http:\/\/s490497976.online.de\/wordpress\/wp-content\/uploads\/2016\/03\/david.jpg 510w\" sizes=\"(max-width: 300px) 100vw, 300px\" \/><\/a>Seine Bmx-Leidenschaft begann schon in der Wiege, denn sein Bruder Dominik Szell hatte es ihm hautnah vermittelt. Mit dem knappen Alter von 5, im Jahre 2008 bekam er sein erstes Bmx-Bike. Damit begann die Karriere.<br \/>\n2010 wurde er zum ersten Mal Deutsch-Schweizer-Meister in der Gesamtwertung. 2011 konnte er Deutscher-Meister werden und dazu noch das internationale Rennen in Kortrijk gewinnen. 2012 behielt er noch einmal den DSM-Pokal und wurde Deutscher-Vizemeister. Im Jahre 2013 holte er sich zu seiner Pokalsammlung ein zweites Mal den DM-Titel. Das Jahr 2014 lief nicht so gut f\u00fcr David denn er erreichte keinen gro\u00dfen Preis. Wir beschreiben jetzt das Jahr 2015. Die drei EM-L\u00e4ufe in Zolder(Belgien),Messegny (Frankreich), Echichens(Schweiz)beinhalteten die Platzierungen 7, 4 und 6. Die Deutsche-Meisterschaft in Ahnatal ging mit dem Vize-Meistertitel zu Ende. Der n\u00e4chste erfolgreiche Stop fand in den Niederlanden zur EM statt. F\u00fcr David h\u00f6rte das Rennen leider bei dem Halbfinale auf mit einem undankbaren 5 Rang.<br \/>\nDas Highlight des Jahres war die Teilnahme an der WM in Zolder. Die Atmosph\u00e4re dort, einfach atemberaubend, das Wetter spielte auf unserer Seite, somit war es ein gro\u00dfartiges Erlebnis. Durch ein paar Fahrfehler schied David ungl\u00fccklich im Viertelfinale aus. Jedoch der n\u00e4chste Tag stand unter einem anderen Stern: In der Cruiser-Klasse konnte er sich in den vorderen Pl\u00e4tzen bis zum Finale gut halten. In der ersten Gerade vom Finallauf war der 4 Platz David sicher, jedoch musste er durch einen Sturz dann vom Bike und kam somit als 8 ins Ziel.<br \/>\nDie kommenden Rennen im Jahr 2016 werden mit der Unterst\u00fctzung der Crupi-Family bestimmt toll.<\/h5>\n","protected":false},"excerpt":{"rendered":"<p>Seine Bmx-Leidenschaft begann schon in der Wiege, denn sein Bruder Dominik Szell hatte es ihm hautnah vermittelt. Mit dem knappen Alter von 5, im Jahre 2008 bekam er sein erstes Bmx-Bike. Damit begann die Karriere. 2010 wurde er zum ersten Mal Deutsch-Schweizer-Meister in der Gesamtwertung. 2011 konnte er Deutscher-Meister werden und dazu noch das internationale&#8230; <\/p>\n<div class=\"read-more navbutton\"><a href=\"http:\/\/s490497976.online.de\/wordpress\/david-szell\/\">Read More<i class=\"fa fa-angle-double-right\"><\/i><\/a><\/div>\n","protected":false},"author":1,"featured_media":0,"parent":0,"menu_order":0,"comment_status":"closed","ping_status":"closed","template":"","meta":{"_mi_skip_tracking":false,"jetpack_post_was_ever_published":false},"yoast_head":"<!-- This site is optimized with the Yoast SEO plugin v19.11 - https:\/\/yoast.com\/wordpress\/plugins\/seo\/ -->\n<title>david szell - BMX-Racing Germany<\/title>\n<meta name=\"robots\" content=\"index, follow, max-snippet:-1, max-image-preview:large, max-video-preview:-1\" \/>\n<link rel=\"canonical\" href=\"http:\/\/s490497976.online.de\/wordpress\/david-szell\/\" \/>\n<meta property=\"og:locale\" content=\"de_DE\" \/>\n<meta property=\"og:type\" content=\"article\" \/>\n<meta property=\"og:title\" content=\"david szell - BMX-Racing Germany\" \/>\n<meta property=\"og:description\" content=\"Seine Bmx-Leidenschaft begann schon in der Wiege, denn sein Bruder Dominik Szell hatte es ihm hautnah vermittelt. Mit dem knappen Alter von 5, im Jahre 2008 bekam er sein erstes Bmx-Bike. Damit begann die Karriere. 2010 wurde er zum ersten Mal Deutsch-Schweizer-Meister in der Gesamtwertung. 2011 konnte er Deutscher-Meister werden und dazu noch das internationale... Read More\" \/>\n<meta property=\"og:url\" content=\"http:\/\/s490497976.online.de\/wordpress\/david-szell\/\" \/>\n<meta property=\"og:site_name\" content=\"BMX-Racing Germany\" \/>\n<meta property=\"article:modified_time\" content=\"2016-04-06T10:40:46+00:00\" \/>\n<meta property=\"og:image\" content=\"http:\/\/s490497976.online.de\/wordpress\/wp-content\/uploads\/2016\/03\/david-300x197.jpg\" \/>\n<meta name=\"twitter:label1\" content=\"Gesch\u00e4tzte Lesezeit\" \/>\n\t<meta name=\"twitter:data1\" content=\"1\u00a0Minute\" \/>\n<script type=\"application\/ld+json\" class=\"yoast-schema-graph\">{\"@context\":\"https:\/\/schema.org\",\"@graph\":[{\"@type\":\"WebPage\",\"@id\":\"http:\/\/s490497976.online.de\/wordpress\/david-szell\/\",\"url\":\"http:\/\/s490497976.online.de\/wordpress\/david-szell\/\",\"name\":\"david szell - BMX-Racing Germany\",\"isPartOf\":{\"@id\":\"http:\/\/s490497976.online.de\/wordpress\/#website\"},\"datePublished\":\"2016-03-27T16:51:20+00:00\",\"dateModified\":\"2016-04-06T10:40:46+00:00\",\"breadcrumb\":{\"@id\":\"http:\/\/s490497976.online.de\/wordpress\/david-szell\/#breadcrumb\"},\"inLanguage\":\"de\",\"potentialAction\":[{\"@type\":\"ReadAction\",\"target\":[\"http:\/\/s490497976.online.de\/wordpress\/david-szell\/\"]}]},{\"@type\":\"BreadcrumbList\",\"@id\":\"http:\/\/s490497976.online.de\/wordpress\/david-szell\/#breadcrumb\",\"itemListElement\":[{\"@type\":\"ListItem\",\"position\":1,\"name\":\"Home\",\"item\":\"http:\/\/s490497976.online.de\/wordpress\/\"},{\"@type\":\"ListItem\",\"position\":2,\"name\":\"david szell\"}]},{\"@type\":\"WebSite\",\"@id\":\"http:\/\/s490497976.online.de\/wordpress\/#website\",\"url\":\"http:\/\/s490497976.online.de\/wordpress\/\",\"name\":\"BMX-Racing Germany\",\"description\":\"Welcome to CRUPI-Team-Germany!\",\"potentialAction\":[{\"@type\":\"SearchAction\",\"target\":{\"@type\":\"EntryPoint\",\"urlTemplate\":\"http:\/\/s490497976.online.de\/wordpress\/?s={search_term_string}\"},\"query-input\":\"required name=search_term_string\"}],\"inLanguage\":\"de\"}]}<\/script>\n<!-- \/ Yoast SEO plugin. -->","yoast_head_json":{"title":"david szell - BMX-Racing Germany","robots":{"index":"index","follow":"follow","max-snippet":"max-snippet:-1","max-image-preview":"max-image-preview:large","max-video-preview":"max-video-preview:-1"},"canonical":"http:\/\/s490497976.online.de\/wordpress\/david-szell\/","og_locale":"de_DE","og_type":"article","og_title":"david szell - BMX-Racing Germany","og_description":"Seine Bmx-Leidenschaft begann schon in der Wiege, denn sein Bruder Dominik Szell hatte es ihm hautnah vermittelt. Mit dem knappen Alter von 5, im Jahre 2008 bekam er sein erstes Bmx-Bike. Damit begann die Karriere. 2010 wurde er zum ersten Mal Deutsch-Schweizer-Meister in der Gesamtwertung. 2011 konnte er Deutscher-Meister werden und dazu noch das internationale... Read More","og_url":"http:\/\/s490497976.online.de\/wordpress\/david-szell\/","og_site_name":"BMX-Racing Germany","article_modified_time":"2016-04-06T10:40:46+00:00","og_image":[{"url":"http:\/\/s490497976.online.de\/wordpress\/wp-content\/uploads\/2016\/03\/david-300x197.jpg"}],"twitter_misc":{"Gesch\u00e4tzte Lesezeit":"1\u00a0Minute"},"schema":{"@context":"https:\/\/schema.org","@graph":[{"@type":"WebPage","@id":"http:\/\/s490497976.online.de\/wordpress\/david-szell\/","url":"http:\/\/s490497976.online.de\/wordpress\/david-szell\/","name":"david szell - BMX-Racing Germany","isPartOf":{"@id":"http:\/\/s490497976.online.de\/wordpress\/#website"},"datePublished":"2016-03-27T16:51:20+00:00","dateModified":"2016-04-06T10:40:46+00:00","breadcrumb":{"@id":"http:\/\/s490497976.online.de\/wordpress\/david-szell\/#breadcrumb"},"inLanguage":"de","potentialAction":[{"@type":"ReadAction","target":["http:\/\/s490497976.online.de\/wordpress\/david-szell\/"]}]},{"@type":"BreadcrumbList","@id":"http:\/\/s490497976.online.de\/wordpress\/david-szell\/#breadcrumb","itemListElement":[{"@type":"ListItem","position":1,"name":"Home","item":"http:\/\/s490497976.online.de\/wordpress\/"},{"@type":"ListItem","position":2,"name":"david szell"}]},{"@type":"WebSite","@id":"http:\/\/s490497976.online.de\/wordpress\/#website","url":"http:\/\/s490497976.online.de\/wordpress\/","name":"BMX-Racing Germany","description":"Welcome to CRUPI-Team-Germany!","potentialAction":[{"@type":"SearchAction","target":{"@type":"EntryPoint","urlTemplate":"http:\/\/s490497976.online.de\/wordpress\/?s={search_term_string}"},"query-input":"required name=search_term_string"}],"inLanguage":"de"}]}},"jetpack_sharing_enabled":true,"jetpack_shortlink":"https:\/\/wp.me\/P7nO8R-73","_links":{"self":[{"href":"http:\/\/s490497976.online.de\/wordpress\/wp-json\/wp\/v2\/pages\/437"}],"collection":[{"href":"http:\/\/s490497976.online.de\/wordpress\/wp-json\/wp\/v2\/pages"}],"about":[{"href":"http:\/\/s490497976.online.de\/wordpress\/wp-json\/wp\/v2\/types\/page"}],"author":[{"embeddable":true,"href":"http:\/\/s490497976.online.de\/wordpress\/wp-json\/wp\/v2\/users\/1"}],"replies":[{"embeddable":true,"href":"http:\/\/s490497976.online.de\/wordpress\/wp-json\/wp\/v2\/comments?post=437"}],"version-history":[{"count":4,"href":"http:\/\/s490497976.online.de\/wordpress\/wp-json\/wp\/v2\/pages\/437\/revisions"}],"predecessor-version":[{"id":480,"href":"http:\/\/s490497976.online.de\/wordpress\/wp-json\/wp\/v2\/pages\/437\/revisions\/480"}],"wp:attachment":[{"href":"http:\/\/s490497976.online.de\/wordpress\/wp-json\/wp\/v2\/media?parent=437"}],"curies":[{"name":"wp","href":"https:\/\/api.w.org\/{rel}","templated":true}]}}