{"id":439,"date":"2016-03-27T18:52:19","date_gmt":"2016-03-27T16:52:19","guid":{"rendered":"http:\/\/www.crupi-germany.de\/?page_id=439"},"modified":"2018-04-09T09:54:38","modified_gmt":"2018-04-09T07:54:38","slug":"lukas-buhlig","status":"publish","type":"page","link":"http:\/\/s490497976.online.de\/wordpress\/lukas-buhlig\/","title":{"rendered":"lukas buhlig &#8211; 2017"},"content":{"rendered":"<h5>Lukas BMX Karriere begann mit seinem 6. Geburtstag und seinem Geschenk eines Mountain Bikes.<\/h5>\n<h5>Nach einer Testfahrt auf dem BMX Track des TUS FFB folgte das Probetraining und somit die Entdeckung seiner Leidenschaft f\u00fcr BMX Racing.<\/h5>\n<h5>Er fuhr die U7 und U9 in der Anf\u00e4ngerklasse mit Top Platzierungen und somit erfolgte 2011 der Aufstieg in die U11 und der Einstieg in die Lizenzklasse. Er merkte schnell dass die Konkurrenz mehr und die Fahrweise enger wurde. In der Bayernliga und Bundesliga fuhr er konstant gute Ergebnisse ein. Die ersten internationalen Erfahrungen sammelte er beim Eurolauf in Weiterstadt 2013. Im gleichen Jahr folgte die Berufung in den Bayernkader. Weitere Stationen waren die Teilnahme am Eurolauf in Zolder und der Europameisterschaft in Dessel. Sein bisher gr\u00f6\u00dfter Erfolg war die Teilnahme an der WM in Rotterdam 2014.<\/h5>\n<h5>Aufgrund von nicht mit BMX assoziierten Verletzungen konnte er 2015 nur am Anfang der Saison 2 Rennen bestreiten.<\/h5>\n<h5>2016 erf\u00fcllte sich sein gr\u00f6\u00dfter Wunsch und er wurde ins CRUPI Team Germany berufen. Er wollte jetzt 2016 sich richtig ins Zeug legen und als \u00e4ltere Jahrgang der U15 gute Ergebnisse einfahren.<\/h5>\n<h5>Die Grundsteine hierf\u00fcr sollten im Trainingslager des Bayernkader in Frankreich, Verona (Italien) und dem obligatorischen Kolbermoorer &#8211; Trainingslager gelegt werden. Leider st\u00fcrzte er am ersten Tag in Verona und zog sich eine Ellenbogenfraktur zu, somit mu\u00df er den Saisonstart auf Mitte 2016 verlegen.<\/h5>\n<h5><a href=\"http:\/\/s490497976.online.de\/wordpress\/wp-content\/uploads\/2016\/03\/team2016.jpg\"><img decoding=\"async\" loading=\"lazy\" class=\"aligncenter wp-image-471 size-full\" src=\"http:\/\/s490497976.online.de\/wordpress\/wp-content\/uploads\/2016\/03\/team2016.jpg\" alt=\"team2016\" width=\"1024\" height=\"576\" srcset=\"http:\/\/s490497976.online.de\/wordpress\/wp-content\/uploads\/2016\/03\/team2016.jpg 1024w, http:\/\/s490497976.online.de\/wordpress\/wp-content\/uploads\/2016\/03\/team2016-300x169.jpg 300w\" sizes=\"(max-width: 1024px) 100vw, 1024px\" \/><\/a><\/h5>\n","protected":false},"excerpt":{"rendered":"<p>Lukas BMX Karriere begann mit seinem 6. Geburtstag und seinem Geschenk eines Mountain Bikes. Nach einer Testfahrt auf dem BMX Track des TUS FFB folgte das Probetraining und somit die Entdeckung seiner Leidenschaft f\u00fcr BMX Racing. Er fuhr die U7 und U9 in der Anf\u00e4ngerklasse mit Top Platzierungen und somit erfolgte 2011 der Aufstieg in&#8230; <\/p>\n<div class=\"read-more navbutton\"><a href=\"http:\/\/s490497976.online.de\/wordpress\/lukas-buhlig\/\">Read More<i class=\"fa fa-angle-double-right\"><\/i><\/a><\/div>\n","protected":false},"author":1,"featured_media":0,"parent":0,"menu_order":0,"comment_status":"closed","ping_status":"closed","template":"","meta":{"_mi_skip_tracking":false,"jetpack_post_was_ever_published":false},"yoast_head":"<!-- This site is optimized with the Yoast SEO plugin v19.11 - https:\/\/yoast.com\/wordpress\/plugins\/seo\/ -->\n<title>lukas buhlig - 2017 - BMX-Racing Germany<\/title>\n<meta name=\"robots\" content=\"index, follow, max-snippet:-1, max-image-preview:large, max-video-preview:-1\" \/>\n<link rel=\"canonical\" href=\"http:\/\/s490497976.online.de\/wordpress\/lukas-buhlig\/\" \/>\n<meta property=\"og:locale\" content=\"de_DE\" \/>\n<meta property=\"og:type\" content=\"article\" \/>\n<meta property=\"og:title\" content=\"lukas buhlig - 2017 - BMX-Racing Germany\" \/>\n<meta property=\"og:description\" content=\"Lukas BMX Karriere begann mit seinem 6. Geburtstag und seinem Geschenk eines Mountain Bikes. Nach einer Testfahrt auf dem BMX Track des TUS FFB folgte das Probetraining und somit die Entdeckung seiner Leidenschaft f\u00fcr BMX Racing. Er fuhr die U7 und U9 in der Anf\u00e4ngerklasse mit Top Platzierungen und somit erfolgte 2011 der Aufstieg in... Read More\" \/>\n<meta property=\"og:url\" content=\"http:\/\/s490497976.online.de\/wordpress\/lukas-buhlig\/\" \/>\n<meta property=\"og:site_name\" content=\"BMX-Racing Germany\" \/>\n<meta property=\"article:modified_time\" content=\"2018-04-09T07:54:38+00:00\" \/>\n<meta property=\"og:image\" content=\"http:\/\/s490497976.online.de\/wordpress\/wp-content\/uploads\/2016\/03\/team2016.jpg\" \/>\n<meta name=\"twitter:label1\" content=\"Gesch\u00e4tzte Lesezeit\" \/>\n\t<meta name=\"twitter:data1\" content=\"1\u00a0Minute\" \/>\n<script type=\"application\/ld+json\" class=\"yoast-schema-graph\">{\"@context\":\"https:\/\/schema.org\",\"@graph\":[{\"@type\":\"WebPage\",\"@id\":\"http:\/\/s490497976.online.de\/wordpress\/lukas-buhlig\/\",\"url\":\"http:\/\/s490497976.online.de\/wordpress\/lukas-buhlig\/\",\"name\":\"lukas buhlig - 2017 - BMX-Racing Germany\",\"isPartOf\":{\"@id\":\"http:\/\/s490497976.online.de\/wordpress\/#website\"},\"datePublished\":\"2016-03-27T16:52:19+00:00\",\"dateModified\":\"2018-04-09T07:54:38+00:00\",\"breadcrumb\":{\"@id\":\"http:\/\/s490497976.online.de\/wordpress\/lukas-buhlig\/#breadcrumb\"},\"inLanguage\":\"de\",\"potentialAction\":[{\"@type\":\"ReadAction\",\"target\":[\"http:\/\/s490497976.online.de\/wordpress\/lukas-buhlig\/\"]}]},{\"@type\":\"BreadcrumbList\",\"@id\":\"http:\/\/s490497976.online.de\/wordpress\/lukas-buhlig\/#breadcrumb\",\"itemListElement\":[{\"@type\":\"ListItem\",\"position\":1,\"name\":\"Home\",\"item\":\"http:\/\/s490497976.online.de\/wordpress\/\"},{\"@type\":\"ListItem\",\"position\":2,\"name\":\"lukas buhlig &#8211; 2017\"}]},{\"@type\":\"WebSite\",\"@id\":\"http:\/\/s490497976.online.de\/wordpress\/#website\",\"url\":\"http:\/\/s490497976.online.de\/wordpress\/\",\"name\":\"BMX-Racing Germany\",\"description\":\"Welcome to CRUPI-Team-Germany!\",\"potentialAction\":[{\"@type\":\"SearchAction\",\"target\":{\"@type\":\"EntryPoint\",\"urlTemplate\":\"http:\/\/s490497976.online.de\/wordpress\/?s={search_term_string}\"},\"query-input\":\"required name=search_term_string\"}],\"inLanguage\":\"de\"}]}<\/script>\n<!-- \/ Yoast SEO plugin. -->","yoast_head_json":{"title":"lukas buhlig - 2017 - BMX-Racing Germany","robots":{"index":"index","follow":"follow","max-snippet":"max-snippet:-1","max-image-preview":"max-image-preview:large","max-video-preview":"max-video-preview:-1"},"canonical":"http:\/\/s490497976.online.de\/wordpress\/lukas-buhlig\/","og_locale":"de_DE","og_type":"article","og_title":"lukas buhlig - 2017 - BMX-Racing Germany","og_description":"Lukas BMX Karriere begann mit seinem 6. Geburtstag und seinem Geschenk eines Mountain Bikes. Nach einer Testfahrt auf dem BMX Track des TUS FFB folgte das Probetraining und somit die Entdeckung seiner Leidenschaft f\u00fcr BMX Racing. Er fuhr die U7 und U9 in der Anf\u00e4ngerklasse mit Top Platzierungen und somit erfolgte 2011 der Aufstieg in... Read More","og_url":"http:\/\/s490497976.online.de\/wordpress\/lukas-buhlig\/","og_site_name":"BMX-Racing Germany","article_modified_time":"2018-04-09T07:54:38+00:00","og_image":[{"url":"http:\/\/s490497976.online.de\/wordpress\/wp-content\/uploads\/2016\/03\/team2016.jpg"}],"twitter_misc":{"Gesch\u00e4tzte Lesezeit":"1\u00a0Minute"},"schema":{"@context":"https:\/\/schema.org","@graph":[{"@type":"WebPage","@id":"http:\/\/s490497976.online.de\/wordpress\/lukas-buhlig\/","url":"http:\/\/s490497976.online.de\/wordpress\/lukas-buhlig\/","name":"lukas buhlig - 2017 - BMX-Racing Germany","isPartOf":{"@id":"http:\/\/s490497976.online.de\/wordpress\/#website"},"datePublished":"2016-03-27T16:52:19+00:00","dateModified":"2018-04-09T07:54:38+00:00","breadcrumb":{"@id":"http:\/\/s490497976.online.de\/wordpress\/lukas-buhlig\/#breadcrumb"},"inLanguage":"de","potentialAction":[{"@type":"ReadAction","target":["http:\/\/s490497976.online.de\/wordpress\/lukas-buhlig\/"]}]},{"@type":"BreadcrumbList","@id":"http:\/\/s490497976.online.de\/wordpress\/lukas-buhlig\/#breadcrumb","itemListElement":[{"@type":"ListItem","position":1,"name":"Home","item":"http:\/\/s490497976.online.de\/wordpress\/"},{"@type":"ListItem","position":2,"name":"lukas buhlig &#8211; 2017"}]},{"@type":"WebSite","@id":"http:\/\/s490497976.online.de\/wordpress\/#website","url":"http:\/\/s490497976.online.de\/wordpress\/","name":"BMX-Racing Germany","description":"Welcome to CRUPI-Team-Germany!","potentialAction":[{"@type":"SearchAction","target":{"@type":"EntryPoint","urlTemplate":"http:\/\/s490497976.online.de\/wordpress\/?s={search_term_string}"},"query-input":"required name=search_term_string"}],"inLanguage":"de"}]}},"jetpack_sharing_enabled":true,"jetpack_shortlink":"https:\/\/wp.me\/P7nO8R-75","_links":{"self":[{"href":"http:\/\/s490497976.online.de\/wordpress\/wp-json\/wp\/v2\/pages\/439"}],"collection":[{"href":"http:\/\/s490497976.online.de\/wordpress\/wp-json\/wp\/v2\/pages"}],"about":[{"href":"http:\/\/s490497976.online.de\/wordpress\/wp-json\/wp\/v2\/types\/page"}],"author":[{"embeddable":true,"href":"http:\/\/s490497976.online.de\/wordpress\/wp-json\/wp\/v2\/users\/1"}],"replies":[{"embeddable":true,"href":"http:\/\/s490497976.online.de\/wordpress\/wp-json\/wp\/v2\/comments?post=439"}],"version-history":[{"count":6,"href":"http:\/\/s490497976.online.de\/wordpress\/wp-json\/wp\/v2\/pages\/439\/revisions"}],"predecessor-version":[{"id":702,"href":"http:\/\/s490497976.online.de\/wordpress\/wp-json\/wp\/v2\/pages\/439\/revisions\/702"}],"wp:attachment":[{"href":"http:\/\/s490497976.online.de\/wordpress\/wp-json\/wp\/v2\/media?parent=439"}],"curies":[{"name":"wp","href":"https:\/\/api.w.org\/{rel}","templated":true}]}}