{"id":46,"date":"2015-02-07T16:36:11","date_gmt":"2015-02-07T15:36:11","guid":{"rendered":"http:\/\/crupishop.apps-1and1.net\/?page_id=46"},"modified":"2019-02-14T18:51:52","modified_gmt":"2019-02-14T17:51:52","slug":"carina-endlein","status":"publish","type":"page","link":"http:\/\/s490497976.online.de\/wordpress\/team-info\/carina-endlein\/","title":{"rendered":"carina endlein -2018"},"content":{"rendered":"<h5><a href=\"http:\/\/s490497976.online.de\/wordpress\/wp-content\/uploads\/2017\/01\/Crupi-Senkvice-aktion-web-38607.jpg\"><img decoding=\"async\" loading=\"lazy\" class=\"size-medium wp-image-587 alignleft\" src=\"http:\/\/s490497976.online.de\/wordpress\/wp-content\/uploads\/2017\/01\/Crupi-Senkvice-aktion-web-38607-200x300.jpg\" alt=\"\" width=\"200\" height=\"300\" srcset=\"http:\/\/s490497976.online.de\/wordpress\/wp-content\/uploads\/2017\/01\/Crupi-Senkvice-aktion-web-38607-200x300.jpg 200w, http:\/\/s490497976.online.de\/wordpress\/wp-content\/uploads\/2017\/01\/Crupi-Senkvice-aktion-web-38607-768x1152.jpg 768w, http:\/\/s490497976.online.de\/wordpress\/wp-content\/uploads\/2017\/01\/Crupi-Senkvice-aktion-web-38607-683x1024.jpg 683w, http:\/\/s490497976.online.de\/wordpress\/wp-content\/uploads\/2017\/01\/Crupi-Senkvice-aktion-web-38607.jpg 1543w\" sizes=\"(max-width: 200px) 100vw, 200px\" \/><\/a>Im Alter von 7 Jahren begann Carina mit dem BMX-Sport. Ihr ersten Rennen bestritt sie 2009 bei den Anf\u00e4ngern in Erlangen am 1. Mai. Darauf folgten einige Rennen in der Beginners Klasse. Bereits im Folgejahr war sie bei den Lizenzfahrern unterwegs. In ihrem ersten Lizenzjahr wurde sie 3. bei der Bayerischen Meisterschaft.<\/h5>\n<h5>Ihr bestes Lizenzjahr war 2014. Hier ging sie in der Sch\u00fcler-Klasse an den Start. Sie wurde Bayerische Meisterin, Doppel-Deutsche Meisterin und fuhr bei der Europameisterschaft ins Halbfinale.<\/h5>\n<h5>Seit 2015 ist sie f\u00fcr das Crupi-Team erfolgreich am Start.<\/h5>\n<h5>Auch 2016 ist ihr\u00a0 wieder eine gute Saison gelungen. Nach dem Titel Bayerische Meisterin und S\u00fcddeutsche Meisterin gelang ihr in Berlin bei der Deutschen Meisterschaft wieder ein Doppelerfolg mit dem\u00a0 Titel im Race und im Time-Trail.<br \/>\nInternational am Start bei der Europameisterschaft in Verona\/Italien\u00a0 und bei der Weltmeisterschaft in Medelin\/Kolumbien erreichte sie jeweils das Viertelfinale.<\/h5>\n<h5>In der BMX-Bundesliga bis zum letzten Rennen in der Rangliste in F\u00fchrung liegend, verletzte sie sich noch im letzten Training vor dem Rennen, so dass sie die letzten beiden Rennl\u00e4ufe verletzungsbedingt nicht starten konnte. Bis auf diesen kleinen R\u00fcckschlag zum Saisonende war dies wieder eine erfolgreiche Rennsaison 2016.<\/h5>\n<h5>Bisherige Erfolge national:<\/h5>\n\n<table id=\"tablepress-1\" class=\"tablepress tablepress-id-1\">\n<thead>\n<tr class=\"row-1 odd\">\n\t<th class=\"column-1\">Jahr<\/th><th class=\"column-2\">Jahrgang<\/th><th class=\"column-3\">Bayerische Meisterschaft<\/th><th class=\"column-4\">Deutsche Meisterschaft<\/th>\n<\/tr>\n<\/thead>\n<tbody class=\"row-hover\">\n<tr class=\"row-2 even\">\n\t<td class=\"column-1\">2010<\/td><td class=\"column-2\">U11<\/td><td class=\"column-3\">3<\/td><td class=\"column-4\"><\/td>\n<\/tr>\n<tr class=\"row-3 odd\">\n\t<td class=\"column-1\">2011<\/td><td class=\"column-2\">U11<\/td><td class=\"column-3\">2<\/td><td class=\"column-4\">4<\/td>\n<\/tr>\n<tr class=\"row-4 even\">\n\t<td class=\"column-1\">2012<\/td><td class=\"column-2\">U13<\/td><td class=\"column-3\">3<\/td><td class=\"column-4\">6<\/td>\n<\/tr>\n<tr class=\"row-5 odd\">\n\t<td class=\"column-1\">2013<\/td><td class=\"column-2\">U13<\/td><td class=\"column-3\">2<\/td><td class=\"column-4\">3<\/td>\n<\/tr>\n<tr class=\"row-6 even\">\n\t<td class=\"column-1\">2014<\/td><td class=\"column-2\">Sch\u00fclerinnen<\/td><td class=\"column-3\">1<\/td><td class=\"column-4\">1<\/td>\n<\/tr>\n<tr class=\"row-7 odd\">\n\t<td class=\"column-1\">2015<\/td><td class=\"column-2\">Sch\u00fclerinnen<\/td><td class=\"column-3\">1<\/td><td class=\"column-4\">2<\/td>\n<\/tr>\n<tr class=\"row-8 even\">\n\t<td class=\"column-1\">2016<\/td><td class=\"column-2\">Jugend weiblich<\/td><td class=\"column-3\">1<\/td><td class=\"column-4\">1<\/td>\n<\/tr>\n<\/tbody>\n<\/table>\n<!-- #tablepress-1 from cache -->\n","protected":false},"excerpt":{"rendered":"<p>Im Alter von 7 Jahren begann Carina mit dem BMX-Sport. Ihr ersten Rennen bestritt sie 2009 bei den Anf\u00e4ngern in Erlangen am 1. Mai. Darauf folgten einige Rennen in der Beginners Klasse. Bereits im Folgejahr war sie bei den Lizenzfahrern unterwegs. In ihrem ersten Lizenzjahr wurde sie 3. bei der Bayerischen Meisterschaft. Ihr bestes Lizenzjahr&#8230; <\/p>\n<div class=\"read-more navbutton\"><a href=\"http:\/\/s490497976.online.de\/wordpress\/team-info\/carina-endlein\/\">Read More<i class=\"fa fa-angle-double-right\"><\/i><\/a><\/div>\n","protected":false},"author":1,"featured_media":0,"parent":27,"menu_order":2,"comment_status":"closed","ping_status":"closed","template":"","meta":{"_mi_skip_tracking":false,"jetpack_post_was_ever_published":false},"yoast_head":"<!-- This site is optimized with the Yoast SEO plugin v19.11 - https:\/\/yoast.com\/wordpress\/plugins\/seo\/ -->\n<title>carina endlein -2018 - BMX-Racing Germany<\/title>\n<meta name=\"robots\" content=\"index, follow, max-snippet:-1, max-image-preview:large, max-video-preview:-1\" \/>\n<link rel=\"canonical\" href=\"http:\/\/s490497976.online.de\/wordpress\/team-info\/carina-endlein\/\" \/>\n<meta property=\"og:locale\" content=\"de_DE\" \/>\n<meta property=\"og:type\" content=\"article\" \/>\n<meta property=\"og:title\" content=\"carina endlein -2018 - BMX-Racing Germany\" \/>\n<meta property=\"og:description\" content=\"Im Alter von 7 Jahren begann Carina mit dem BMX-Sport. Ihr ersten Rennen bestritt sie 2009 bei den Anf\u00e4ngern in Erlangen am 1. Mai. Darauf folgten einige Rennen in der Beginners Klasse. Bereits im Folgejahr war sie bei den Lizenzfahrern unterwegs. In ihrem ersten Lizenzjahr wurde sie 3. bei der Bayerischen Meisterschaft. Ihr bestes Lizenzjahr... Read More\" \/>\n<meta property=\"og:url\" content=\"http:\/\/s490497976.online.de\/wordpress\/team-info\/carina-endlein\/\" \/>\n<meta property=\"og:site_name\" content=\"BMX-Racing Germany\" \/>\n<meta property=\"article:modified_time\" content=\"2019-02-14T17:51:52+00:00\" \/>\n<meta property=\"og:image\" content=\"http:\/\/s490497976.online.de\/wordpress\/wp-content\/uploads\/2017\/01\/Crupi-Senkvice-aktion-web-38607-200x300.jpg\" \/>\n<meta name=\"twitter:label1\" content=\"Gesch\u00e4tzte Lesezeit\" \/>\n\t<meta name=\"twitter:data1\" content=\"1\u00a0Minute\" \/>\n<script type=\"application\/ld+json\" class=\"yoast-schema-graph\">{\"@context\":\"https:\/\/schema.org\",\"@graph\":[{\"@type\":\"WebPage\",\"@id\":\"http:\/\/s490497976.online.de\/wordpress\/team-info\/carina-endlein\/\",\"url\":\"http:\/\/s490497976.online.de\/wordpress\/team-info\/carina-endlein\/\",\"name\":\"carina endlein -2018 - BMX-Racing Germany\",\"isPartOf\":{\"@id\":\"http:\/\/s490497976.online.de\/wordpress\/#website\"},\"datePublished\":\"2015-02-07T15:36:11+00:00\",\"dateModified\":\"2019-02-14T17:51:52+00:00\",\"breadcrumb\":{\"@id\":\"http:\/\/s490497976.online.de\/wordpress\/team-info\/carina-endlein\/#breadcrumb\"},\"inLanguage\":\"de\",\"potentialAction\":[{\"@type\":\"ReadAction\",\"target\":[\"http:\/\/s490497976.online.de\/wordpress\/team-info\/carina-endlein\/\"]}]},{\"@type\":\"BreadcrumbList\",\"@id\":\"http:\/\/s490497976.online.de\/wordpress\/team-info\/carina-endlein\/#breadcrumb\",\"itemListElement\":[{\"@type\":\"ListItem\",\"position\":1,\"name\":\"Home\",\"item\":\"http:\/\/s490497976.online.de\/wordpress\/\"},{\"@type\":\"ListItem\",\"position\":2,\"name\":\"team info\",\"item\":\"http:\/\/s490497976.online.de\/wordpress\/team-info\/\"},{\"@type\":\"ListItem\",\"position\":3,\"name\":\"carina endlein -2018\"}]},{\"@type\":\"WebSite\",\"@id\":\"http:\/\/s490497976.online.de\/wordpress\/#website\",\"url\":\"http:\/\/s490497976.online.de\/wordpress\/\",\"name\":\"BMX-Racing Germany\",\"description\":\"Welcome to CRUPI-Team-Germany!\",\"potentialAction\":[{\"@type\":\"SearchAction\",\"target\":{\"@type\":\"EntryPoint\",\"urlTemplate\":\"http:\/\/s490497976.online.de\/wordpress\/?s={search_term_string}\"},\"query-input\":\"required name=search_term_string\"}],\"inLanguage\":\"de\"}]}<\/script>\n<!-- \/ Yoast SEO plugin. -->","yoast_head_json":{"title":"carina endlein -2018 - BMX-Racing Germany","robots":{"index":"index","follow":"follow","max-snippet":"max-snippet:-1","max-image-preview":"max-image-preview:large","max-video-preview":"max-video-preview:-1"},"canonical":"http:\/\/s490497976.online.de\/wordpress\/team-info\/carina-endlein\/","og_locale":"de_DE","og_type":"article","og_title":"carina endlein -2018 - BMX-Racing Germany","og_description":"Im Alter von 7 Jahren begann Carina mit dem BMX-Sport. Ihr ersten Rennen bestritt sie 2009 bei den Anf\u00e4ngern in Erlangen am 1. Mai. Darauf folgten einige Rennen in der Beginners Klasse. Bereits im Folgejahr war sie bei den Lizenzfahrern unterwegs. In ihrem ersten Lizenzjahr wurde sie 3. bei der Bayerischen Meisterschaft. Ihr bestes Lizenzjahr... Read More","og_url":"http:\/\/s490497976.online.de\/wordpress\/team-info\/carina-endlein\/","og_site_name":"BMX-Racing Germany","article_modified_time":"2019-02-14T17:51:52+00:00","og_image":[{"url":"http:\/\/s490497976.online.de\/wordpress\/wp-content\/uploads\/2017\/01\/Crupi-Senkvice-aktion-web-38607-200x300.jpg"}],"twitter_misc":{"Gesch\u00e4tzte Lesezeit":"1\u00a0Minute"},"schema":{"@context":"https:\/\/schema.org","@graph":[{"@type":"WebPage","@id":"http:\/\/s490497976.online.de\/wordpress\/team-info\/carina-endlein\/","url":"http:\/\/s490497976.online.de\/wordpress\/team-info\/carina-endlein\/","name":"carina endlein -2018 - BMX-Racing Germany","isPartOf":{"@id":"http:\/\/s490497976.online.de\/wordpress\/#website"},"datePublished":"2015-02-07T15:36:11+00:00","dateModified":"2019-02-14T17:51:52+00:00","breadcrumb":{"@id":"http:\/\/s490497976.online.de\/wordpress\/team-info\/carina-endlein\/#breadcrumb"},"inLanguage":"de","potentialAction":[{"@type":"ReadAction","target":["http:\/\/s490497976.online.de\/wordpress\/team-info\/carina-endlein\/"]}]},{"@type":"BreadcrumbList","@id":"http:\/\/s490497976.online.de\/wordpress\/team-info\/carina-endlein\/#breadcrumb","itemListElement":[{"@type":"ListItem","position":1,"name":"Home","item":"http:\/\/s490497976.online.de\/wordpress\/"},{"@type":"ListItem","position":2,"name":"team info","item":"http:\/\/s490497976.online.de\/wordpress\/team-info\/"},{"@type":"ListItem","position":3,"name":"carina endlein -2018"}]},{"@type":"WebSite","@id":"http:\/\/s490497976.online.de\/wordpress\/#website","url":"http:\/\/s490497976.online.de\/wordpress\/","name":"BMX-Racing Germany","description":"Welcome to CRUPI-Team-Germany!","potentialAction":[{"@type":"SearchAction","target":{"@type":"EntryPoint","urlTemplate":"http:\/\/s490497976.online.de\/wordpress\/?s={search_term_string}"},"query-input":"required name=search_term_string"}],"inLanguage":"de"}]}},"jetpack_sharing_enabled":true,"jetpack_shortlink":"https:\/\/wp.me\/P7nO8R-K","_links":{"self":[{"href":"http:\/\/s490497976.online.de\/wordpress\/wp-json\/wp\/v2\/pages\/46"}],"collection":[{"href":"http:\/\/s490497976.online.de\/wordpress\/wp-json\/wp\/v2\/pages"}],"about":[{"href":"http:\/\/s490497976.online.de\/wordpress\/wp-json\/wp\/v2\/types\/page"}],"author":[{"embeddable":true,"href":"http:\/\/s490497976.online.de\/wordpress\/wp-json\/wp\/v2\/users\/1"}],"replies":[{"embeddable":true,"href":"http:\/\/s490497976.online.de\/wordpress\/wp-json\/wp\/v2\/comments?post=46"}],"version-history":[{"count":12,"href":"http:\/\/s490497976.online.de\/wordpress\/wp-json\/wp\/v2\/pages\/46\/revisions"}],"predecessor-version":[{"id":761,"href":"http:\/\/s490497976.online.de\/wordpress\/wp-json\/wp\/v2\/pages\/46\/revisions\/761"}],"up":[{"embeddable":true,"href":"http:\/\/s490497976.online.de\/wordpress\/wp-json\/wp\/v2\/pages\/27"}],"wp:attachment":[{"href":"http:\/\/s490497976.online.de\/wordpress\/wp-json\/wp\/v2\/media?parent=46"}],"curies":[{"name":"wp","href":"https:\/\/api.w.org\/{rel}","templated":true}]}}