{"id":48,"date":"2015-02-07T16:37:06","date_gmt":"2015-02-07T16:37:06","guid":{"rendered":"http:\/\/crupishop.apps-1and1.net\/?page_id=48"},"modified":"2016-03-27T18:36:05","modified_gmt":"2016-03-27T16:36:05","slug":"jonas-bokelberg","status":"publish","type":"page","link":"http:\/\/s490497976.online.de\/wordpress\/team-info\/jonas-bokelberg\/","title":{"rendered":"jonas bokelberg &#8211; 2015"},"content":{"rendered":"<h5><a href=\"http:\/\/s490497976.online.de\/wordpress\/wp-content\/uploads\/2015\/02\/IMG_9468-e1424637704157.jpg\"><img decoding=\"async\" loading=\"lazy\" class=\" size-medium wp-image-313 alignleft\" src=\"http:\/\/s490497976.online.de\/wordpress\/wp-content\/uploads\/2015\/02\/IMG_9468-e1424637704157-196x300.jpg\" alt=\"IMG_9468\" width=\"196\" height=\"300\" srcset=\"http:\/\/s490497976.online.de\/wordpress\/wp-content\/uploads\/2015\/02\/IMG_9468-e1424637704157-196x300.jpg 196w, http:\/\/s490497976.online.de\/wordpress\/wp-content\/uploads\/2015\/02\/IMG_9468-e1424637704157.jpg 407w\" sizes=\"(max-width: 196px) 100vw, 196px\" \/><\/a>Durch seinen \u00e4lteren Bruder inspiriert, begann Jonas sich im Alter von 8 Jahren f\u00fcr den BMX-Sport zu interessieren. Nach ein paar Trainingsteilnahmen fuhr er 2010 in der Anf\u00e4ngerklasse U11 sein erstes Rennen und errang gleich einen Podest-Platz. Es folgten weitere Rennen mit Podiumspl\u00e4tzen.<\/h5>\n<h5>Aufgrund seiner guten Leistungen fuhr er 2011 in der Lizenzklasse U11. Er wurde auf Anhieb Bay. Meister und beendete die Bundesliga-Rennserie als Zweiter. Bei der Deutschen Meisterschaft erreichte er einen f\u00fcr sich entt\u00e4uschenden siebten Platz, nachdem er in einen Sturz verwickelt war.<\/h5>\n<h5>2012 startete Jonas als j\u00fcngerer Jahrgang in der Lizenzklasse U13. Hier erreichte er meistens das Finale und konnte sogar einige Podest-Pl\u00e4tze ergattern. Die Bay. Meisterschaft beendete er als Dritter, die Deutsche Meisterschaft als Vierter und die Bundesliga-Gesamtwertung als F\u00fcnfter.<\/h5>\n<h5>2013 fuhr er eine \u00e4u\u00dferst erfolgreiche Saison und wurde Dritter bei der Deutschen Meisterschaft wie auch in der Bundesliga-Gesamtwertung.<\/h5>\n<h5><\/h5>\n","protected":false},"excerpt":{"rendered":"<p>Durch seinen \u00e4lteren Bruder inspiriert, begann Jonas sich im Alter von 8 Jahren f\u00fcr den BMX-Sport zu interessieren. Nach ein paar Trainingsteilnahmen fuhr er 2010 in der Anf\u00e4ngerklasse U11 sein erstes Rennen und errang gleich einen Podest-Platz. Es folgten weitere Rennen mit Podiumspl\u00e4tzen. Aufgrund seiner guten Leistungen fuhr er 2011 in der Lizenzklasse U11. Er&#8230; <\/p>\n<div class=\"read-more navbutton\"><a href=\"http:\/\/s490497976.online.de\/wordpress\/team-info\/jonas-bokelberg\/\">Read More<i class=\"fa fa-angle-double-right\"><\/i><\/a><\/div>\n","protected":false},"author":1,"featured_media":0,"parent":27,"menu_order":3,"comment_status":"closed","ping_status":"closed","template":"","meta":{"_mi_skip_tracking":false,"jetpack_post_was_ever_published":false},"yoast_head":"<!-- This site is optimized with the Yoast SEO plugin v19.11 - https:\/\/yoast.com\/wordpress\/plugins\/seo\/ -->\n<title>jonas bokelberg - 2015 - BMX-Racing Germany<\/title>\n<meta name=\"robots\" content=\"index, follow, max-snippet:-1, max-image-preview:large, max-video-preview:-1\" \/>\n<link rel=\"canonical\" href=\"http:\/\/s490497976.online.de\/wordpress\/team-info\/jonas-bokelberg\/\" \/>\n<meta property=\"og:locale\" content=\"de_DE\" \/>\n<meta property=\"og:type\" content=\"article\" \/>\n<meta property=\"og:title\" content=\"jonas bokelberg - 2015 - BMX-Racing Germany\" \/>\n<meta property=\"og:description\" content=\"Durch seinen \u00e4lteren Bruder inspiriert, begann Jonas sich im Alter von 8 Jahren f\u00fcr den BMX-Sport zu interessieren. Nach ein paar Trainingsteilnahmen fuhr er 2010 in der Anf\u00e4ngerklasse U11 sein erstes Rennen und errang gleich einen Podest-Platz. Es folgten weitere Rennen mit Podiumspl\u00e4tzen. Aufgrund seiner guten Leistungen fuhr er 2011 in der Lizenzklasse U11. Er... Read More\" \/>\n<meta property=\"og:url\" content=\"http:\/\/s490497976.online.de\/wordpress\/team-info\/jonas-bokelberg\/\" \/>\n<meta property=\"og:site_name\" content=\"BMX-Racing Germany\" \/>\n<meta property=\"article:modified_time\" content=\"2016-03-27T16:36:05+00:00\" \/>\n<meta property=\"og:image\" content=\"http:\/\/s490497976.online.de\/wordpress\/wp-content\/uploads\/2015\/02\/IMG_9468-e1424637704157-196x300.jpg\" \/>\n<meta name=\"twitter:label1\" content=\"Gesch\u00e4tzte Lesezeit\" \/>\n\t<meta name=\"twitter:data1\" content=\"1\u00a0Minute\" \/>\n<script type=\"application\/ld+json\" class=\"yoast-schema-graph\">{\"@context\":\"https:\/\/schema.org\",\"@graph\":[{\"@type\":\"WebPage\",\"@id\":\"http:\/\/s490497976.online.de\/wordpress\/team-info\/jonas-bokelberg\/\",\"url\":\"http:\/\/s490497976.online.de\/wordpress\/team-info\/jonas-bokelberg\/\",\"name\":\"jonas bokelberg - 2015 - BMX-Racing Germany\",\"isPartOf\":{\"@id\":\"http:\/\/s490497976.online.de\/wordpress\/#website\"},\"datePublished\":\"2015-02-07T16:37:06+00:00\",\"dateModified\":\"2016-03-27T16:36:05+00:00\",\"breadcrumb\":{\"@id\":\"http:\/\/s490497976.online.de\/wordpress\/team-info\/jonas-bokelberg\/#breadcrumb\"},\"inLanguage\":\"de\",\"potentialAction\":[{\"@type\":\"ReadAction\",\"target\":[\"http:\/\/s490497976.online.de\/wordpress\/team-info\/jonas-bokelberg\/\"]}]},{\"@type\":\"BreadcrumbList\",\"@id\":\"http:\/\/s490497976.online.de\/wordpress\/team-info\/jonas-bokelberg\/#breadcrumb\",\"itemListElement\":[{\"@type\":\"ListItem\",\"position\":1,\"name\":\"Home\",\"item\":\"http:\/\/s490497976.online.de\/wordpress\/\"},{\"@type\":\"ListItem\",\"position\":2,\"name\":\"team info\",\"item\":\"http:\/\/s490497976.online.de\/wordpress\/team-info\/\"},{\"@type\":\"ListItem\",\"position\":3,\"name\":\"jonas bokelberg &#8211; 2015\"}]},{\"@type\":\"WebSite\",\"@id\":\"http:\/\/s490497976.online.de\/wordpress\/#website\",\"url\":\"http:\/\/s490497976.online.de\/wordpress\/\",\"name\":\"BMX-Racing Germany\",\"description\":\"Welcome to CRUPI-Team-Germany!\",\"potentialAction\":[{\"@type\":\"SearchAction\",\"target\":{\"@type\":\"EntryPoint\",\"urlTemplate\":\"http:\/\/s490497976.online.de\/wordpress\/?s={search_term_string}\"},\"query-input\":\"required name=search_term_string\"}],\"inLanguage\":\"de\"}]}<\/script>\n<!-- \/ Yoast SEO plugin. -->","yoast_head_json":{"title":"jonas bokelberg - 2015 - BMX-Racing Germany","robots":{"index":"index","follow":"follow","max-snippet":"max-snippet:-1","max-image-preview":"max-image-preview:large","max-video-preview":"max-video-preview:-1"},"canonical":"http:\/\/s490497976.online.de\/wordpress\/team-info\/jonas-bokelberg\/","og_locale":"de_DE","og_type":"article","og_title":"jonas bokelberg - 2015 - BMX-Racing Germany","og_description":"Durch seinen \u00e4lteren Bruder inspiriert, begann Jonas sich im Alter von 8 Jahren f\u00fcr den BMX-Sport zu interessieren. Nach ein paar Trainingsteilnahmen fuhr er 2010 in der Anf\u00e4ngerklasse U11 sein erstes Rennen und errang gleich einen Podest-Platz. Es folgten weitere Rennen mit Podiumspl\u00e4tzen. Aufgrund seiner guten Leistungen fuhr er 2011 in der Lizenzklasse U11. Er... Read More","og_url":"http:\/\/s490497976.online.de\/wordpress\/team-info\/jonas-bokelberg\/","og_site_name":"BMX-Racing Germany","article_modified_time":"2016-03-27T16:36:05+00:00","og_image":[{"url":"http:\/\/s490497976.online.de\/wordpress\/wp-content\/uploads\/2015\/02\/IMG_9468-e1424637704157-196x300.jpg"}],"twitter_misc":{"Gesch\u00e4tzte Lesezeit":"1\u00a0Minute"},"schema":{"@context":"https:\/\/schema.org","@graph":[{"@type":"WebPage","@id":"http:\/\/s490497976.online.de\/wordpress\/team-info\/jonas-bokelberg\/","url":"http:\/\/s490497976.online.de\/wordpress\/team-info\/jonas-bokelberg\/","name":"jonas bokelberg - 2015 - BMX-Racing Germany","isPartOf":{"@id":"http:\/\/s490497976.online.de\/wordpress\/#website"},"datePublished":"2015-02-07T16:37:06+00:00","dateModified":"2016-03-27T16:36:05+00:00","breadcrumb":{"@id":"http:\/\/s490497976.online.de\/wordpress\/team-info\/jonas-bokelberg\/#breadcrumb"},"inLanguage":"de","potentialAction":[{"@type":"ReadAction","target":["http:\/\/s490497976.online.de\/wordpress\/team-info\/jonas-bokelberg\/"]}]},{"@type":"BreadcrumbList","@id":"http:\/\/s490497976.online.de\/wordpress\/team-info\/jonas-bokelberg\/#breadcrumb","itemListElement":[{"@type":"ListItem","position":1,"name":"Home","item":"http:\/\/s490497976.online.de\/wordpress\/"},{"@type":"ListItem","position":2,"name":"team info","item":"http:\/\/s490497976.online.de\/wordpress\/team-info\/"},{"@type":"ListItem","position":3,"name":"jonas bokelberg &#8211; 2015"}]},{"@type":"WebSite","@id":"http:\/\/s490497976.online.de\/wordpress\/#website","url":"http:\/\/s490497976.online.de\/wordpress\/","name":"BMX-Racing Germany","description":"Welcome to CRUPI-Team-Germany!","potentialAction":[{"@type":"SearchAction","target":{"@type":"EntryPoint","urlTemplate":"http:\/\/s490497976.online.de\/wordpress\/?s={search_term_string}"},"query-input":"required name=search_term_string"}],"inLanguage":"de"}]}},"jetpack_sharing_enabled":true,"jetpack_shortlink":"https:\/\/wp.me\/P7nO8R-M","_links":{"self":[{"href":"http:\/\/s490497976.online.de\/wordpress\/wp-json\/wp\/v2\/pages\/48"}],"collection":[{"href":"http:\/\/s490497976.online.de\/wordpress\/wp-json\/wp\/v2\/pages"}],"about":[{"href":"http:\/\/s490497976.online.de\/wordpress\/wp-json\/wp\/v2\/types\/page"}],"author":[{"embeddable":true,"href":"http:\/\/s490497976.online.de\/wordpress\/wp-json\/wp\/v2\/users\/1"}],"replies":[{"embeddable":true,"href":"http:\/\/s490497976.online.de\/wordpress\/wp-json\/wp\/v2\/comments?post=48"}],"version-history":[{"count":5,"href":"http:\/\/s490497976.online.de\/wordpress\/wp-json\/wp\/v2\/pages\/48\/revisions"}],"predecessor-version":[{"id":429,"href":"http:\/\/s490497976.online.de\/wordpress\/wp-json\/wp\/v2\/pages\/48\/revisions\/429"}],"up":[{"embeddable":true,"href":"http:\/\/s490497976.online.de\/wordpress\/wp-json\/wp\/v2\/pages\/27"}],"wp:attachment":[{"href":"http:\/\/s490497976.online.de\/wordpress\/wp-json\/wp\/v2\/media?parent=48"}],"curies":[{"name":"wp","href":"https:\/\/api.w.org\/{rel}","templated":true}]}}