{"id":50,"date":"2015-02-07T16:37:59","date_gmt":"2015-02-07T16:37:59","guid":{"rendered":"http:\/\/crupishop.apps-1and1.net\/?page_id=50"},"modified":"2016-03-27T18:36:54","modified_gmt":"2016-03-27T16:36:54","slug":"jan-fruehwald","status":"publish","type":"page","link":"http:\/\/s490497976.online.de\/wordpress\/team-info\/jan-fruehwald\/","title":{"rendered":"jan fr\u00fchwald &#8211; 2015"},"content":{"rendered":"<h5><a href=\"http:\/\/s490497976.online.de\/wordpress\/wp-content\/uploads\/2015\/02\/CIMG7142-e1424893756486.jpg\"><img decoding=\"async\" loading=\"lazy\" class=\" size-medium wp-image-316 alignleft\" src=\"http:\/\/s490497976.online.de\/wordpress\/wp-content\/uploads\/2015\/02\/CIMG7142-e1424893756486-218x300.jpg\" alt=\"CIMG7142\" width=\"218\" height=\"300\" srcset=\"http:\/\/s490497976.online.de\/wordpress\/wp-content\/uploads\/2015\/02\/CIMG7142-e1424893756486-218x300.jpg 218w, http:\/\/s490497976.online.de\/wordpress\/wp-content\/uploads\/2015\/02\/CIMG7142-e1424893756486.jpg 368w\" sizes=\"(max-width: 218px) 100vw, 218px\" \/><\/a>Nachdem er schon seit fr\u00fcher Kindheit mit seinem Fahrrad lieber abseits befestigter Wege unterwegs ist, wird er im Herbst 2007 von einem Freund erstmals zu einem BMX-Training auf die Bahn des RC 50 Erlangen mitgenommen und ist sofort begeistert. Er beginnt mit dem Training und f\u00e4hrt im Sommer 2008 sein erstes Anf\u00e4ngerrennen in der Klasse U11.<\/h5>\n<h5>Ein Armbruch im Training (es sollte nicht der letzte sein) zu Beginn der Saison 2009 beendet diese dann fr\u00fchzeitig, und er kann erst im folgenden Jahr wieder intensiver Rennen fahren und 2010 auch einen ersten Sieg in einem Bayernpokallauf in der Klasse Anf\u00e4nger U13 einfahren.<\/h5>\n<h5>2011 ist sein erstes Jahr als Lizenzfahrer. Nach einem eher verhaltenen Saisonstart als j\u00fcngerer Jahrgang kann er ab Mitte des Jahres in der Klasse Sch\u00fcler U15 in Bayern das Fahrerfeld dominieren und gewinnt, nach f\u00fcnf Siegen in den Bayernpokall\u00e4ufen in Folge auch die Gesamtwertung und wird Bayernpokalgesamtsieger 2011.<\/h5>\n<h5>Noch besser wird das Jahr 2012. Er setzt seine Siegesserie aus 2011 im Bayernpokal fort und bleibt 15 Rennen in Folge ungeschlagen und ist mit dem Gesamtsieg 2012 zum zweiten Mal in Folge der schnellste bayerische Fahrer seiner Klasse. Bei der Deutschen Meisterschaft in Kornwestheim wird er Dritter und gewinnt in der Bundesliga 2 L\u00e4ufe in Weiterstadt und Vechta.<\/h5>\n<h5>Seinen bislang gr\u00f6\u00dften Erfolg hat er im Jahr 2013 mit dem deutschen Vizemeistertitel im Timetrail. Als j\u00fcngerer Jahrgang in der Klasse Jugend kann er die Bundesliga mit einem erfolgreichen 4. Platz in der Gesamtwertung abschlie\u00dfen.<\/h5>\n<h5>2014 erk\u00e4mpft er sich in der Bundesliga wieder einige Podiumspl\u00e4tze und damit auch den 3. Platz in der Gesamtwertung Bundesliga Jugend. Das pers\u00f6nliche Highlight 2014 ist zweifellos die Teilnahme an der WM in Rotterdam.<\/h5>\n<h5>Dieses Jahr wird er erstmals in der Klasse Junior Men starten. Wir sind gespannt und w\u00fcnschen viel Erfolg!<\/h5>\n","protected":false},"excerpt":{"rendered":"<p>Nachdem er schon seit fr\u00fcher Kindheit mit seinem Fahrrad lieber abseits befestigter Wege unterwegs ist, wird er im Herbst 2007 von einem Freund erstmals zu einem BMX-Training auf die Bahn des RC 50 Erlangen mitgenommen und ist sofort begeistert. Er beginnt mit dem Training und f\u00e4hrt im Sommer 2008 sein erstes Anf\u00e4ngerrennen in der Klasse&#8230; <\/p>\n<div class=\"read-more navbutton\"><a href=\"http:\/\/s490497976.online.de\/wordpress\/team-info\/jan-fruehwald\/\">Read More<i class=\"fa fa-angle-double-right\"><\/i><\/a><\/div>\n","protected":false},"author":1,"featured_media":0,"parent":27,"menu_order":4,"comment_status":"closed","ping_status":"closed","template":"","meta":{"_mi_skip_tracking":false,"jetpack_post_was_ever_published":false},"yoast_head":"<!-- This site is optimized with the Yoast SEO plugin v19.11 - https:\/\/yoast.com\/wordpress\/plugins\/seo\/ -->\n<title>jan fr\u00fchwald - 2015 - BMX-Racing Germany<\/title>\n<meta name=\"robots\" content=\"index, follow, max-snippet:-1, max-image-preview:large, max-video-preview:-1\" \/>\n<link rel=\"canonical\" href=\"http:\/\/s490497976.online.de\/wordpress\/team-info\/jan-fruehwald\/\" \/>\n<meta property=\"og:locale\" content=\"de_DE\" \/>\n<meta property=\"og:type\" content=\"article\" \/>\n<meta property=\"og:title\" content=\"jan fr\u00fchwald - 2015 - BMX-Racing Germany\" \/>\n<meta property=\"og:description\" content=\"Nachdem er schon seit fr\u00fcher Kindheit mit seinem Fahrrad lieber abseits befestigter Wege unterwegs ist, wird er im Herbst 2007 von einem Freund erstmals zu einem BMX-Training auf die Bahn des RC 50 Erlangen mitgenommen und ist sofort begeistert. Er beginnt mit dem Training und f\u00e4hrt im Sommer 2008 sein erstes Anf\u00e4ngerrennen in der Klasse... Read More\" \/>\n<meta property=\"og:url\" content=\"http:\/\/s490497976.online.de\/wordpress\/team-info\/jan-fruehwald\/\" \/>\n<meta property=\"og:site_name\" content=\"BMX-Racing Germany\" \/>\n<meta property=\"article:modified_time\" content=\"2016-03-27T16:36:54+00:00\" \/>\n<meta property=\"og:image\" content=\"http:\/\/s490497976.online.de\/wordpress\/wp-content\/uploads\/2015\/02\/CIMG7142-e1424893756486-218x300.jpg\" \/>\n<meta name=\"twitter:label1\" content=\"Gesch\u00e4tzte Lesezeit\" \/>\n\t<meta name=\"twitter:data1\" content=\"1\u00a0Minute\" \/>\n<script type=\"application\/ld+json\" class=\"yoast-schema-graph\">{\"@context\":\"https:\/\/schema.org\",\"@graph\":[{\"@type\":\"WebPage\",\"@id\":\"http:\/\/s490497976.online.de\/wordpress\/team-info\/jan-fruehwald\/\",\"url\":\"http:\/\/s490497976.online.de\/wordpress\/team-info\/jan-fruehwald\/\",\"name\":\"jan fr\u00fchwald - 2015 - BMX-Racing Germany\",\"isPartOf\":{\"@id\":\"http:\/\/s490497976.online.de\/wordpress\/#website\"},\"datePublished\":\"2015-02-07T16:37:59+00:00\",\"dateModified\":\"2016-03-27T16:36:54+00:00\",\"breadcrumb\":{\"@id\":\"http:\/\/s490497976.online.de\/wordpress\/team-info\/jan-fruehwald\/#breadcrumb\"},\"inLanguage\":\"de\",\"potentialAction\":[{\"@type\":\"ReadAction\",\"target\":[\"http:\/\/s490497976.online.de\/wordpress\/team-info\/jan-fruehwald\/\"]}]},{\"@type\":\"BreadcrumbList\",\"@id\":\"http:\/\/s490497976.online.de\/wordpress\/team-info\/jan-fruehwald\/#breadcrumb\",\"itemListElement\":[{\"@type\":\"ListItem\",\"position\":1,\"name\":\"Home\",\"item\":\"http:\/\/s490497976.online.de\/wordpress\/\"},{\"@type\":\"ListItem\",\"position\":2,\"name\":\"team info\",\"item\":\"http:\/\/s490497976.online.de\/wordpress\/team-info\/\"},{\"@type\":\"ListItem\",\"position\":3,\"name\":\"jan fr\u00fchwald &#8211; 2015\"}]},{\"@type\":\"WebSite\",\"@id\":\"http:\/\/s490497976.online.de\/wordpress\/#website\",\"url\":\"http:\/\/s490497976.online.de\/wordpress\/\",\"name\":\"BMX-Racing Germany\",\"description\":\"Welcome to CRUPI-Team-Germany!\",\"potentialAction\":[{\"@type\":\"SearchAction\",\"target\":{\"@type\":\"EntryPoint\",\"urlTemplate\":\"http:\/\/s490497976.online.de\/wordpress\/?s={search_term_string}\"},\"query-input\":\"required name=search_term_string\"}],\"inLanguage\":\"de\"}]}<\/script>\n<!-- \/ Yoast SEO plugin. -->","yoast_head_json":{"title":"jan fr\u00fchwald - 2015 - BMX-Racing Germany","robots":{"index":"index","follow":"follow","max-snippet":"max-snippet:-1","max-image-preview":"max-image-preview:large","max-video-preview":"max-video-preview:-1"},"canonical":"http:\/\/s490497976.online.de\/wordpress\/team-info\/jan-fruehwald\/","og_locale":"de_DE","og_type":"article","og_title":"jan fr\u00fchwald - 2015 - BMX-Racing Germany","og_description":"Nachdem er schon seit fr\u00fcher Kindheit mit seinem Fahrrad lieber abseits befestigter Wege unterwegs ist, wird er im Herbst 2007 von einem Freund erstmals zu einem BMX-Training auf die Bahn des RC 50 Erlangen mitgenommen und ist sofort begeistert. Er beginnt mit dem Training und f\u00e4hrt im Sommer 2008 sein erstes Anf\u00e4ngerrennen in der Klasse... Read More","og_url":"http:\/\/s490497976.online.de\/wordpress\/team-info\/jan-fruehwald\/","og_site_name":"BMX-Racing Germany","article_modified_time":"2016-03-27T16:36:54+00:00","og_image":[{"url":"http:\/\/s490497976.online.de\/wordpress\/wp-content\/uploads\/2015\/02\/CIMG7142-e1424893756486-218x300.jpg"}],"twitter_misc":{"Gesch\u00e4tzte Lesezeit":"1\u00a0Minute"},"schema":{"@context":"https:\/\/schema.org","@graph":[{"@type":"WebPage","@id":"http:\/\/s490497976.online.de\/wordpress\/team-info\/jan-fruehwald\/","url":"http:\/\/s490497976.online.de\/wordpress\/team-info\/jan-fruehwald\/","name":"jan fr\u00fchwald - 2015 - BMX-Racing Germany","isPartOf":{"@id":"http:\/\/s490497976.online.de\/wordpress\/#website"},"datePublished":"2015-02-07T16:37:59+00:00","dateModified":"2016-03-27T16:36:54+00:00","breadcrumb":{"@id":"http:\/\/s490497976.online.de\/wordpress\/team-info\/jan-fruehwald\/#breadcrumb"},"inLanguage":"de","potentialAction":[{"@type":"ReadAction","target":["http:\/\/s490497976.online.de\/wordpress\/team-info\/jan-fruehwald\/"]}]},{"@type":"BreadcrumbList","@id":"http:\/\/s490497976.online.de\/wordpress\/team-info\/jan-fruehwald\/#breadcrumb","itemListElement":[{"@type":"ListItem","position":1,"name":"Home","item":"http:\/\/s490497976.online.de\/wordpress\/"},{"@type":"ListItem","position":2,"name":"team info","item":"http:\/\/s490497976.online.de\/wordpress\/team-info\/"},{"@type":"ListItem","position":3,"name":"jan fr\u00fchwald &#8211; 2015"}]},{"@type":"WebSite","@id":"http:\/\/s490497976.online.de\/wordpress\/#website","url":"http:\/\/s490497976.online.de\/wordpress\/","name":"BMX-Racing Germany","description":"Welcome to CRUPI-Team-Germany!","potentialAction":[{"@type":"SearchAction","target":{"@type":"EntryPoint","urlTemplate":"http:\/\/s490497976.online.de\/wordpress\/?s={search_term_string}"},"query-input":"required name=search_term_string"}],"inLanguage":"de"}]}},"jetpack_sharing_enabled":true,"jetpack_shortlink":"https:\/\/wp.me\/P7nO8R-O","_links":{"self":[{"href":"http:\/\/s490497976.online.de\/wordpress\/wp-json\/wp\/v2\/pages\/50"}],"collection":[{"href":"http:\/\/s490497976.online.de\/wordpress\/wp-json\/wp\/v2\/pages"}],"about":[{"href":"http:\/\/s490497976.online.de\/wordpress\/wp-json\/wp\/v2\/types\/page"}],"author":[{"embeddable":true,"href":"http:\/\/s490497976.online.de\/wordpress\/wp-json\/wp\/v2\/users\/1"}],"replies":[{"embeddable":true,"href":"http:\/\/s490497976.online.de\/wordpress\/wp-json\/wp\/v2\/comments?post=50"}],"version-history":[{"count":8,"href":"http:\/\/s490497976.online.de\/wordpress\/wp-json\/wp\/v2\/pages\/50\/revisions"}],"predecessor-version":[{"id":430,"href":"http:\/\/s490497976.online.de\/wordpress\/wp-json\/wp\/v2\/pages\/50\/revisions\/430"}],"up":[{"embeddable":true,"href":"http:\/\/s490497976.online.de\/wordpress\/wp-json\/wp\/v2\/pages\/27"}],"wp:attachment":[{"href":"http:\/\/s490497976.online.de\/wordpress\/wp-json\/wp\/v2\/media?parent=50"}],"curies":[{"name":"wp","href":"https:\/\/api.w.org\/{rel}","templated":true}]}}