{"id":524,"date":"2016-05-31T23:42:17","date_gmt":"2016-05-31T21:42:17","guid":{"rendered":"http:\/\/www.crupi-germany.de\/?page_id=524"},"modified":"2019-02-14T18:51:10","modified_gmt":"2019-02-14T17:51:10","slug":"noah-saar","status":"publish","type":"page","link":"http:\/\/s490497976.online.de\/wordpress\/noah-saar\/","title":{"rendered":"noah saar &#8211; 2018"},"content":{"rendered":"<h5><a href=\"http:\/\/s490497976.online.de\/wordpress\/wp-content\/uploads\/2017\/01\/Crupi-Senkvice-aktion-web-38618.jpg\"><img decoding=\"async\" loading=\"lazy\" class=\"size-medium wp-image-582 alignleft\" src=\"http:\/\/s490497976.online.de\/wordpress\/wp-content\/uploads\/2017\/01\/Crupi-Senkvice-aktion-web-38618-200x300.jpg\" alt=\"\" width=\"200\" height=\"300\" srcset=\"http:\/\/s490497976.online.de\/wordpress\/wp-content\/uploads\/2017\/01\/Crupi-Senkvice-aktion-web-38618-200x300.jpg 200w, http:\/\/s490497976.online.de\/wordpress\/wp-content\/uploads\/2017\/01\/Crupi-Senkvice-aktion-web-38618-768x1152.jpg 768w, http:\/\/s490497976.online.de\/wordpress\/wp-content\/uploads\/2017\/01\/Crupi-Senkvice-aktion-web-38618-683x1024.jpg 683w, http:\/\/s490497976.online.de\/wordpress\/wp-content\/uploads\/2017\/01\/Crupi-Senkvice-aktion-web-38618.jpg 1535w\" sizes=\"(max-width: 200px) 100vw, 200px\" \/><\/a>Noah f\u00e4hrt das Jahr 2017 mit Startnummer 06 in der Sch\u00fclerklasse.<br \/>\nEr hat im zarten Alter von 2 1\/2 Jahren mit einem Laufrad angefangen die Waldwege rund um seinen Heimatort unsicher zu machen. Mit 3 1\/2 bekam er erstmals ein Tretlager und wusste es gleich einzusetzen. Nur mit der Bremse hat er es nicht so. Zum einen hat er den Hebel links montiert, zum anderen benutzt er sie eigentlich gar nicht.<br \/>\nGleich in seinem ersten Jahr\u00a0 als Anf\u00e4nger\u00a0 konnte er die Rennen in BaW\u00fc und Bayern f\u00fcr sich entscheiden. Somit war ein Wechsel in die Lizenzklasse unumg\u00e4nglich.<\/h5>\n<h5>Das Hauptaugenmerk liegt dabei auf den nationalen Rennen \u2013 der Bundesliga und der DM. Zum Spa\u00df f\u00e4hrt er auch den BaW\u00fc Cup und ab und an internationale Rennen wie 3 Nationencup oder Euro-L\u00e4ufe. Am liebsten f\u00e4hrt er\u00a0 auf seiner Heimbahn in Ingersheim.<\/h5>\n<h5>Seit 2016 ist Noah nun auch in der CRUPI-Familie aufgenommen und k\u00e4mpft in der Farbe Gr\u00fcn um gute Ergebnisse.<\/h5>\n<p><strong>\u00a0Ergebnisse:<\/strong><\/p>\n<h5>2016<br \/>\nBundesliga Gesamtwertung: 4. Platz<br \/>\nDeutsche Meisterschaft: 6. Platz<\/h5>\n","protected":false},"excerpt":{"rendered":"<p>Noah f\u00e4hrt das Jahr 2017 mit Startnummer 06 in der Sch\u00fclerklasse. Er hat im zarten Alter von 2 1\/2 Jahren mit einem Laufrad angefangen die Waldwege rund um seinen Heimatort unsicher zu machen. Mit 3 1\/2 bekam er erstmals ein Tretlager und wusste es gleich einzusetzen. Nur mit der Bremse hat er es nicht so&#8230;. <\/p>\n<div class=\"read-more navbutton\"><a href=\"http:\/\/s490497976.online.de\/wordpress\/noah-saar\/\">Read More<i class=\"fa fa-angle-double-right\"><\/i><\/a><\/div>\n","protected":false},"author":1,"featured_media":0,"parent":0,"menu_order":0,"comment_status":"closed","ping_status":"closed","template":"","meta":{"_mi_skip_tracking":false,"jetpack_post_was_ever_published":false},"yoast_head":"<!-- This site is optimized with the Yoast SEO plugin v19.11 - https:\/\/yoast.com\/wordpress\/plugins\/seo\/ -->\n<title>noah saar - 2018 - BMX-Racing Germany<\/title>\n<meta name=\"robots\" content=\"index, follow, max-snippet:-1, max-image-preview:large, max-video-preview:-1\" \/>\n<link rel=\"canonical\" href=\"http:\/\/s490497976.online.de\/wordpress\/noah-saar\/\" \/>\n<meta property=\"og:locale\" content=\"de_DE\" \/>\n<meta property=\"og:type\" content=\"article\" \/>\n<meta property=\"og:title\" content=\"noah saar - 2018 - BMX-Racing Germany\" \/>\n<meta property=\"og:description\" content=\"Noah f\u00e4hrt das Jahr 2017 mit Startnummer 06 in der Sch\u00fclerklasse. Er hat im zarten Alter von 2 1\/2 Jahren mit einem Laufrad angefangen die Waldwege rund um seinen Heimatort unsicher zu machen. Mit 3 1\/2 bekam er erstmals ein Tretlager und wusste es gleich einzusetzen. Nur mit der Bremse hat er es nicht so.... Read More\" \/>\n<meta property=\"og:url\" content=\"http:\/\/s490497976.online.de\/wordpress\/noah-saar\/\" \/>\n<meta property=\"og:site_name\" content=\"BMX-Racing Germany\" \/>\n<meta property=\"article:modified_time\" content=\"2019-02-14T17:51:10+00:00\" \/>\n<meta property=\"og:image\" content=\"http:\/\/s490497976.online.de\/wordpress\/wp-content\/uploads\/2017\/01\/Crupi-Senkvice-aktion-web-38618-200x300.jpg\" \/>\n<meta name=\"twitter:label1\" content=\"Gesch\u00e4tzte Lesezeit\" \/>\n\t<meta name=\"twitter:data1\" content=\"1\u00a0Minute\" \/>\n<script type=\"application\/ld+json\" class=\"yoast-schema-graph\">{\"@context\":\"https:\/\/schema.org\",\"@graph\":[{\"@type\":\"WebPage\",\"@id\":\"http:\/\/s490497976.online.de\/wordpress\/noah-saar\/\",\"url\":\"http:\/\/s490497976.online.de\/wordpress\/noah-saar\/\",\"name\":\"noah saar - 2018 - BMX-Racing Germany\",\"isPartOf\":{\"@id\":\"http:\/\/s490497976.online.de\/wordpress\/#website\"},\"datePublished\":\"2016-05-31T21:42:17+00:00\",\"dateModified\":\"2019-02-14T17:51:10+00:00\",\"breadcrumb\":{\"@id\":\"http:\/\/s490497976.online.de\/wordpress\/noah-saar\/#breadcrumb\"},\"inLanguage\":\"de\",\"potentialAction\":[{\"@type\":\"ReadAction\",\"target\":[\"http:\/\/s490497976.online.de\/wordpress\/noah-saar\/\"]}]},{\"@type\":\"BreadcrumbList\",\"@id\":\"http:\/\/s490497976.online.de\/wordpress\/noah-saar\/#breadcrumb\",\"itemListElement\":[{\"@type\":\"ListItem\",\"position\":1,\"name\":\"Home\",\"item\":\"http:\/\/s490497976.online.de\/wordpress\/\"},{\"@type\":\"ListItem\",\"position\":2,\"name\":\"noah saar &#8211; 2018\"}]},{\"@type\":\"WebSite\",\"@id\":\"http:\/\/s490497976.online.de\/wordpress\/#website\",\"url\":\"http:\/\/s490497976.online.de\/wordpress\/\",\"name\":\"BMX-Racing Germany\",\"description\":\"Welcome to CRUPI-Team-Germany!\",\"potentialAction\":[{\"@type\":\"SearchAction\",\"target\":{\"@type\":\"EntryPoint\",\"urlTemplate\":\"http:\/\/s490497976.online.de\/wordpress\/?s={search_term_string}\"},\"query-input\":\"required name=search_term_string\"}],\"inLanguage\":\"de\"}]}<\/script>\n<!-- \/ Yoast SEO plugin. -->","yoast_head_json":{"title":"noah saar - 2018 - BMX-Racing Germany","robots":{"index":"index","follow":"follow","max-snippet":"max-snippet:-1","max-image-preview":"max-image-preview:large","max-video-preview":"max-video-preview:-1"},"canonical":"http:\/\/s490497976.online.de\/wordpress\/noah-saar\/","og_locale":"de_DE","og_type":"article","og_title":"noah saar - 2018 - BMX-Racing Germany","og_description":"Noah f\u00e4hrt das Jahr 2017 mit Startnummer 06 in der Sch\u00fclerklasse. Er hat im zarten Alter von 2 1\/2 Jahren mit einem Laufrad angefangen die Waldwege rund um seinen Heimatort unsicher zu machen. Mit 3 1\/2 bekam er erstmals ein Tretlager und wusste es gleich einzusetzen. Nur mit der Bremse hat er es nicht so.... Read More","og_url":"http:\/\/s490497976.online.de\/wordpress\/noah-saar\/","og_site_name":"BMX-Racing Germany","article_modified_time":"2019-02-14T17:51:10+00:00","og_image":[{"url":"http:\/\/s490497976.online.de\/wordpress\/wp-content\/uploads\/2017\/01\/Crupi-Senkvice-aktion-web-38618-200x300.jpg"}],"twitter_misc":{"Gesch\u00e4tzte Lesezeit":"1\u00a0Minute"},"schema":{"@context":"https:\/\/schema.org","@graph":[{"@type":"WebPage","@id":"http:\/\/s490497976.online.de\/wordpress\/noah-saar\/","url":"http:\/\/s490497976.online.de\/wordpress\/noah-saar\/","name":"noah saar - 2018 - BMX-Racing Germany","isPartOf":{"@id":"http:\/\/s490497976.online.de\/wordpress\/#website"},"datePublished":"2016-05-31T21:42:17+00:00","dateModified":"2019-02-14T17:51:10+00:00","breadcrumb":{"@id":"http:\/\/s490497976.online.de\/wordpress\/noah-saar\/#breadcrumb"},"inLanguage":"de","potentialAction":[{"@type":"ReadAction","target":["http:\/\/s490497976.online.de\/wordpress\/noah-saar\/"]}]},{"@type":"BreadcrumbList","@id":"http:\/\/s490497976.online.de\/wordpress\/noah-saar\/#breadcrumb","itemListElement":[{"@type":"ListItem","position":1,"name":"Home","item":"http:\/\/s490497976.online.de\/wordpress\/"},{"@type":"ListItem","position":2,"name":"noah saar &#8211; 2018"}]},{"@type":"WebSite","@id":"http:\/\/s490497976.online.de\/wordpress\/#website","url":"http:\/\/s490497976.online.de\/wordpress\/","name":"BMX-Racing Germany","description":"Welcome to CRUPI-Team-Germany!","potentialAction":[{"@type":"SearchAction","target":{"@type":"EntryPoint","urlTemplate":"http:\/\/s490497976.online.de\/wordpress\/?s={search_term_string}"},"query-input":"required name=search_term_string"}],"inLanguage":"de"}]}},"jetpack_sharing_enabled":true,"jetpack_shortlink":"https:\/\/wp.me\/P7nO8R-8s","_links":{"self":[{"href":"http:\/\/s490497976.online.de\/wordpress\/wp-json\/wp\/v2\/pages\/524"}],"collection":[{"href":"http:\/\/s490497976.online.de\/wordpress\/wp-json\/wp\/v2\/pages"}],"about":[{"href":"http:\/\/s490497976.online.de\/wordpress\/wp-json\/wp\/v2\/types\/page"}],"author":[{"embeddable":true,"href":"http:\/\/s490497976.online.de\/wordpress\/wp-json\/wp\/v2\/users\/1"}],"replies":[{"embeddable":true,"href":"http:\/\/s490497976.online.de\/wordpress\/wp-json\/wp\/v2\/comments?post=524"}],"version-history":[{"count":6,"href":"http:\/\/s490497976.online.de\/wordpress\/wp-json\/wp\/v2\/pages\/524\/revisions"}],"predecessor-version":[{"id":759,"href":"http:\/\/s490497976.online.de\/wordpress\/wp-json\/wp\/v2\/pages\/524\/revisions\/759"}],"wp:attachment":[{"href":"http:\/\/s490497976.online.de\/wordpress\/wp-json\/wp\/v2\/media?parent=524"}],"curies":[{"name":"wp","href":"https:\/\/api.w.org\/{rel}","templated":true}]}}