{"id":550,"date":"2016-12-23T23:46:31","date_gmt":"2016-12-23T22:46:31","guid":{"rendered":"http:\/\/www.crupi-germany.de\/?page_id=550"},"modified":"2017-01-24T17:40:13","modified_gmt":"2017-01-24T16:40:13","slug":"moritz-tafertshofer","status":"publish","type":"page","link":"http:\/\/s490497976.online.de\/wordpress\/moritz-tafertshofer\/","title":{"rendered":"moritz tafertshofer"},"content":{"rendered":"<h5><a href=\"http:\/\/s490497976.online.de\/wordpress\/wp-content\/uploads\/2017\/01\/Crupi-Senkvice-aktion-web-38598.jpg\"><img decoding=\"async\" loading=\"lazy\" class=\"size-medium wp-image-585 alignleft\" src=\"http:\/\/s490497976.online.de\/wordpress\/wp-content\/uploads\/2017\/01\/Crupi-Senkvice-aktion-web-38598-200x300.jpg\" alt=\"\" width=\"200\" height=\"300\" srcset=\"http:\/\/s490497976.online.de\/wordpress\/wp-content\/uploads\/2017\/01\/Crupi-Senkvice-aktion-web-38598-200x300.jpg 200w, http:\/\/s490497976.online.de\/wordpress\/wp-content\/uploads\/2017\/01\/Crupi-Senkvice-aktion-web-38598-768x1152.jpg 768w, http:\/\/s490497976.online.de\/wordpress\/wp-content\/uploads\/2017\/01\/Crupi-Senkvice-aktion-web-38598-683x1024.jpg 683w, http:\/\/s490497976.online.de\/wordpress\/wp-content\/uploads\/2017\/01\/Crupi-Senkvice-aktion-web-38598.jpg 1523w\" sizes=\"(max-width: 200px) 100vw, 200px\" \/><\/a>Moritz begann das BMX-Fahren im Alter von 6 Jahren und nach zwei erfolgreichen Jahren in der Anf\u00e4ngerklasse U9 wechselte Moritz anschlie\u00dfend zu den Lizenzern in die U11. Dort musste er im ersten Jahr als sog. J\u00fcngerer Jahrgang Lehrgeld bezahlen, was ihn aber bis zum Ende der ersten Saison immens weiter brachte. Als \u00e4lterer Jahrgang startete Moritz dann voll durch. So konnte er die Bayernliga mit Abstand gewinnen und am letzten Renntag der Bundesliga den dritten Gesamtplatz belegen. Weiter fuhr Moritz in der Saison 2016 gleich mehrere Titel ein. Er konnte Bayerischer Meister, Oberbayerischer Meister, sowie S\u00fcddeutscher Vizemeister werden. Das Highlight der Saison war sein erstes internationales Rennen in\u00a0 Weiterstadt und die Deutsche Meisterschaft in Berlin. Dort verfehlte er nur knapp das Podium und belegte den 4.Platz. Durch sein Engagement wurden sowohl die Trainer des BMX-Bayernkaders, sowie das Crupi-Team Germany \u00a0f\u00fcr die Saison 2017 auf Moritz aufmerksam.<\/h5>\n<h4 style=\"text-align: right;\">\u00a0powered by:<\/h4>\n<h4 style=\"text-align: left;\"><a href=\"http:\/\/www.allied-racing.com\" target=\"_blank\" rel=\"www.allied-racing.com\"><img decoding=\"async\" loading=\"lazy\" class=\"wp-image-594 size-medium alignright\" src=\"http:\/\/s490497976.online.de\/wordpress\/wp-content\/uploads\/2016\/12\/allied-300x44.jpg\" width=\"300\" height=\"44\" srcset=\"http:\/\/s490497976.online.de\/wordpress\/wp-content\/uploads\/2016\/12\/allied-300x44.jpg 300w, http:\/\/s490497976.online.de\/wordpress\/wp-content\/uploads\/2016\/12\/allied-768x114.jpg 768w, http:\/\/s490497976.online.de\/wordpress\/wp-content\/uploads\/2016\/12\/allied.jpg 960w\" sizes=\"(max-width: 300px) 100vw, 300px\" \/><\/a><\/h4>\n","protected":false},"excerpt":{"rendered":"<p>Moritz begann das BMX-Fahren im Alter von 6 Jahren und nach zwei erfolgreichen Jahren in der Anf\u00e4ngerklasse U9 wechselte Moritz anschlie\u00dfend zu den Lizenzern in die U11. Dort musste er im ersten Jahr als sog. J\u00fcngerer Jahrgang Lehrgeld bezahlen, was ihn aber bis zum Ende der ersten Saison immens weiter brachte. Als \u00e4lterer Jahrgang startete&#8230; <\/p>\n<div class=\"read-more navbutton\"><a href=\"http:\/\/s490497976.online.de\/wordpress\/moritz-tafertshofer\/\">Read More<i class=\"fa fa-angle-double-right\"><\/i><\/a><\/div>\n","protected":false},"author":1,"featured_media":0,"parent":0,"menu_order":0,"comment_status":"closed","ping_status":"closed","template":"","meta":{"_mi_skip_tracking":false,"jetpack_post_was_ever_published":false},"yoast_head":"<!-- This site is optimized with the Yoast SEO plugin v19.11 - https:\/\/yoast.com\/wordpress\/plugins\/seo\/ -->\n<title>moritz tafertshofer - BMX-Racing Germany<\/title>\n<meta name=\"robots\" content=\"index, follow, max-snippet:-1, max-image-preview:large, max-video-preview:-1\" \/>\n<link rel=\"canonical\" href=\"http:\/\/s490497976.online.de\/wordpress\/moritz-tafertshofer\/\" \/>\n<meta property=\"og:locale\" content=\"de_DE\" \/>\n<meta property=\"og:type\" content=\"article\" \/>\n<meta property=\"og:title\" content=\"moritz tafertshofer - BMX-Racing Germany\" \/>\n<meta property=\"og:description\" content=\"Moritz begann das BMX-Fahren im Alter von 6 Jahren und nach zwei erfolgreichen Jahren in der Anf\u00e4ngerklasse U9 wechselte Moritz anschlie\u00dfend zu den Lizenzern in die U11. Dort musste er im ersten Jahr als sog. J\u00fcngerer Jahrgang Lehrgeld bezahlen, was ihn aber bis zum Ende der ersten Saison immens weiter brachte. Als \u00e4lterer Jahrgang startete... Read More\" \/>\n<meta property=\"og:url\" content=\"http:\/\/s490497976.online.de\/wordpress\/moritz-tafertshofer\/\" \/>\n<meta property=\"og:site_name\" content=\"BMX-Racing Germany\" \/>\n<meta property=\"article:modified_time\" content=\"2017-01-24T16:40:13+00:00\" \/>\n<meta property=\"og:image\" content=\"http:\/\/s490497976.online.de\/wordpress\/wp-content\/uploads\/2017\/01\/Crupi-Senkvice-aktion-web-38598-200x300.jpg\" \/>\n<meta name=\"twitter:label1\" content=\"Gesch\u00e4tzte Lesezeit\" \/>\n\t<meta name=\"twitter:data1\" content=\"1\u00a0Minute\" \/>\n<script type=\"application\/ld+json\" class=\"yoast-schema-graph\">{\"@context\":\"https:\/\/schema.org\",\"@graph\":[{\"@type\":\"WebPage\",\"@id\":\"http:\/\/s490497976.online.de\/wordpress\/moritz-tafertshofer\/\",\"url\":\"http:\/\/s490497976.online.de\/wordpress\/moritz-tafertshofer\/\",\"name\":\"moritz tafertshofer - BMX-Racing Germany\",\"isPartOf\":{\"@id\":\"http:\/\/s490497976.online.de\/wordpress\/#website\"},\"datePublished\":\"2016-12-23T22:46:31+00:00\",\"dateModified\":\"2017-01-24T16:40:13+00:00\",\"breadcrumb\":{\"@id\":\"http:\/\/s490497976.online.de\/wordpress\/moritz-tafertshofer\/#breadcrumb\"},\"inLanguage\":\"de\",\"potentialAction\":[{\"@type\":\"ReadAction\",\"target\":[\"http:\/\/s490497976.online.de\/wordpress\/moritz-tafertshofer\/\"]}]},{\"@type\":\"BreadcrumbList\",\"@id\":\"http:\/\/s490497976.online.de\/wordpress\/moritz-tafertshofer\/#breadcrumb\",\"itemListElement\":[{\"@type\":\"ListItem\",\"position\":1,\"name\":\"Home\",\"item\":\"http:\/\/s490497976.online.de\/wordpress\/\"},{\"@type\":\"ListItem\",\"position\":2,\"name\":\"moritz tafertshofer\"}]},{\"@type\":\"WebSite\",\"@id\":\"http:\/\/s490497976.online.de\/wordpress\/#website\",\"url\":\"http:\/\/s490497976.online.de\/wordpress\/\",\"name\":\"BMX-Racing Germany\",\"description\":\"Welcome to CRUPI-Team-Germany!\",\"potentialAction\":[{\"@type\":\"SearchAction\",\"target\":{\"@type\":\"EntryPoint\",\"urlTemplate\":\"http:\/\/s490497976.online.de\/wordpress\/?s={search_term_string}\"},\"query-input\":\"required name=search_term_string\"}],\"inLanguage\":\"de\"}]}<\/script>\n<!-- \/ Yoast SEO plugin. -->","yoast_head_json":{"title":"moritz tafertshofer - BMX-Racing Germany","robots":{"index":"index","follow":"follow","max-snippet":"max-snippet:-1","max-image-preview":"max-image-preview:large","max-video-preview":"max-video-preview:-1"},"canonical":"http:\/\/s490497976.online.de\/wordpress\/moritz-tafertshofer\/","og_locale":"de_DE","og_type":"article","og_title":"moritz tafertshofer - BMX-Racing Germany","og_description":"Moritz begann das BMX-Fahren im Alter von 6 Jahren und nach zwei erfolgreichen Jahren in der Anf\u00e4ngerklasse U9 wechselte Moritz anschlie\u00dfend zu den Lizenzern in die U11. Dort musste er im ersten Jahr als sog. J\u00fcngerer Jahrgang Lehrgeld bezahlen, was ihn aber bis zum Ende der ersten Saison immens weiter brachte. Als \u00e4lterer Jahrgang startete... Read More","og_url":"http:\/\/s490497976.online.de\/wordpress\/moritz-tafertshofer\/","og_site_name":"BMX-Racing Germany","article_modified_time":"2017-01-24T16:40:13+00:00","og_image":[{"url":"http:\/\/s490497976.online.de\/wordpress\/wp-content\/uploads\/2017\/01\/Crupi-Senkvice-aktion-web-38598-200x300.jpg"}],"twitter_misc":{"Gesch\u00e4tzte Lesezeit":"1\u00a0Minute"},"schema":{"@context":"https:\/\/schema.org","@graph":[{"@type":"WebPage","@id":"http:\/\/s490497976.online.de\/wordpress\/moritz-tafertshofer\/","url":"http:\/\/s490497976.online.de\/wordpress\/moritz-tafertshofer\/","name":"moritz tafertshofer - BMX-Racing Germany","isPartOf":{"@id":"http:\/\/s490497976.online.de\/wordpress\/#website"},"datePublished":"2016-12-23T22:46:31+00:00","dateModified":"2017-01-24T16:40:13+00:00","breadcrumb":{"@id":"http:\/\/s490497976.online.de\/wordpress\/moritz-tafertshofer\/#breadcrumb"},"inLanguage":"de","potentialAction":[{"@type":"ReadAction","target":["http:\/\/s490497976.online.de\/wordpress\/moritz-tafertshofer\/"]}]},{"@type":"BreadcrumbList","@id":"http:\/\/s490497976.online.de\/wordpress\/moritz-tafertshofer\/#breadcrumb","itemListElement":[{"@type":"ListItem","position":1,"name":"Home","item":"http:\/\/s490497976.online.de\/wordpress\/"},{"@type":"ListItem","position":2,"name":"moritz tafertshofer"}]},{"@type":"WebSite","@id":"http:\/\/s490497976.online.de\/wordpress\/#website","url":"http:\/\/s490497976.online.de\/wordpress\/","name":"BMX-Racing Germany","description":"Welcome to CRUPI-Team-Germany!","potentialAction":[{"@type":"SearchAction","target":{"@type":"EntryPoint","urlTemplate":"http:\/\/s490497976.online.de\/wordpress\/?s={search_term_string}"},"query-input":"required name=search_term_string"}],"inLanguage":"de"}]}},"jetpack_sharing_enabled":true,"jetpack_shortlink":"https:\/\/wp.me\/P7nO8R-8S","_links":{"self":[{"href":"http:\/\/s490497976.online.de\/wordpress\/wp-json\/wp\/v2\/pages\/550"}],"collection":[{"href":"http:\/\/s490497976.online.de\/wordpress\/wp-json\/wp\/v2\/pages"}],"about":[{"href":"http:\/\/s490497976.online.de\/wordpress\/wp-json\/wp\/v2\/types\/page"}],"author":[{"embeddable":true,"href":"http:\/\/s490497976.online.de\/wordpress\/wp-json\/wp\/v2\/users\/1"}],"replies":[{"embeddable":true,"href":"http:\/\/s490497976.online.de\/wordpress\/wp-json\/wp\/v2\/comments?post=550"}],"version-history":[{"count":11,"href":"http:\/\/s490497976.online.de\/wordpress\/wp-json\/wp\/v2\/pages\/550\/revisions"}],"predecessor-version":[{"id":601,"href":"http:\/\/s490497976.online.de\/wordpress\/wp-json\/wp\/v2\/pages\/550\/revisions\/601"}],"wp:attachment":[{"href":"http:\/\/s490497976.online.de\/wordpress\/wp-json\/wp\/v2\/media?parent=550"}],"curies":[{"name":"wp","href":"https:\/\/api.w.org\/{rel}","templated":true}]}}