{"id":66,"date":"2015-02-07T22:34:30","date_gmt":"2015-02-07T22:34:30","guid":{"rendered":"http:\/\/crupishop.apps-1and1.net\/?page_id=66"},"modified":"2017-01-29T20:27:04","modified_gmt":"2017-01-29T19:27:04","slug":"tom-goerner","status":"publish","type":"page","link":"http:\/\/s490497976.online.de\/wordpress\/team-info\/tom-goerner\/","title":{"rendered":"tom goerner &#8211; 2016"},"content":{"rendered":"<h5>Im Alter von sieben Jahren begann Tom Goerner mit dem BMX-Sport und war von Anfang an begeistert im Training dabei. Sein erstes Rennen fuhr er 2006 im Jahrgang U9 auf dem Nightrace in Herzogenaurach.<\/h5>\n<h5>Zum Saisonstart 2008 in die Lizenzklasse aufgestiegen, erreichte er gleich bei seinem ersten Bundesligarennen in Plessa den 3.Platz. Es folgten weitere Platzierungen auf dem \u201eStockerl&#8220;.<\/h5>\n<h5>Das Jahr 2009 brachte ihm als j\u00fcngerer Jahrgang national &amp; bayernweit nur mittleren Erfolg.<\/h5>\n<h5>Toms richtige \u201eBMX-Karriere&#8220; begann im Jahr 2010, als er &#8211; nun endlich \u00e4lterer Jahrgang &#8211; in der Klasse U13 startete. In den Bayernpokal-L\u00e4ufen war er in diesem Jahr meist unter den besten 3 und wurde schlie\u00dflich Bayerischer Vize-Meister. Der H\u00f6hepunkt der Saison 2010 war f\u00fcr ihn der 3.Platz auf der Deutschen-Meisterschaft.<\/h5>\n<h5>Aufgrund seiner Erfolge wurde Tom ab 2011 in den Bayern-Kader aufgenommen. Sein erstes Jahr in der Altersklasse U15 brachte ihm bei fast allen Bayernpokal-L\u00e4ufen gute Pl\u00e4tze auf dem Treppchen. Obwohl j\u00fcngerer Jahrgang wurde Tom 2011 Bayerischer Meister.<br \/>\n<a href=\"http:\/\/s490497976.online.de\/wordpress\/wp-content\/uploads\/2015\/02\/tom_title.jpg\"><img decoding=\"async\" loading=\"lazy\" class=\" size-medium wp-image-67 alignleft\" src=\"http:\/\/s490497976.online.de\/wordpress\/wp-content\/uploads\/2015\/02\/tom_title-300x224.jpg\" alt=\"tom_title\" width=\"300\" height=\"224\" srcset=\"http:\/\/s490497976.online.de\/wordpress\/wp-content\/uploads\/2015\/02\/tom_title-300x224.jpg 300w, http:\/\/s490497976.online.de\/wordpress\/wp-content\/uploads\/2015\/02\/tom_title.jpg 460w\" sizes=\"(max-width: 300px) 100vw, 300px\" \/><\/a>In 2012 gewann er erneut die Bayerische Meisterschaft, st\u00fcrzte aber leider im Finale zur Deutschen Meisterschaft in Kornwestheim.<\/h5>\n<h5>Bis zur H\u00e4lfte der Saison f\u00fchrte Tom die Bundesliga-Rangliste an, verlor dann leider bei den letzten L\u00e4ufen einige Punkte und beendete die Saison als Zweiter der Rangliste.<br \/>\nSeit Mai 2012 startet er f\u00fcrs Crupi-Team.<\/h5>\n<h5>Mit Startnummer 02 ging Tom 2013 hoch motiviert als Crupi-Team-Fahrer an den Start. Leider lief die Saison als j\u00fcngerer Jahrgang gegen eine starke Konkurrenz nicht so super. Dennoch konnte Tom die Bayernpokalserie in der Jugend-Klasse gewinnen.<\/h5>\n<h5>In der Hoffnung, dass er nicht noch gr\u00f6\u00dfer als seine momentanen 1,90 Meter w\u00e4chst, startet Tom 2014 seine zweite Saison in der Jugend-Klasse. Wir w\u00fcnschen ihm weiter viele Erfolge und eine verletzungsfreie BMX-Karriere.<\/h5>\n<h5><\/h5>\n<h5><\/h5>\n","protected":false},"excerpt":{"rendered":"<p>Im Alter von sieben Jahren begann Tom Goerner mit dem BMX-Sport und war von Anfang an begeistert im Training dabei. Sein erstes Rennen fuhr er 2006 im Jahrgang U9 auf dem Nightrace in Herzogenaurach. Zum Saisonstart 2008 in die Lizenzklasse aufgestiegen, erreichte er gleich bei seinem ersten Bundesligarennen in Plessa den 3.Platz. Es folgten weitere&#8230; <\/p>\n<div class=\"read-more navbutton\"><a href=\"http:\/\/s490497976.online.de\/wordpress\/team-info\/tom-goerner\/\">Read More<i class=\"fa fa-angle-double-right\"><\/i><\/a><\/div>\n","protected":false},"author":1,"featured_media":0,"parent":27,"menu_order":5,"comment_status":"closed","ping_status":"closed","template":"","meta":{"_mi_skip_tracking":false,"jetpack_post_was_ever_published":false},"yoast_head":"<!-- This site is optimized with the Yoast SEO plugin v19.11 - https:\/\/yoast.com\/wordpress\/plugins\/seo\/ -->\n<title>tom goerner - 2016 - BMX-Racing Germany<\/title>\n<meta name=\"robots\" content=\"index, follow, max-snippet:-1, max-image-preview:large, max-video-preview:-1\" \/>\n<link rel=\"canonical\" href=\"http:\/\/s490497976.online.de\/wordpress\/team-info\/tom-goerner\/\" \/>\n<meta property=\"og:locale\" content=\"de_DE\" \/>\n<meta property=\"og:type\" content=\"article\" \/>\n<meta property=\"og:title\" content=\"tom goerner - 2016 - BMX-Racing Germany\" \/>\n<meta property=\"og:description\" content=\"Im Alter von sieben Jahren begann Tom Goerner mit dem BMX-Sport und war von Anfang an begeistert im Training dabei. Sein erstes Rennen fuhr er 2006 im Jahrgang U9 auf dem Nightrace in Herzogenaurach. Zum Saisonstart 2008 in die Lizenzklasse aufgestiegen, erreichte er gleich bei seinem ersten Bundesligarennen in Plessa den 3.Platz. Es folgten weitere... Read More\" \/>\n<meta property=\"og:url\" content=\"http:\/\/s490497976.online.de\/wordpress\/team-info\/tom-goerner\/\" \/>\n<meta property=\"og:site_name\" content=\"BMX-Racing Germany\" \/>\n<meta property=\"article:modified_time\" content=\"2017-01-29T19:27:04+00:00\" \/>\n<meta property=\"og:image\" content=\"http:\/\/s490497976.online.de\/wordpress\/wp-content\/uploads\/2015\/02\/tom_title-300x224.jpg\" \/>\n<meta name=\"twitter:label1\" content=\"Gesch\u00e4tzte Lesezeit\" \/>\n\t<meta name=\"twitter:data1\" content=\"1\u00a0Minute\" \/>\n<script type=\"application\/ld+json\" class=\"yoast-schema-graph\">{\"@context\":\"https:\/\/schema.org\",\"@graph\":[{\"@type\":\"WebPage\",\"@id\":\"http:\/\/s490497976.online.de\/wordpress\/team-info\/tom-goerner\/\",\"url\":\"http:\/\/s490497976.online.de\/wordpress\/team-info\/tom-goerner\/\",\"name\":\"tom goerner - 2016 - BMX-Racing Germany\",\"isPartOf\":{\"@id\":\"http:\/\/s490497976.online.de\/wordpress\/#website\"},\"datePublished\":\"2015-02-07T22:34:30+00:00\",\"dateModified\":\"2017-01-29T19:27:04+00:00\",\"breadcrumb\":{\"@id\":\"http:\/\/s490497976.online.de\/wordpress\/team-info\/tom-goerner\/#breadcrumb\"},\"inLanguage\":\"de\",\"potentialAction\":[{\"@type\":\"ReadAction\",\"target\":[\"http:\/\/s490497976.online.de\/wordpress\/team-info\/tom-goerner\/\"]}]},{\"@type\":\"BreadcrumbList\",\"@id\":\"http:\/\/s490497976.online.de\/wordpress\/team-info\/tom-goerner\/#breadcrumb\",\"itemListElement\":[{\"@type\":\"ListItem\",\"position\":1,\"name\":\"Home\",\"item\":\"http:\/\/s490497976.online.de\/wordpress\/\"},{\"@type\":\"ListItem\",\"position\":2,\"name\":\"team info\",\"item\":\"http:\/\/s490497976.online.de\/wordpress\/team-info\/\"},{\"@type\":\"ListItem\",\"position\":3,\"name\":\"tom goerner &#8211; 2016\"}]},{\"@type\":\"WebSite\",\"@id\":\"http:\/\/s490497976.online.de\/wordpress\/#website\",\"url\":\"http:\/\/s490497976.online.de\/wordpress\/\",\"name\":\"BMX-Racing Germany\",\"description\":\"Welcome to CRUPI-Team-Germany!\",\"potentialAction\":[{\"@type\":\"SearchAction\",\"target\":{\"@type\":\"EntryPoint\",\"urlTemplate\":\"http:\/\/s490497976.online.de\/wordpress\/?s={search_term_string}\"},\"query-input\":\"required name=search_term_string\"}],\"inLanguage\":\"de\"}]}<\/script>\n<!-- \/ Yoast SEO plugin. -->","yoast_head_json":{"title":"tom goerner - 2016 - BMX-Racing Germany","robots":{"index":"index","follow":"follow","max-snippet":"max-snippet:-1","max-image-preview":"max-image-preview:large","max-video-preview":"max-video-preview:-1"},"canonical":"http:\/\/s490497976.online.de\/wordpress\/team-info\/tom-goerner\/","og_locale":"de_DE","og_type":"article","og_title":"tom goerner - 2016 - BMX-Racing Germany","og_description":"Im Alter von sieben Jahren begann Tom Goerner mit dem BMX-Sport und war von Anfang an begeistert im Training dabei. Sein erstes Rennen fuhr er 2006 im Jahrgang U9 auf dem Nightrace in Herzogenaurach. Zum Saisonstart 2008 in die Lizenzklasse aufgestiegen, erreichte er gleich bei seinem ersten Bundesligarennen in Plessa den 3.Platz. Es folgten weitere... Read More","og_url":"http:\/\/s490497976.online.de\/wordpress\/team-info\/tom-goerner\/","og_site_name":"BMX-Racing Germany","article_modified_time":"2017-01-29T19:27:04+00:00","og_image":[{"url":"http:\/\/s490497976.online.de\/wordpress\/wp-content\/uploads\/2015\/02\/tom_title-300x224.jpg"}],"twitter_misc":{"Gesch\u00e4tzte Lesezeit":"1\u00a0Minute"},"schema":{"@context":"https:\/\/schema.org","@graph":[{"@type":"WebPage","@id":"http:\/\/s490497976.online.de\/wordpress\/team-info\/tom-goerner\/","url":"http:\/\/s490497976.online.de\/wordpress\/team-info\/tom-goerner\/","name":"tom goerner - 2016 - BMX-Racing Germany","isPartOf":{"@id":"http:\/\/s490497976.online.de\/wordpress\/#website"},"datePublished":"2015-02-07T22:34:30+00:00","dateModified":"2017-01-29T19:27:04+00:00","breadcrumb":{"@id":"http:\/\/s490497976.online.de\/wordpress\/team-info\/tom-goerner\/#breadcrumb"},"inLanguage":"de","potentialAction":[{"@type":"ReadAction","target":["http:\/\/s490497976.online.de\/wordpress\/team-info\/tom-goerner\/"]}]},{"@type":"BreadcrumbList","@id":"http:\/\/s490497976.online.de\/wordpress\/team-info\/tom-goerner\/#breadcrumb","itemListElement":[{"@type":"ListItem","position":1,"name":"Home","item":"http:\/\/s490497976.online.de\/wordpress\/"},{"@type":"ListItem","position":2,"name":"team info","item":"http:\/\/s490497976.online.de\/wordpress\/team-info\/"},{"@type":"ListItem","position":3,"name":"tom goerner &#8211; 2016"}]},{"@type":"WebSite","@id":"http:\/\/s490497976.online.de\/wordpress\/#website","url":"http:\/\/s490497976.online.de\/wordpress\/","name":"BMX-Racing Germany","description":"Welcome to CRUPI-Team-Germany!","potentialAction":[{"@type":"SearchAction","target":{"@type":"EntryPoint","urlTemplate":"http:\/\/s490497976.online.de\/wordpress\/?s={search_term_string}"},"query-input":"required name=search_term_string"}],"inLanguage":"de"}]}},"jetpack_sharing_enabled":true,"jetpack_shortlink":"https:\/\/wp.me\/P7nO8R-14","_links":{"self":[{"href":"http:\/\/s490497976.online.de\/wordpress\/wp-json\/wp\/v2\/pages\/66"}],"collection":[{"href":"http:\/\/s490497976.online.de\/wordpress\/wp-json\/wp\/v2\/pages"}],"about":[{"href":"http:\/\/s490497976.online.de\/wordpress\/wp-json\/wp\/v2\/types\/page"}],"author":[{"embeddable":true,"href":"http:\/\/s490497976.online.de\/wordpress\/wp-json\/wp\/v2\/users\/1"}],"replies":[{"embeddable":true,"href":"http:\/\/s490497976.online.de\/wordpress\/wp-json\/wp\/v2\/comments?post=66"}],"version-history":[{"count":3,"href":"http:\/\/s490497976.online.de\/wordpress\/wp-json\/wp\/v2\/pages\/66\/revisions"}],"predecessor-version":[{"id":609,"href":"http:\/\/s490497976.online.de\/wordpress\/wp-json\/wp\/v2\/pages\/66\/revisions\/609"}],"up":[{"embeddable":true,"href":"http:\/\/s490497976.online.de\/wordpress\/wp-json\/wp\/v2\/pages\/27"}],"wp:attachment":[{"href":"http:\/\/s490497976.online.de\/wordpress\/wp-json\/wp\/v2\/media?parent=66"}],"curies":[{"name":"wp","href":"https:\/\/api.w.org\/{rel}","templated":true}]}}