{"id":78,"date":"2015-02-08T09:29:59","date_gmt":"2015-02-08T09:29:59","guid":{"rendered":"http:\/\/crupishop.apps-1and1.net\/?page_id=78"},"modified":"2018-04-09T09:58:04","modified_gmt":"2018-04-09T07:58:04","slug":"maximilian-pries","status":"publish","type":"page","link":"http:\/\/s490497976.online.de\/wordpress\/team-info\/maximilian-pries\/","title":{"rendered":"maximilian pries &#8211; 2017"},"content":{"rendered":"<h5><img decoding=\"async\" loading=\"lazy\" class=\"alignleft size-medium wp-image-130\" src=\"http:\/\/s490497976.online.de\/wordpress\/wp-content\/uploads\/2015\/02\/maxi_title1-194x300.jpg\" alt=\"maxi_title1\" width=\"194\" height=\"300\" srcset=\"http:\/\/s490497976.online.de\/wordpress\/wp-content\/uploads\/2015\/02\/maxi_title1-194x300.jpg 194w, http:\/\/s490497976.online.de\/wordpress\/wp-content\/uploads\/2015\/02\/maxi_title1.jpg 500w\" sizes=\"(max-width: 194px) 100vw, 194px\" \/>Maximilian Pries begann im Alter von 6 Jahren mit dem BMX-Fahren. Wie auch schon seinen \u00e4lteren Bruder Michael hat ihn dieser Sport von Anfang an infiziert und er baute sein fahrerisches K\u00f6nnen im Laufe der Jahre immer weiter aus. Er wurde mehrmals Bayerischer Meister, zweimal Deutscher Meister und belegte bei einem EM Lauf in Weiterstadt den vierten Platz.<\/h5>\n<h5>Nachdem Maximilian bereits von klein auf mit der Familie auf den BMX Bahnen Bayerns zu sehen war, fing er 2006 an, aktiv Rennen zu fahren und startete in der Anf\u00e4ngerklasse. Gleich zu Beginn zeigte sich, dass Maximilian das erforderliche Talent f\u00fcr den BMX-Sport besa\u00df, so endschied er bereits einige der ersten Races f\u00fcr sich und endete nahe zu immer mit einem Finalplatz.<br \/>\n2007 stieg Maximilian in die n\u00e4chst h\u00f6here Altersklasse auf. Auch hier konnte er meistens das Fahrerfeld hinter sich lassen und sicherte sich somit viele Erfolge.<br \/>\nIm Jahr 2008 gewann Maximilian im \u00e4lteren Jahrgang startend nahezu alle Rennen des Bayern Pokals und sicherte sich damit den Gesamtsieg. Auch konnte er den Titel des Bayerischen Meisters mit nach Hause nehmen. So motiviert, konnte er den Sprung die Lizenzklasse wagen.<\/h5>\n<h5>2009 stieg Maximilian in die Klasse U11 der Lizenzklasse auf. Dabei waren gleich zwei Schritte zu tun, doch er war dieser neuen Herausforderung gewachsen und fuhr sogar bei einigen Rennen in die Platzierung und wurde sogar Bayerischer Vizemeister.<br \/>\nDas Jahr 2010 sollte dann wieder mehr vordere Pl\u00e4tze ergeben. So wurde er in Pei\u00dfenberg Bayerischer und in Erlangen Deutscher Meister. Die Bundesliga schloss Maximilian mit dem zweiten Platz ab, den Bayernpokal mit dem ersten.<\/h5>\n<h5>Diese Erfolge f\u00fchrten 2011 zur Berufung in den BMX-Landeskader Bayern, der F\u00f6rdergruppe des Bayerischen Radsportverbandes, in dem er bis heute Mitglied ist. Im Jahr 2011 war es als j\u00fcngerer Jahrgang wieder etwas schwerer in die vorderen Pl\u00e4tze zu fahren. Jedoch gelang es Maximilian die Bundesliga Rennserie mit dem siebten Platz zu beenden, und damit als bester des j\u00fcngeren Jahrganges. In diesem Jahr nahm Maximilian auch an der WM in Kopenhagen teil und erreichte dort das Achtel-Finale.<br \/>\n2012 startete Maximilian wieder in der U13 Klasse, aber jetzt im \u00e4lteren Jahrgang \u2013 dieses Jahr sollte sein Jahr werden. So wurde er zum zweiten Mal Deutscher Meister, Bayerischer Vizemeister, und schloss sowohl in der Bundesliga als auch im Bayernpokal als erster ab. Somit konnte er sich die Start-Nr. 01 f\u00fcr die n\u00e4chste Saison ergattern. Mit diesen Ergebnissen machte er auch bundesweit auf sich aufmerksam.<br \/>\nIm Jahr 2013 musste Maximilian sich wieder mit \u00e4lteren Konkurrenten messen. Der Saison-Start lief noch ganz gut und Maximilian konnte sich in einem starken und gro\u00dfen Fahrerfeld sehr gut behaupten. Bei dem Bayernpokal Rennen auf seiner Heimbahn galt er als einer der Favoriten. Leider konnte er aber am Rennen gar nicht mehr teilnehmen. Zum Zeitpunkt des Rennes lag er bereits im Krankenhaus \u2013 er war im Training schwer gest\u00fcrzt und hatte sich Schl\u00fcsselbein gebrochen und Gehirnersch\u00fctterung zugezogen. Somit musste Maximilian erst mal eine Zwangspause einlegen und einige Rennen ausfallen lassen. Dennoch schloss er die Saison mit dem zehnten Platz in der Bundesliga noch ganz gut ab.<a href=\"http:\/\/s490497976.online.de\/wordpress\/wp-content\/uploads\/2015\/02\/Maxi_title2.jpg\"><img decoding=\"async\" loading=\"lazy\" class=\"alignleft size-medium wp-image-131\" src=\"http:\/\/s490497976.online.de\/wordpress\/wp-content\/uploads\/2015\/02\/Maxi_title2-300x200.jpg\" alt=\"Maxi_title2\" width=\"300\" height=\"200\" srcset=\"http:\/\/s490497976.online.de\/wordpress\/wp-content\/uploads\/2015\/02\/Maxi_title2-300x200.jpg 300w, http:\/\/s490497976.online.de\/wordpress\/wp-content\/uploads\/2015\/02\/Maxi_title2-1024x683.jpg 1024w, http:\/\/s490497976.online.de\/wordpress\/wp-content\/uploads\/2015\/02\/Maxi_title2.jpg 1386w\" sizes=\"(max-width: 300px) 100vw, 300px\" \/><\/a><\/h5>\n<h5>Eigentlich h\u00e4tte dann 2014 wieder sein Jahr werden k\u00f6nnen. Maxi kam gleich im ersten Euro-Lauf in Zolder bis ins Finale und fuhr da auf den sechsten Platz. Weiterhin gewann er souver\u00e4n die ersten beiden Bayern-Liga Rennen; beim Bundesliga Rennwochenende in Kolbermoor gewann er einmal und wurde einmal zweiter. \u2013 Leider kam es dann anders: beim Bayern-Liga Rennen in K\u00f6nigsbrunn st\u00fcrzte und brach sich dabei das Schultergelenk. Somit musste er wieder einmal eine Zwangspause einlegen. Das erste Rennen war dann die Deutsche Meisterschaft, bei der er \u00fcberraschend alle Vorl\u00e4ufe und Zwischenfinal-L\u00e4ufe gewann. Im Finale hatte er in der ersten Kurve in einem Zweikampf die Au\u00dfenposition, musste dabei kurzfristig die Bahn verlassen und wurde dann \u201enur\u201c noch achter. Die Saison schloss Maxi dann mit dem dritten Platz in der Bundesrangliste ab.<\/h5>\n","protected":false},"excerpt":{"rendered":"<p>Maximilian Pries begann im Alter von 6 Jahren mit dem BMX-Fahren. Wie auch schon seinen \u00e4lteren Bruder Michael hat ihn dieser Sport von Anfang an infiziert und er baute sein fahrerisches K\u00f6nnen im Laufe der Jahre immer weiter aus. Er wurde mehrmals Bayerischer Meister, zweimal Deutscher Meister und belegte bei einem EM Lauf in Weiterstadt&#8230; <\/p>\n<div class=\"read-more navbutton\"><a href=\"http:\/\/s490497976.online.de\/wordpress\/team-info\/maximilian-pries\/\">Read More<i class=\"fa fa-angle-double-right\"><\/i><\/a><\/div>\n","protected":false},"author":1,"featured_media":0,"parent":27,"menu_order":7,"comment_status":"closed","ping_status":"closed","template":"","meta":{"_mi_skip_tracking":false,"jetpack_post_was_ever_published":false},"yoast_head":"<!-- This site is optimized with the Yoast SEO plugin v19.11 - https:\/\/yoast.com\/wordpress\/plugins\/seo\/ -->\n<title>maximilian pries - 2017 - BMX-Racing Germany<\/title>\n<meta name=\"robots\" content=\"index, follow, max-snippet:-1, max-image-preview:large, max-video-preview:-1\" \/>\n<link rel=\"canonical\" href=\"http:\/\/s490497976.online.de\/wordpress\/team-info\/maximilian-pries\/\" \/>\n<meta property=\"og:locale\" content=\"de_DE\" \/>\n<meta property=\"og:type\" content=\"article\" \/>\n<meta property=\"og:title\" content=\"maximilian pries - 2017 - BMX-Racing Germany\" \/>\n<meta property=\"og:description\" content=\"Maximilian Pries begann im Alter von 6 Jahren mit dem BMX-Fahren. Wie auch schon seinen \u00e4lteren Bruder Michael hat ihn dieser Sport von Anfang an infiziert und er baute sein fahrerisches K\u00f6nnen im Laufe der Jahre immer weiter aus. Er wurde mehrmals Bayerischer Meister, zweimal Deutscher Meister und belegte bei einem EM Lauf in Weiterstadt... Read More\" \/>\n<meta property=\"og:url\" content=\"http:\/\/s490497976.online.de\/wordpress\/team-info\/maximilian-pries\/\" \/>\n<meta property=\"og:site_name\" content=\"BMX-Racing Germany\" \/>\n<meta property=\"article:modified_time\" content=\"2018-04-09T07:58:04+00:00\" \/>\n<meta property=\"og:image\" content=\"http:\/\/s490497976.online.de\/wordpress\/wp-content\/uploads\/2015\/02\/maxi_title1-194x300.jpg\" \/>\n<meta name=\"twitter:label1\" content=\"Gesch\u00e4tzte Lesezeit\" \/>\n\t<meta name=\"twitter:data1\" content=\"3\u00a0Minuten\" \/>\n<script type=\"application\/ld+json\" class=\"yoast-schema-graph\">{\"@context\":\"https:\/\/schema.org\",\"@graph\":[{\"@type\":\"WebPage\",\"@id\":\"http:\/\/s490497976.online.de\/wordpress\/team-info\/maximilian-pries\/\",\"url\":\"http:\/\/s490497976.online.de\/wordpress\/team-info\/maximilian-pries\/\",\"name\":\"maximilian pries - 2017 - BMX-Racing Germany\",\"isPartOf\":{\"@id\":\"http:\/\/s490497976.online.de\/wordpress\/#website\"},\"datePublished\":\"2015-02-08T09:29:59+00:00\",\"dateModified\":\"2018-04-09T07:58:04+00:00\",\"breadcrumb\":{\"@id\":\"http:\/\/s490497976.online.de\/wordpress\/team-info\/maximilian-pries\/#breadcrumb\"},\"inLanguage\":\"de\",\"potentialAction\":[{\"@type\":\"ReadAction\",\"target\":[\"http:\/\/s490497976.online.de\/wordpress\/team-info\/maximilian-pries\/\"]}]},{\"@type\":\"BreadcrumbList\",\"@id\":\"http:\/\/s490497976.online.de\/wordpress\/team-info\/maximilian-pries\/#breadcrumb\",\"itemListElement\":[{\"@type\":\"ListItem\",\"position\":1,\"name\":\"Home\",\"item\":\"http:\/\/s490497976.online.de\/wordpress\/\"},{\"@type\":\"ListItem\",\"position\":2,\"name\":\"team info\",\"item\":\"http:\/\/s490497976.online.de\/wordpress\/team-info\/\"},{\"@type\":\"ListItem\",\"position\":3,\"name\":\"maximilian pries &#8211; 2017\"}]},{\"@type\":\"WebSite\",\"@id\":\"http:\/\/s490497976.online.de\/wordpress\/#website\",\"url\":\"http:\/\/s490497976.online.de\/wordpress\/\",\"name\":\"BMX-Racing Germany\",\"description\":\"Welcome to CRUPI-Team-Germany!\",\"potentialAction\":[{\"@type\":\"SearchAction\",\"target\":{\"@type\":\"EntryPoint\",\"urlTemplate\":\"http:\/\/s490497976.online.de\/wordpress\/?s={search_term_string}\"},\"query-input\":\"required name=search_term_string\"}],\"inLanguage\":\"de\"}]}<\/script>\n<!-- \/ Yoast SEO plugin. -->","yoast_head_json":{"title":"maximilian pries - 2017 - BMX-Racing Germany","robots":{"index":"index","follow":"follow","max-snippet":"max-snippet:-1","max-image-preview":"max-image-preview:large","max-video-preview":"max-video-preview:-1"},"canonical":"http:\/\/s490497976.online.de\/wordpress\/team-info\/maximilian-pries\/","og_locale":"de_DE","og_type":"article","og_title":"maximilian pries - 2017 - BMX-Racing Germany","og_description":"Maximilian Pries begann im Alter von 6 Jahren mit dem BMX-Fahren. Wie auch schon seinen \u00e4lteren Bruder Michael hat ihn dieser Sport von Anfang an infiziert und er baute sein fahrerisches K\u00f6nnen im Laufe der Jahre immer weiter aus. Er wurde mehrmals Bayerischer Meister, zweimal Deutscher Meister und belegte bei einem EM Lauf in Weiterstadt... Read More","og_url":"http:\/\/s490497976.online.de\/wordpress\/team-info\/maximilian-pries\/","og_site_name":"BMX-Racing Germany","article_modified_time":"2018-04-09T07:58:04+00:00","og_image":[{"url":"http:\/\/s490497976.online.de\/wordpress\/wp-content\/uploads\/2015\/02\/maxi_title1-194x300.jpg"}],"twitter_misc":{"Gesch\u00e4tzte Lesezeit":"3\u00a0Minuten"},"schema":{"@context":"https:\/\/schema.org","@graph":[{"@type":"WebPage","@id":"http:\/\/s490497976.online.de\/wordpress\/team-info\/maximilian-pries\/","url":"http:\/\/s490497976.online.de\/wordpress\/team-info\/maximilian-pries\/","name":"maximilian pries - 2017 - BMX-Racing Germany","isPartOf":{"@id":"http:\/\/s490497976.online.de\/wordpress\/#website"},"datePublished":"2015-02-08T09:29:59+00:00","dateModified":"2018-04-09T07:58:04+00:00","breadcrumb":{"@id":"http:\/\/s490497976.online.de\/wordpress\/team-info\/maximilian-pries\/#breadcrumb"},"inLanguage":"de","potentialAction":[{"@type":"ReadAction","target":["http:\/\/s490497976.online.de\/wordpress\/team-info\/maximilian-pries\/"]}]},{"@type":"BreadcrumbList","@id":"http:\/\/s490497976.online.de\/wordpress\/team-info\/maximilian-pries\/#breadcrumb","itemListElement":[{"@type":"ListItem","position":1,"name":"Home","item":"http:\/\/s490497976.online.de\/wordpress\/"},{"@type":"ListItem","position":2,"name":"team info","item":"http:\/\/s490497976.online.de\/wordpress\/team-info\/"},{"@type":"ListItem","position":3,"name":"maximilian pries &#8211; 2017"}]},{"@type":"WebSite","@id":"http:\/\/s490497976.online.de\/wordpress\/#website","url":"http:\/\/s490497976.online.de\/wordpress\/","name":"BMX-Racing Germany","description":"Welcome to CRUPI-Team-Germany!","potentialAction":[{"@type":"SearchAction","target":{"@type":"EntryPoint","urlTemplate":"http:\/\/s490497976.online.de\/wordpress\/?s={search_term_string}"},"query-input":"required name=search_term_string"}],"inLanguage":"de"}]}},"jetpack_sharing_enabled":true,"jetpack_shortlink":"https:\/\/wp.me\/P7nO8R-1g","_links":{"self":[{"href":"http:\/\/s490497976.online.de\/wordpress\/wp-json\/wp\/v2\/pages\/78"}],"collection":[{"href":"http:\/\/s490497976.online.de\/wordpress\/wp-json\/wp\/v2\/pages"}],"about":[{"href":"http:\/\/s490497976.online.de\/wordpress\/wp-json\/wp\/v2\/types\/page"}],"author":[{"embeddable":true,"href":"http:\/\/s490497976.online.de\/wordpress\/wp-json\/wp\/v2\/users\/1"}],"replies":[{"embeddable":true,"href":"http:\/\/s490497976.online.de\/wordpress\/wp-json\/wp\/v2\/comments?post=78"}],"version-history":[{"count":3,"href":"http:\/\/s490497976.online.de\/wordpress\/wp-json\/wp\/v2\/pages\/78\/revisions"}],"predecessor-version":[{"id":703,"href":"http:\/\/s490497976.online.de\/wordpress\/wp-json\/wp\/v2\/pages\/78\/revisions\/703"}],"up":[{"embeddable":true,"href":"http:\/\/s490497976.online.de\/wordpress\/wp-json\/wp\/v2\/pages\/27"}],"wp:attachment":[{"href":"http:\/\/s490497976.online.de\/wordpress\/wp-json\/wp\/v2\/media?parent=78"}],"curies":[{"name":"wp","href":"https:\/\/api.w.org\/{rel}","templated":true}]}}