{"id":81,"date":"2015-02-08T09:49:13","date_gmt":"2015-02-08T09:49:13","guid":{"rendered":"http:\/\/crupishop.apps-1and1.net\/?page_id=81"},"modified":"2017-01-29T20:28:18","modified_gmt":"2017-01-29T19:28:18","slug":"michael-pries","status":"publish","type":"page","link":"http:\/\/s490497976.online.de\/wordpress\/team-info\/michael-pries\/","title":{"rendered":"michael pries &#8211; 2016"},"content":{"rendered":"<h5><a href=\"http:\/\/s490497976.online.de\/wordpress\/wp-content\/uploads\/2015\/02\/Michi_title1.jpg\"><img decoding=\"async\" loading=\"lazy\" class=\"alignleft size-medium wp-image-135\" src=\"http:\/\/s490497976.online.de\/wordpress\/wp-content\/uploads\/2015\/02\/Michi_title1-300x255.jpg\" alt=\"Michi_title1\" width=\"300\" height=\"255\" srcset=\"http:\/\/s490497976.online.de\/wordpress\/wp-content\/uploads\/2015\/02\/Michi_title1-300x255.jpg 300w, http:\/\/s490497976.online.de\/wordpress\/wp-content\/uploads\/2015\/02\/Michi_title1.jpg 960w\" sizes=\"(max-width: 300px) 100vw, 300px\" \/><\/a>Michael Pries begann mit 6 Jahren mit dem BMX-Fahren. Der Sport hat ihn von Anfang an fasziniert und er baute sein K\u00f6nnen Jahr f\u00fcr Jahr weiter aus. Er wurde mehrmals Bayerischer Meister, Deutscher Vizemeister und belegte bei einem EM Lauf den sechsten Platz.<\/h5>\n<h5>2004 fing Michael an Rennen zu fahren und startete in der Anf\u00e4ngerklasse. Gleich zu Beginn zeigte sich, dass Michael das erforderliche Talent f\u00fcr den BMX-Sport besa\u00df, so endschied er bereits einige der ersten Races f\u00fcr sich und endete nahe zu immer mit einem Finalplatz.<\/h5>\n<h5>2005 stieg Michael in die n\u00e4chst h\u00f6here Altersklasse auf. Jedoch dominierte er auch hier weiterhin das Feld und sicherte sich somit viele Erfolge.<\/h5>\n<h5>Im Jahr 2006 gewann Michael im \u00e4lteren Jahrgang startend nahezu alle Rennen des Bayern Pokals und sicherte sich damit den Gesamtsieg. Auch konnte er den Titel des Bayerischen Meisters mit nach Hause nehmen. So motiviert, hatte er schon die Lizenzklasse vor Augen.<\/h5>\n<h5>2007 stieg Michael in die Klasse U13 der Lizenzklasse auf. Dabei waren gleich zwei Schritte zu tun, doch er war dieser neuen Herausforderung gewachsen und fuhr sogar bei einigen Rennen in die Platzierung.<\/h5>\n<h5>Das Jahr 2008 sollte dann wieder mehr vordere Pl\u00e4tze ergeben. Die Bundesliga schloss Michael mit dem f\u00fcnften Platz ab. Seinen bis dahin gr\u00f6\u00dften Erfolg, den Vizemeistertitel, verbuchte er bei der Deutschen Meisterschaft in Bremen. Auf seiner Heimbahn gewann er auch die Bayerische Meisterschaft.<\/h5>\n<h5>Die Erfolge des Jahres 2008 f\u00fchrten zur Berufung in den BMX-Landeskader Bayern, der F\u00f6rdergruppe des Bayerischen Radsportverbandes, in dem er von heute Mitglied ist. Im Jahr 2009 war es als j\u00fcngerer Jahrgang wieder etwas schwerer in die vorderen Pl\u00e4tze zu fahren. Jedoch gelang es Michael die Bayern Pokal Serie als zweiter zu beenden, in der Bundesliga Rennserie war es der zehnte Platz. Bei der Deutschen Meisterschaft in Plessa gelang Michel der Einzug ins Finale.<\/h5>\n<h5>2010 starte Michael in der 20 und 24&#8243; Klasse. Nach einem Sturz im Training beim Bundesliga Rennen in Weilheim musste er die beiden Rennen wegen einer Sprunggelenkprellung leider ausfallen lassen. Bei allen anderen Rennen dieser Serie fuhr er weit vorne mit und beendete sie schlie\u00dflich als dritter. Bei der Deutschen Meisterschaft in Erlangen wurde Michael im Halbfinale ungl\u00fccklich zu Fall gebracht und schied somit vorzeitig aus. Seine Leistungsst\u00e4rke konnte Michael jedoch zuvor in der Cruiser-Klasse unter Beweis stellen. Hier gewann er souver\u00e4n alle Rennen und holte sich den Meistertitel. Bei der Bayerischen Meisterschaft nahm er beide Titel mit nach Hause. 2010 starte Michael auch bei einem EM Lauf in Klatovy, erreichte das Finale und fuhr als sechster ins Ziel.<br \/>\n<a href=\"http:\/\/s490497976.online.de\/wordpress\/wp-content\/uploads\/2015\/02\/michi_title.jpg\"><img decoding=\"async\" loading=\"lazy\" class=\"alignleft size-medium wp-image-82\" src=\"http:\/\/s490497976.online.de\/wordpress\/wp-content\/uploads\/2015\/02\/michi_title-300x224.jpg\" alt=\"michi_title\" width=\"300\" height=\"224\" srcset=\"http:\/\/s490497976.online.de\/wordpress\/wp-content\/uploads\/2015\/02\/michi_title-300x224.jpg 300w, http:\/\/s490497976.online.de\/wordpress\/wp-content\/uploads\/2015\/02\/michi_title.jpg 460w\" sizes=\"(max-width: 300px) 100vw, 300px\" \/><\/a> Im Jahr 2011 musste Michael sich wieder mit \u00e4lteren Konkurrenten messen. Hierf\u00fcr wollte er sich im Trainingslager in Kolbermoor besonders vorbereiten. Leider st\u00fcrzte er dort sehr schwer und musste mit einer Lungenquetschung mehrere Tage im Krankenhaus verweilen. Die ersten Rennen dieser Saison waren damit ebenfalls f\u00fcr ihn gelaufen. Jedoch konnte er seinen Trainingsr\u00fcckstand bald wieder aufholen und fuhr in den meisten Bundesliga Rennen ins Finale. Bei der Deutschen Meisterschaft im Cruiser wurde Michael zweiter in der 20&#8243;-Klasse kam er ins Finale und wurde dort sechster. Bei der Bayerischen Meisterschaft fuhr Michael knapp am Treppchen vorbei. H\u00f6hepunkt des Jahres war die Teilnahme an der WM in Copenhagen. Leider war dort das Losgl\u00fcck nicht auf seiner Seite. In einem sehr starken Gatter belegte er den f\u00fcnften Platz und kam somit nicht in die n\u00e4chste Runde.<\/h5>\n<h5>2012 als \u00e4lterer Jahrgang startend soll wieder Michaels Jahr werden. Bei der Deutschen Meisterschaft war er allerdings im Finale als dritter in einem Sturz verwickelt und konnte danach leider nur noch sechster werden. In der Cruiser Klasse allerdings dominierte er alle Rennen und wurde klar Deutscher Meister. Die ersten beiden Bundesliga Rennen beendete Michael als dritter und sechster. In der Bayern Pokal Serie hat er alle drei gefahrenen Rennen souver\u00e4n gewonnen.<\/h5>\n<h5><a href=\"http:\/\/s490497976.online.de\/wordpress\/wp-content\/uploads\/2015\/02\/Michi_title2.jpg\"><img decoding=\"async\" loading=\"lazy\" class=\" size-medium wp-image-134 alignright\" src=\"http:\/\/s490497976.online.de\/wordpress\/wp-content\/uploads\/2015\/02\/Michi_title2-300x200.jpg\" alt=\"Michi_title2\" width=\"300\" height=\"200\" srcset=\"http:\/\/s490497976.online.de\/wordpress\/wp-content\/uploads\/2015\/02\/Michi_title2-300x200.jpg 300w, http:\/\/s490497976.online.de\/wordpress\/wp-content\/uploads\/2015\/02\/Michi_title2-1024x683.jpg 1024w, http:\/\/s490497976.online.de\/wordpress\/wp-content\/uploads\/2015\/02\/Michi_title2.jpg 1386w\" sizes=\"(max-width: 300px) 100vw, 300px\" \/><\/a>Im Jahr 2013 starte Michael in der Junior Klasse, und damit erstmals in der Championshipklasse. Bei den ersten drei Bundesliga Rennwochenenden konnte er immer ins Finale fahren. Die Deutsche Meisterschaft in Ingersheim beschloss er mit einem erfolgreichen dritten Platz. \u2013 Dann ging Michael f\u00fcr ein Jahr nach Kalifornien, in die Heimat des BMX. Hier konnte er das ganze Jahr seinem Sport nachgehen und auch an dortigen Rennen teilnehmen. So wurde er beim State-Final von Kalifornien erster in der Klasse boys 16 und erreichte bei den Nationals in Chula Vista, bei dem mehr als 50 Racer in seiner Klasse starteten, gleich zweimal den sechsten Platz. Mit Erreichen seines 17. Lebensjahres startete Michael dann in der Klasse 17\/18. Hier wurde die Kongruenz schon st\u00e4rker. Dennoch konnte er hier bei Rennen in Reno, Phoenix und Ventura bis ins Halbfinale mitfahren.<\/h5>\n<h5>Mitte 2014 ging es dann wieder zur\u00fcck nach Deutschland. Nach nur 5 Tagen auf heimischen Boden nahm er an der Deutschen Meisterschaft teil. Leider verlief es dort nicht wie erhofft. Deutlich besser fuhr Michael dann bei der Europa Meisterschaft in Roskilde. Bei seinem ersten Supercross Rennen gelang ihm das Viertelfinale. Bei den beiden letzten Bundesliga Rennenwochenenden nahm er dreimal am Finale teil.<\/h5>\n","protected":false},"excerpt":{"rendered":"<p>Michael Pries begann mit 6 Jahren mit dem BMX-Fahren. Der Sport hat ihn von Anfang an fasziniert und er baute sein K\u00f6nnen Jahr f\u00fcr Jahr weiter aus. Er wurde mehrmals Bayerischer Meister, Deutscher Vizemeister und belegte bei einem EM Lauf den sechsten Platz. 2004 fing Michael an Rennen zu fahren und startete in der Anf\u00e4ngerklasse&#8230;. <\/p>\n<div class=\"read-more navbutton\"><a href=\"http:\/\/s490497976.online.de\/wordpress\/team-info\/michael-pries\/\">Read More<i class=\"fa fa-angle-double-right\"><\/i><\/a><\/div>\n","protected":false},"author":1,"featured_media":0,"parent":27,"menu_order":8,"comment_status":"closed","ping_status":"closed","template":"","meta":{"_mi_skip_tracking":false,"jetpack_post_was_ever_published":false},"yoast_head":"<!-- This site is optimized with the Yoast SEO plugin v19.11 - https:\/\/yoast.com\/wordpress\/plugins\/seo\/ -->\n<title>michael pries - 2016 - BMX-Racing Germany<\/title>\n<meta name=\"description\" content=\"Pries Michael BMX CRUPI\" \/>\n<meta name=\"robots\" content=\"index, follow, max-snippet:-1, max-image-preview:large, max-video-preview:-1\" \/>\n<link rel=\"canonical\" href=\"http:\/\/s490497976.online.de\/wordpress\/team-info\/michael-pries\/\" \/>\n<meta property=\"og:locale\" content=\"de_DE\" \/>\n<meta property=\"og:type\" content=\"article\" \/>\n<meta property=\"og:title\" content=\"michael pries - 2016 - BMX-Racing Germany\" \/>\n<meta property=\"og:description\" content=\"Pries Michael BMX CRUPI\" \/>\n<meta property=\"og:url\" content=\"http:\/\/s490497976.online.de\/wordpress\/team-info\/michael-pries\/\" \/>\n<meta property=\"og:site_name\" content=\"BMX-Racing Germany\" \/>\n<meta property=\"article:modified_time\" content=\"2017-01-29T19:28:18+00:00\" \/>\n<meta property=\"og:image\" content=\"http:\/\/s490497976.online.de\/wordpress\/wp-content\/uploads\/2015\/02\/Michi_title1-300x255.jpg\" \/>\n<meta name=\"twitter:label1\" content=\"Gesch\u00e4tzte Lesezeit\" \/>\n\t<meta name=\"twitter:data1\" content=\"4\u00a0Minuten\" \/>\n<script type=\"application\/ld+json\" class=\"yoast-schema-graph\">{\"@context\":\"https:\/\/schema.org\",\"@graph\":[{\"@type\":\"WebPage\",\"@id\":\"http:\/\/s490497976.online.de\/wordpress\/team-info\/michael-pries\/\",\"url\":\"http:\/\/s490497976.online.de\/wordpress\/team-info\/michael-pries\/\",\"name\":\"michael pries - 2016 - BMX-Racing Germany\",\"isPartOf\":{\"@id\":\"http:\/\/s490497976.online.de\/wordpress\/#website\"},\"datePublished\":\"2015-02-08T09:49:13+00:00\",\"dateModified\":\"2017-01-29T19:28:18+00:00\",\"description\":\"Pries Michael BMX CRUPI\",\"breadcrumb\":{\"@id\":\"http:\/\/s490497976.online.de\/wordpress\/team-info\/michael-pries\/#breadcrumb\"},\"inLanguage\":\"de\",\"potentialAction\":[{\"@type\":\"ReadAction\",\"target\":[\"http:\/\/s490497976.online.de\/wordpress\/team-info\/michael-pries\/\"]}]},{\"@type\":\"BreadcrumbList\",\"@id\":\"http:\/\/s490497976.online.de\/wordpress\/team-info\/michael-pries\/#breadcrumb\",\"itemListElement\":[{\"@type\":\"ListItem\",\"position\":1,\"name\":\"Home\",\"item\":\"http:\/\/s490497976.online.de\/wordpress\/\"},{\"@type\":\"ListItem\",\"position\":2,\"name\":\"team info\",\"item\":\"http:\/\/s490497976.online.de\/wordpress\/team-info\/\"},{\"@type\":\"ListItem\",\"position\":3,\"name\":\"michael pries &#8211; 2016\"}]},{\"@type\":\"WebSite\",\"@id\":\"http:\/\/s490497976.online.de\/wordpress\/#website\",\"url\":\"http:\/\/s490497976.online.de\/wordpress\/\",\"name\":\"BMX-Racing Germany\",\"description\":\"Welcome to CRUPI-Team-Germany!\",\"potentialAction\":[{\"@type\":\"SearchAction\",\"target\":{\"@type\":\"EntryPoint\",\"urlTemplate\":\"http:\/\/s490497976.online.de\/wordpress\/?s={search_term_string}\"},\"query-input\":\"required name=search_term_string\"}],\"inLanguage\":\"de\"}]}<\/script>\n<!-- \/ Yoast SEO plugin. -->","yoast_head_json":{"title":"michael pries - 2016 - BMX-Racing Germany","description":"Pries Michael BMX CRUPI","robots":{"index":"index","follow":"follow","max-snippet":"max-snippet:-1","max-image-preview":"max-image-preview:large","max-video-preview":"max-video-preview:-1"},"canonical":"http:\/\/s490497976.online.de\/wordpress\/team-info\/michael-pries\/","og_locale":"de_DE","og_type":"article","og_title":"michael pries - 2016 - BMX-Racing Germany","og_description":"Pries Michael BMX CRUPI","og_url":"http:\/\/s490497976.online.de\/wordpress\/team-info\/michael-pries\/","og_site_name":"BMX-Racing Germany","article_modified_time":"2017-01-29T19:28:18+00:00","og_image":[{"url":"http:\/\/s490497976.online.de\/wordpress\/wp-content\/uploads\/2015\/02\/Michi_title1-300x255.jpg"}],"twitter_misc":{"Gesch\u00e4tzte Lesezeit":"4\u00a0Minuten"},"schema":{"@context":"https:\/\/schema.org","@graph":[{"@type":"WebPage","@id":"http:\/\/s490497976.online.de\/wordpress\/team-info\/michael-pries\/","url":"http:\/\/s490497976.online.de\/wordpress\/team-info\/michael-pries\/","name":"michael pries - 2016 - BMX-Racing Germany","isPartOf":{"@id":"http:\/\/s490497976.online.de\/wordpress\/#website"},"datePublished":"2015-02-08T09:49:13+00:00","dateModified":"2017-01-29T19:28:18+00:00","description":"Pries Michael BMX CRUPI","breadcrumb":{"@id":"http:\/\/s490497976.online.de\/wordpress\/team-info\/michael-pries\/#breadcrumb"},"inLanguage":"de","potentialAction":[{"@type":"ReadAction","target":["http:\/\/s490497976.online.de\/wordpress\/team-info\/michael-pries\/"]}]},{"@type":"BreadcrumbList","@id":"http:\/\/s490497976.online.de\/wordpress\/team-info\/michael-pries\/#breadcrumb","itemListElement":[{"@type":"ListItem","position":1,"name":"Home","item":"http:\/\/s490497976.online.de\/wordpress\/"},{"@type":"ListItem","position":2,"name":"team info","item":"http:\/\/s490497976.online.de\/wordpress\/team-info\/"},{"@type":"ListItem","position":3,"name":"michael pries &#8211; 2016"}]},{"@type":"WebSite","@id":"http:\/\/s490497976.online.de\/wordpress\/#website","url":"http:\/\/s490497976.online.de\/wordpress\/","name":"BMX-Racing Germany","description":"Welcome to CRUPI-Team-Germany!","potentialAction":[{"@type":"SearchAction","target":{"@type":"EntryPoint","urlTemplate":"http:\/\/s490497976.online.de\/wordpress\/?s={search_term_string}"},"query-input":"required name=search_term_string"}],"inLanguage":"de"}]}},"jetpack_sharing_enabled":true,"jetpack_shortlink":"https:\/\/wp.me\/P7nO8R-1j","_links":{"self":[{"href":"http:\/\/s490497976.online.de\/wordpress\/wp-json\/wp\/v2\/pages\/81"}],"collection":[{"href":"http:\/\/s490497976.online.de\/wordpress\/wp-json\/wp\/v2\/pages"}],"about":[{"href":"http:\/\/s490497976.online.de\/wordpress\/wp-json\/wp\/v2\/types\/page"}],"author":[{"embeddable":true,"href":"http:\/\/s490497976.online.de\/wordpress\/wp-json\/wp\/v2\/users\/1"}],"replies":[{"embeddable":true,"href":"http:\/\/s490497976.online.de\/wordpress\/wp-json\/wp\/v2\/comments?post=81"}],"version-history":[{"count":3,"href":"http:\/\/s490497976.online.de\/wordpress\/wp-json\/wp\/v2\/pages\/81\/revisions"}],"predecessor-version":[{"id":610,"href":"http:\/\/s490497976.online.de\/wordpress\/wp-json\/wp\/v2\/pages\/81\/revisions\/610"}],"up":[{"embeddable":true,"href":"http:\/\/s490497976.online.de\/wordpress\/wp-json\/wp\/v2\/pages\/27"}],"wp:attachment":[{"href":"http:\/\/s490497976.online.de\/wordpress\/wp-json\/wp\/v2\/media?parent=81"}],"curies":[{"name":"wp","href":"https:\/\/api.w.org\/{rel}","templated":true}]}}