{"id":84,"date":"2015-02-08T09:50:05","date_gmt":"2015-02-08T09:50:05","guid":{"rendered":"http:\/\/crupishop.apps-1and1.net\/?page_id=84"},"modified":"2015-02-22T22:38:50","modified_gmt":"2015-02-22T21:38:50","slug":"michel-schuster","status":"publish","type":"page","link":"http:\/\/s490497976.online.de\/wordpress\/team-info\/michel-schuster\/","title":{"rendered":"michel schuster"},"content":{"rendered":"<h5><a href=\"http:\/\/s490497976.online.de\/wordpress\/wp-content\/uploads\/2015\/02\/IMG_9574x-e1424639118509.jpg\"><img decoding=\"async\" loading=\"lazy\" class=\" size-medium wp-image-321 alignleft\" src=\"http:\/\/s490497976.online.de\/wordpress\/wp-content\/uploads\/2015\/02\/IMG_9574x-e1424639118509-216x300.jpg\" alt=\"IMG_9574x\" width=\"216\" height=\"300\" srcset=\"http:\/\/s490497976.online.de\/wordpress\/wp-content\/uploads\/2015\/02\/IMG_9574x-e1424639118509-216x300.jpg 216w, http:\/\/s490497976.online.de\/wordpress\/wp-content\/uploads\/2015\/02\/IMG_9574x-e1424639118509.jpg 353w\" sizes=\"(max-width: 216px) 100vw, 216px\" \/><\/a>2008 begann die BMX Karriere von Michel in der Anf\u00e4ngerklasse beim RC 50 Erlangen. Man merkte, da\u00df Michel Potenzial hatte und somit wechselte er schon im n\u00e4chsten Jahr 2009 in die Lizenzklasse.<\/h5>\n<h5>Michel zeigte sich als guter Fahrer und erreichte in diesem Jahr den 8. Platz bei der Deutschen Meisterschaft sowie in der Gesamtwertung der Bundesliga.<\/h5>\n<h5>2010 wurde Michel souver\u00e4n Bayrischer Meister. Bei der Deutschen Meisterschaft st\u00fctze er in f\u00fchrender Position ungl\u00fccklich, er konnte das Rennen dennoch mit dem 5. Platz beenden. Trotz verlorener Punkte gewann Michel in diesem Jahr die Bundesliga-Gesamtwertung und erhielt f\u00fcr das folgende Jahr die Startnummer 01.<\/h5>\n<h5>2011 erreichte Michel als j\u00fcngerer Jahrgang den 3. Platz bei der Deutschen Meisterschaft und konnte erneut die Bundesliga-Gesamtwertung f\u00fcr sich entscheiden, auch nahm er das erste mal an der Weltmeisterschaft in D\u00e4nemark teil.<\/h5>\n<h5>2012 war Michel\u00b4s erfolgreichstes Jahr! Er gewann die Deutsche Meisterschaft, wurde Bayrischer Meister und gewann die Bundesliga-Gesamtwertung. Im gleichen Jahr wurde Michel in den Bayernkader aufgenommen und wechselte im September an die Bertold-Brecht-Schule N\u00fcrnberg, um Schule und Sport besser in Einklang zu bringen.<\/h5>\n<h5>2013 musste Michel sich wieder gegen \u00e4ltere Fahrer behaupten.<br \/>\nEr schaffte es trotzdem ins Finale der Deutschen Meisterschaft, und beendete das Rennen mit einem guten 4.Platz. Bei der Bayrischen Meisterschaft wurde er im Finale 3.<br \/>\nIn diesem Jahr nahm er auch an verschiedenen Europal\u00e4ufen und der Europameisterschaft teil.<\/h5>\n<h5>2014 zog sich Michel zu Beginn der Saison einen Schl\u00fcsselbeinbruch zu, somit fehlten Ihm zwei Bundesligal\u00e4ufe f\u00fcr die Gesamtwertung. Die Deutsche Meisterschaft und die Bayrische Meisterschaft konnte er jeweils mit dem 2. Platz beenden und in der Gesamtwertung erreichte er den 5. Platz. Auch nahm er an der Europameisterschaft in D\u00e4nemark und an der Weltmeisterschaft in Holland teil.<\/h5>\n<h5>Nun freut sich Michel auf seine erste Saison mit der CRUPI-Family.<\/h5>\n<h5><\/h5>\n","protected":false},"excerpt":{"rendered":"<p>2008 begann die BMX Karriere von Michel in der Anf\u00e4ngerklasse beim RC 50 Erlangen. Man merkte, da\u00df Michel Potenzial hatte und somit wechselte er schon im n\u00e4chsten Jahr 2009 in die Lizenzklasse. Michel zeigte sich als guter Fahrer und erreichte in diesem Jahr den 8. Platz bei der Deutschen Meisterschaft sowie in der Gesamtwertung der&#8230; <\/p>\n<div class=\"read-more navbutton\"><a href=\"http:\/\/s490497976.online.de\/wordpress\/team-info\/michel-schuster\/\">Read More<i class=\"fa fa-angle-double-right\"><\/i><\/a><\/div>\n","protected":false},"author":1,"featured_media":0,"parent":27,"menu_order":9,"comment_status":"closed","ping_status":"closed","template":"","meta":{"_mi_skip_tracking":false,"jetpack_post_was_ever_published":false},"yoast_head":"<!-- This site is optimized with the Yoast SEO plugin v19.11 - https:\/\/yoast.com\/wordpress\/plugins\/seo\/ -->\n<title>michel schuster - BMX-Racing Germany<\/title>\n<meta name=\"description\" content=\"michel schuster BMX Racing CRUPI\" \/>\n<meta name=\"robots\" content=\"index, follow, max-snippet:-1, max-image-preview:large, max-video-preview:-1\" \/>\n<link rel=\"canonical\" href=\"http:\/\/s490497976.online.de\/wordpress\/team-info\/michel-schuster\/\" \/>\n<meta property=\"og:locale\" content=\"de_DE\" \/>\n<meta property=\"og:type\" content=\"article\" \/>\n<meta property=\"og:title\" content=\"michel schuster - BMX-Racing Germany\" \/>\n<meta property=\"og:description\" content=\"michel schuster BMX Racing CRUPI\" \/>\n<meta property=\"og:url\" content=\"http:\/\/s490497976.online.de\/wordpress\/team-info\/michel-schuster\/\" \/>\n<meta property=\"og:site_name\" content=\"BMX-Racing Germany\" \/>\n<meta property=\"article:modified_time\" content=\"2015-02-22T21:38:50+00:00\" \/>\n<meta property=\"og:image\" content=\"http:\/\/s490497976.online.de\/wordpress\/wp-content\/uploads\/2015\/02\/IMG_9574x-e1424639118509-216x300.jpg\" \/>\n<meta name=\"twitter:label1\" content=\"Gesch\u00e4tzte Lesezeit\" \/>\n\t<meta name=\"twitter:data1\" content=\"1\u00a0Minute\" \/>\n<script type=\"application\/ld+json\" class=\"yoast-schema-graph\">{\"@context\":\"https:\/\/schema.org\",\"@graph\":[{\"@type\":\"WebPage\",\"@id\":\"http:\/\/s490497976.online.de\/wordpress\/team-info\/michel-schuster\/\",\"url\":\"http:\/\/s490497976.online.de\/wordpress\/team-info\/michel-schuster\/\",\"name\":\"michel schuster - BMX-Racing Germany\",\"isPartOf\":{\"@id\":\"http:\/\/s490497976.online.de\/wordpress\/#website\"},\"datePublished\":\"2015-02-08T09:50:05+00:00\",\"dateModified\":\"2015-02-22T21:38:50+00:00\",\"description\":\"michel schuster BMX Racing CRUPI\",\"breadcrumb\":{\"@id\":\"http:\/\/s490497976.online.de\/wordpress\/team-info\/michel-schuster\/#breadcrumb\"},\"inLanguage\":\"de\",\"potentialAction\":[{\"@type\":\"ReadAction\",\"target\":[\"http:\/\/s490497976.online.de\/wordpress\/team-info\/michel-schuster\/\"]}]},{\"@type\":\"BreadcrumbList\",\"@id\":\"http:\/\/s490497976.online.de\/wordpress\/team-info\/michel-schuster\/#breadcrumb\",\"itemListElement\":[{\"@type\":\"ListItem\",\"position\":1,\"name\":\"Home\",\"item\":\"http:\/\/s490497976.online.de\/wordpress\/\"},{\"@type\":\"ListItem\",\"position\":2,\"name\":\"team info\",\"item\":\"http:\/\/s490497976.online.de\/wordpress\/team-info\/\"},{\"@type\":\"ListItem\",\"position\":3,\"name\":\"michel schuster\"}]},{\"@type\":\"WebSite\",\"@id\":\"http:\/\/s490497976.online.de\/wordpress\/#website\",\"url\":\"http:\/\/s490497976.online.de\/wordpress\/\",\"name\":\"BMX-Racing Germany\",\"description\":\"Welcome to CRUPI-Team-Germany!\",\"potentialAction\":[{\"@type\":\"SearchAction\",\"target\":{\"@type\":\"EntryPoint\",\"urlTemplate\":\"http:\/\/s490497976.online.de\/wordpress\/?s={search_term_string}\"},\"query-input\":\"required name=search_term_string\"}],\"inLanguage\":\"de\"}]}<\/script>\n<!-- \/ Yoast SEO plugin. -->","yoast_head_json":{"title":"michel schuster - BMX-Racing Germany","description":"michel schuster BMX Racing CRUPI","robots":{"index":"index","follow":"follow","max-snippet":"max-snippet:-1","max-image-preview":"max-image-preview:large","max-video-preview":"max-video-preview:-1"},"canonical":"http:\/\/s490497976.online.de\/wordpress\/team-info\/michel-schuster\/","og_locale":"de_DE","og_type":"article","og_title":"michel schuster - BMX-Racing Germany","og_description":"michel schuster BMX Racing CRUPI","og_url":"http:\/\/s490497976.online.de\/wordpress\/team-info\/michel-schuster\/","og_site_name":"BMX-Racing Germany","article_modified_time":"2015-02-22T21:38:50+00:00","og_image":[{"url":"http:\/\/s490497976.online.de\/wordpress\/wp-content\/uploads\/2015\/02\/IMG_9574x-e1424639118509-216x300.jpg"}],"twitter_misc":{"Gesch\u00e4tzte Lesezeit":"1\u00a0Minute"},"schema":{"@context":"https:\/\/schema.org","@graph":[{"@type":"WebPage","@id":"http:\/\/s490497976.online.de\/wordpress\/team-info\/michel-schuster\/","url":"http:\/\/s490497976.online.de\/wordpress\/team-info\/michel-schuster\/","name":"michel schuster - BMX-Racing Germany","isPartOf":{"@id":"http:\/\/s490497976.online.de\/wordpress\/#website"},"datePublished":"2015-02-08T09:50:05+00:00","dateModified":"2015-02-22T21:38:50+00:00","description":"michel schuster BMX Racing CRUPI","breadcrumb":{"@id":"http:\/\/s490497976.online.de\/wordpress\/team-info\/michel-schuster\/#breadcrumb"},"inLanguage":"de","potentialAction":[{"@type":"ReadAction","target":["http:\/\/s490497976.online.de\/wordpress\/team-info\/michel-schuster\/"]}]},{"@type":"BreadcrumbList","@id":"http:\/\/s490497976.online.de\/wordpress\/team-info\/michel-schuster\/#breadcrumb","itemListElement":[{"@type":"ListItem","position":1,"name":"Home","item":"http:\/\/s490497976.online.de\/wordpress\/"},{"@type":"ListItem","position":2,"name":"team info","item":"http:\/\/s490497976.online.de\/wordpress\/team-info\/"},{"@type":"ListItem","position":3,"name":"michel schuster"}]},{"@type":"WebSite","@id":"http:\/\/s490497976.online.de\/wordpress\/#website","url":"http:\/\/s490497976.online.de\/wordpress\/","name":"BMX-Racing Germany","description":"Welcome to CRUPI-Team-Germany!","potentialAction":[{"@type":"SearchAction","target":{"@type":"EntryPoint","urlTemplate":"http:\/\/s490497976.online.de\/wordpress\/?s={search_term_string}"},"query-input":"required name=search_term_string"}],"inLanguage":"de"}]}},"jetpack_sharing_enabled":true,"jetpack_shortlink":"https:\/\/wp.me\/P7nO8R-1m","_links":{"self":[{"href":"http:\/\/s490497976.online.de\/wordpress\/wp-json\/wp\/v2\/pages\/84"}],"collection":[{"href":"http:\/\/s490497976.online.de\/wordpress\/wp-json\/wp\/v2\/pages"}],"about":[{"href":"http:\/\/s490497976.online.de\/wordpress\/wp-json\/wp\/v2\/types\/page"}],"author":[{"embeddable":true,"href":"http:\/\/s490497976.online.de\/wordpress\/wp-json\/wp\/v2\/users\/1"}],"replies":[{"embeddable":true,"href":"http:\/\/s490497976.online.de\/wordpress\/wp-json\/wp\/v2\/comments?post=84"}],"version-history":[{"count":4,"href":"http:\/\/s490497976.online.de\/wordpress\/wp-json\/wp\/v2\/pages\/84\/revisions"}],"predecessor-version":[{"id":339,"href":"http:\/\/s490497976.online.de\/wordpress\/wp-json\/wp\/v2\/pages\/84\/revisions\/339"}],"up":[{"embeddable":true,"href":"http:\/\/s490497976.online.de\/wordpress\/wp-json\/wp\/v2\/pages\/27"}],"wp:attachment":[{"href":"http:\/\/s490497976.online.de\/wordpress\/wp-json\/wp\/v2\/media?parent=84"}],"curies":[{"name":"wp","href":"https:\/\/api.w.org\/{rel}","templated":true}]}}