{"id":86,"date":"2015-02-08T09:56:20","date_gmt":"2015-02-08T09:56:20","guid":{"rendered":"http:\/\/crupishop.apps-1and1.net\/?page_id=86"},"modified":"2015-02-22T22:31:18","modified_gmt":"2015-02-22T21:31:18","slug":"lucas-brauer-2014","status":"publish","type":"page","link":"http:\/\/s490497976.online.de\/wordpress\/team-info\/lucas-brauer-2014\/","title":{"rendered":"lucas brauer &#8211; 2014"},"content":{"rendered":"<div id=\"attachment_94\" style=\"width: 210px\" class=\"wp-caption alignleft\"><a href=\"http:\/\/s490497976.online.de\/wordpress\/wp-content\/uploads\/2015\/02\/Lucas_title.jpg\"><img aria-describedby=\"caption-attachment-94\" decoding=\"async\" loading=\"lazy\" class=\"wp-image-94 size-medium\" src=\"http:\/\/s490497976.online.de\/wordpress\/wp-content\/uploads\/2015\/02\/Lucas_title-200x300.jpg\" alt=\"CRUPI Racing\" width=\"200\" height=\"300\" srcset=\"http:\/\/s490497976.online.de\/wordpress\/wp-content\/uploads\/2015\/02\/Lucas_title-200x300.jpg 200w, http:\/\/s490497976.online.de\/wordpress\/wp-content\/uploads\/2015\/02\/Lucas_title-681x1024.jpg 681w, http:\/\/s490497976.online.de\/wordpress\/wp-content\/uploads\/2015\/02\/Lucas_title.jpg 1000w\" sizes=\"(max-width: 200px) 100vw, 200px\" \/><\/a><p id=\"caption-attachment-94\" class=\"wp-caption-text\">Lucas Brauer<\/p><\/div>\n<h5>Homepage: <a href=\"http:\/\/www.lucas-brauer.de\" target=\"_blank\">www.lucas-brauer.de<\/a><\/h5>\n<h5>Lucas Brauer begann im Alter von 9 Jahren mit dem BMX-Sport. Von Beginn an war er mit gro\u00dfer Begeisterung dabei und verf\u00fcgte auch \u00fcber das notwendige Talent f\u00fcr eine BMX-&#8222;Karriere&#8220;.<\/h5>\n<h5>Im Jahr 2004 startete Lucas in den Anf\u00e4ngerklassen seiner Altersgruppe und war von Anfang an ganz vorn dabei. Sein erstes Rennen beendete er mit Platz 1. Auch in den folgenden Rennen stand er fast immer bei der Siegerehrung auf dem Podest.<\/h5>\n<h5>Im Jahr 2005 stieg Lucas in den Lizenzsport ein. Sofort im ersten Lizenzjahr konnte er Fu\u00df in der Spitzengruppe in Deutschland fassen. Regional konnte er sich einen 3. Platz bei der bayerischen Meisterschaft erk\u00e4mpfen. Die Gesamtwertung im Bayerpokal entschied er klar f\u00fcr sich und holte den Titel \u201eBMX-BAYERN-POKAL-SIEGER 2005\u201c. Bemerkenswert war der Doppelsieg in der BMX-Bundesliga\/Nachwuchs-Cup am Rennwochenende in Bispingen. Durch diesen Sieg hatte sich Lucas bereits in seinem Premierenjahr auch national etabliert und durch weitere Platzierungen auf dem \u201eStockerl\u201c f\u00fcr die Weltmeisterschaft in Paris und die Europameisterschaft in Echichens \/CH qualifiziert. Den kr\u00f6nenden Abschluss fand diese Saison mit dem 3. Platz bei der Deutschen Meisterschaft \/ BMX Deutschland-Cup in Betzingen.<br \/>\n2006 war Lucas der j\u00fcngere Jahrgang in seiner Doppelklasse. Diese Jahre als j\u00fcngerer Jahrgang werden gerne als Lehr- und Lernjahre bezeichnet. Somit ist der Abschluss dieser Saison, sowohl regional als auch national im Mittelfeld, ebenfalls als Erfolg zu sehen und sch\u00fcrte die Erwartungen auf ein erfolgreiches Jahr 2007.<\/h5>\n<h5>2007 erf\u00fcllte Lucas diese Erwartungen. Erneut konnte er den Bayernpokal mit dem Titel \u201eBMX-BAYERN-POKAL-SIEGER 2007&#8243; f\u00fcr sich entscheiden und beendete die Bundesnachwuchsrangliste auf dem sensationellen 3. Gesamtrang. Den Franken Cup konnte er \u00fcber 3 L\u00e4ufe in der Gesamtwertung mit Platz 1 f\u00fcr sich entscheiden. Insgesamt konnte er in diesem Jahr weit \u00fcber 20mal auf das \u201eSiegertreppchen&#8220; fahren.<\/h5>\n<h5>2008 musste Lucas wieder als j\u00fcngerer Jahrgang antreten. Dies schlug sich auch in den Ergebnissen nieder. Dennoch ist auch diese Jahr als unter Ber\u00fccksichtigung dieses \u201eNachteils&#8220; als voller Erfolg zu sehen. Lucas entschied sich bei einigen Rennveranstaltungen als Doppelstarter anzutreten. Dies bedeutet, dass er neben den Rennen der 20\u2019\u2019 Klasse auch in der 24\u2019\u2019 Cruiser Klasse antrat. Im Bayern Pokal konnte er sich in der Gesamtwertung den 3. Platz sichern. Im Franken Cup gelang ihm der Sprung auf Treppchen mit Platz 2. In der Gesamtwertung des BMX-Deutschland-Cups erzielte er mit Platz 6 als Bester seines Jahrgangs ebenfalls ein bemerkenswertes Ergebnis. H\u00f6hepunkt war aber neben der Teilnahme an der Europameisterschaft in Weiterstadt, der 3. Platz bei der Deutschen Meisterschaft in Bremen in der Cruiser Klasse. All diese herausragenden Ergebnisse f\u00fchrten zur Berufung in den BMX-Landeskader Bayern, der F\u00f6rdergruppe des Bayerischen Radsportverbandes.<\/h5>\n<h5>2009 sollte das bisher erfolgreichste Jahr werden. So konnte Lucas sowohl die bayerische (Bayern-Pokal) als auch die nationale (BMX-Bundesliga) Gesamtwertung in seiner Altersklasse f\u00fcr sich entscheiden. Anfang Juli wurde er bei der Deutschen Meisterschaft in Plessa Deutscher Meister in der Cruiser Sch\u00fclerklasse. Auch international konnte Lucas bei den Euro-L\u00e4ufen in Klatovy\/CZ mit einem 4. &amp; 5. Platz auf sich aufmerksam machen. Letztendlich f\u00fchrten diese Leistungen zur Berufung in den deutschen Nachwuchskader am Olympia-St\u00fctzpunkt Stuttgart unter der Leitung von BMX-Bundestrainer Simon Schirle.<\/h5>\n<dl id=\"attachment_96\" class=\"wp-caption alignright\" style=\"width: 210px;\">\n<dt class=\"wp-caption-dt\"><a href=\"http:\/\/s490497976.online.de\/wordpress\/wp-content\/uploads\/2015\/02\/Lucas_title2.jpg\"><img decoding=\"async\" loading=\"lazy\" class=\"wp-image-96 size-medium\" src=\"http:\/\/s490497976.online.de\/wordpress\/wp-content\/uploads\/2015\/02\/Lucas_title2-200x300.jpg\" alt=\"CRUPI Racing\" width=\"200\" height=\"300\" srcset=\"http:\/\/s490497976.online.de\/wordpress\/wp-content\/uploads\/2015\/02\/Lucas_title2-200x300.jpg 200w, http:\/\/s490497976.online.de\/wordpress\/wp-content\/uploads\/2015\/02\/Lucas_title2.jpg 666w\" sizes=\"(max-width: 200px) 100vw, 200px\" \/><\/a><\/dt>\n<dd class=\"wp-caption-dd\">Lucas Brauer Weiterstadt<\/dd>\n<\/dl>\n<h5>2010 musste sich Lucas einer 12-w\u00f6chigen Rennpause unterziehen. Im Juni st\u00fcrzte er bei einer Trainingseinheit des Nachwuchskaders Deutschland in Weiterstadt und zog sich einen doppelten Beckenbruch zu. Dennoch erzielte er in der BMX-Bundesliga einen hervorragenden 3. Platz in der Gesamtwertung der Klasse Jugend als j\u00fcngerer Jahrgang.<\/h5>\n<h5>Im Jahr 2011 gelang es Lucas erstmalig den Titel Bayerischer Meister zu gewinnen. In Herzogenaurach konnte er aber nicht nur die Klasse 20 Zoll f\u00fcr sich entscheiden, sondern sich auch den Titel in der Cruiser-Klasse sichern. Im Bayernpokal kam es erneut zum Titelgewinn der Gesamtwertung und bei der Deutschen Meisterschaft in Cottbus im Time Trial zu Platz 6 und in der Cruiserklasse zu Platz 3. Die 20&#8220; Zoll Klasse wurde bei der DM mit Platz 6 abgeschlossen und die Gesamtwertung der BMX-Bundesliga mit Platz 8. Auch bei den Eurol\u00e4ufen in Prag waren 2 Podiumspl\u00e4tze zu verbuchen. Am Samstag noch auf Platz 2 gelang am Rennsonntag mit Platz 1 der Sprung nach ganz oben auf das Siegertreppchen.<\/h5>\n<dl id=\"attachment_95\" class=\"wp-caption alignleft\" style=\"width: 310px;\">\n<dt class=\"wp-caption-dt\"><a href=\"http:\/\/s490497976.online.de\/wordpress\/wp-content\/uploads\/2015\/02\/Foto-22.04.12-12-33-07.jpg\"><img decoding=\"async\" loading=\"lazy\" class=\"wp-image-95 size-medium\" src=\"http:\/\/s490497976.online.de\/wordpress\/wp-content\/uploads\/2015\/02\/Foto-22.04.12-12-33-07-300x199.jpg\" alt=\"CRUPI Racing\" width=\"300\" height=\"199\" srcset=\"http:\/\/s490497976.online.de\/wordpress\/wp-content\/uploads\/2015\/02\/Foto-22.04.12-12-33-07-300x199.jpg 300w, http:\/\/s490497976.online.de\/wordpress\/wp-content\/uploads\/2015\/02\/Foto-22.04.12-12-33-07-1024x681.jpg 1024w, http:\/\/s490497976.online.de\/wordpress\/wp-content\/uploads\/2015\/02\/Foto-22.04.12-12-33-07.jpg 1500w\" sizes=\"(max-width: 300px) 100vw, 300px\" \/><\/a><\/dt>\n<dd class=\"wp-caption-dd\">Lucas Brauer Weiterstadt<\/dd>\n<\/dl>\n<h5>In der Saison 2012 geht Lucas in der Klasse 17-29 an den Start. Ein erfolgreicher Saisonstart liegt bereits hinter ihm. Mit 2 Bayernpokalsiegen und 2 Finalteilnahmen in der BMX-Bundesliga konnte er sich auch hier bereits etablieren. H\u00f6hepunkt waren die beiden 3. Pl\u00e4tze bei der diesj\u00e4hrigen Deutschen Meisterschaft in Kornwestheim. Auch im weiteren Verlauf der Saison 2012 folgten weitere Erfolge, die letztendlich zu Platz 2 in der Gesamtwertung der BMX-Bundesliga und zum Titel Bayern-Pokal-Sieger 2012 f\u00fchrten.<\/h5>\n<h5>2012 absolvierte Lucas seinen BMX-Trainerschein und wird sich nun mehr dieser T\u00e4tigkeit widmen. Vereinzelt wird man ihn aber auch noch auf dem BMX-Track sehen, wenn es mal wieder in den Beinen juckt!<\/h5>\n<h5><\/h5>\n<p>&nbsp;<\/p>\n<p>&nbsp;<\/p>\n","protected":false},"excerpt":{"rendered":"<p>Homepage: www.lucas-brauer.de Lucas Brauer begann im Alter von 9 Jahren mit dem BMX-Sport. Von Beginn an war er mit gro\u00dfer Begeisterung dabei und verf\u00fcgte auch \u00fcber das notwendige Talent f\u00fcr eine BMX-&#8222;Karriere&#8220;. Im Jahr 2004 startete Lucas in den Anf\u00e4ngerklassen seiner Altersgruppe und war von Anfang an ganz vorn dabei. Sein erstes Rennen beendete er&#8230; <\/p>\n<div class=\"read-more navbutton\"><a href=\"http:\/\/s490497976.online.de\/wordpress\/team-info\/lucas-brauer-2014\/\">Read More<i class=\"fa fa-angle-double-right\"><\/i><\/a><\/div>\n","protected":false},"author":1,"featured_media":0,"parent":27,"menu_order":10,"comment_status":"closed","ping_status":"closed","template":"","meta":{"_mi_skip_tracking":false,"jetpack_post_was_ever_published":false},"yoast_head":"<!-- This site is optimized with the Yoast SEO plugin v19.11 - https:\/\/yoast.com\/wordpress\/plugins\/seo\/ -->\n<title>lucas brauer - 2014 - BMX-Racing Germany<\/title>\n<meta name=\"description\" content=\"lucas brauer BMX Racing CRUPI\" \/>\n<meta name=\"robots\" content=\"index, follow, max-snippet:-1, max-image-preview:large, max-video-preview:-1\" \/>\n<link rel=\"canonical\" href=\"http:\/\/s490497976.online.de\/wordpress\/team-info\/lucas-brauer-2014\/\" \/>\n<meta property=\"og:locale\" content=\"de_DE\" \/>\n<meta property=\"og:type\" content=\"article\" \/>\n<meta property=\"og:title\" content=\"lucas brauer - 2014 - BMX-Racing Germany\" \/>\n<meta property=\"og:description\" content=\"lucas brauer BMX Racing CRUPI\" \/>\n<meta property=\"og:url\" content=\"http:\/\/s490497976.online.de\/wordpress\/team-info\/lucas-brauer-2014\/\" \/>\n<meta property=\"og:site_name\" content=\"BMX-Racing Germany\" \/>\n<meta property=\"article:modified_time\" content=\"2015-02-22T21:31:18+00:00\" \/>\n<meta property=\"og:image\" content=\"http:\/\/s490497976.online.de\/wordpress\/wp-content\/uploads\/2015\/02\/Lucas_title-200x300.jpg\" \/>\n<meta name=\"twitter:label1\" content=\"Gesch\u00e4tzte Lesezeit\" \/>\n\t<meta name=\"twitter:data1\" content=\"4\u00a0Minuten\" \/>\n<script type=\"application\/ld+json\" class=\"yoast-schema-graph\">{\"@context\":\"https:\/\/schema.org\",\"@graph\":[{\"@type\":\"WebPage\",\"@id\":\"http:\/\/s490497976.online.de\/wordpress\/team-info\/lucas-brauer-2014\/\",\"url\":\"http:\/\/s490497976.online.de\/wordpress\/team-info\/lucas-brauer-2014\/\",\"name\":\"lucas brauer - 2014 - BMX-Racing Germany\",\"isPartOf\":{\"@id\":\"http:\/\/s490497976.online.de\/wordpress\/#website\"},\"datePublished\":\"2015-02-08T09:56:20+00:00\",\"dateModified\":\"2015-02-22T21:31:18+00:00\",\"description\":\"lucas brauer BMX Racing CRUPI\",\"breadcrumb\":{\"@id\":\"http:\/\/s490497976.online.de\/wordpress\/team-info\/lucas-brauer-2014\/#breadcrumb\"},\"inLanguage\":\"de\",\"potentialAction\":[{\"@type\":\"ReadAction\",\"target\":[\"http:\/\/s490497976.online.de\/wordpress\/team-info\/lucas-brauer-2014\/\"]}]},{\"@type\":\"BreadcrumbList\",\"@id\":\"http:\/\/s490497976.online.de\/wordpress\/team-info\/lucas-brauer-2014\/#breadcrumb\",\"itemListElement\":[{\"@type\":\"ListItem\",\"position\":1,\"name\":\"Home\",\"item\":\"http:\/\/s490497976.online.de\/wordpress\/\"},{\"@type\":\"ListItem\",\"position\":2,\"name\":\"team info\",\"item\":\"http:\/\/s490497976.online.de\/wordpress\/team-info\/\"},{\"@type\":\"ListItem\",\"position\":3,\"name\":\"lucas brauer &#8211; 2014\"}]},{\"@type\":\"WebSite\",\"@id\":\"http:\/\/s490497976.online.de\/wordpress\/#website\",\"url\":\"http:\/\/s490497976.online.de\/wordpress\/\",\"name\":\"BMX-Racing Germany\",\"description\":\"Welcome to CRUPI-Team-Germany!\",\"potentialAction\":[{\"@type\":\"SearchAction\",\"target\":{\"@type\":\"EntryPoint\",\"urlTemplate\":\"http:\/\/s490497976.online.de\/wordpress\/?s={search_term_string}\"},\"query-input\":\"required name=search_term_string\"}],\"inLanguage\":\"de\"}]}<\/script>\n<!-- \/ Yoast SEO plugin. -->","yoast_head_json":{"title":"lucas brauer - 2014 - BMX-Racing Germany","description":"lucas brauer BMX Racing CRUPI","robots":{"index":"index","follow":"follow","max-snippet":"max-snippet:-1","max-image-preview":"max-image-preview:large","max-video-preview":"max-video-preview:-1"},"canonical":"http:\/\/s490497976.online.de\/wordpress\/team-info\/lucas-brauer-2014\/","og_locale":"de_DE","og_type":"article","og_title":"lucas brauer - 2014 - BMX-Racing Germany","og_description":"lucas brauer BMX Racing CRUPI","og_url":"http:\/\/s490497976.online.de\/wordpress\/team-info\/lucas-brauer-2014\/","og_site_name":"BMX-Racing Germany","article_modified_time":"2015-02-22T21:31:18+00:00","og_image":[{"url":"http:\/\/s490497976.online.de\/wordpress\/wp-content\/uploads\/2015\/02\/Lucas_title-200x300.jpg"}],"twitter_misc":{"Gesch\u00e4tzte Lesezeit":"4\u00a0Minuten"},"schema":{"@context":"https:\/\/schema.org","@graph":[{"@type":"WebPage","@id":"http:\/\/s490497976.online.de\/wordpress\/team-info\/lucas-brauer-2014\/","url":"http:\/\/s490497976.online.de\/wordpress\/team-info\/lucas-brauer-2014\/","name":"lucas brauer - 2014 - BMX-Racing Germany","isPartOf":{"@id":"http:\/\/s490497976.online.de\/wordpress\/#website"},"datePublished":"2015-02-08T09:56:20+00:00","dateModified":"2015-02-22T21:31:18+00:00","description":"lucas brauer BMX Racing CRUPI","breadcrumb":{"@id":"http:\/\/s490497976.online.de\/wordpress\/team-info\/lucas-brauer-2014\/#breadcrumb"},"inLanguage":"de","potentialAction":[{"@type":"ReadAction","target":["http:\/\/s490497976.online.de\/wordpress\/team-info\/lucas-brauer-2014\/"]}]},{"@type":"BreadcrumbList","@id":"http:\/\/s490497976.online.de\/wordpress\/team-info\/lucas-brauer-2014\/#breadcrumb","itemListElement":[{"@type":"ListItem","position":1,"name":"Home","item":"http:\/\/s490497976.online.de\/wordpress\/"},{"@type":"ListItem","position":2,"name":"team info","item":"http:\/\/s490497976.online.de\/wordpress\/team-info\/"},{"@type":"ListItem","position":3,"name":"lucas brauer &#8211; 2014"}]},{"@type":"WebSite","@id":"http:\/\/s490497976.online.de\/wordpress\/#website","url":"http:\/\/s490497976.online.de\/wordpress\/","name":"BMX-Racing Germany","description":"Welcome to CRUPI-Team-Germany!","potentialAction":[{"@type":"SearchAction","target":{"@type":"EntryPoint","urlTemplate":"http:\/\/s490497976.online.de\/wordpress\/?s={search_term_string}"},"query-input":"required name=search_term_string"}],"inLanguage":"de"}]}},"jetpack_sharing_enabled":true,"jetpack_shortlink":"https:\/\/wp.me\/P7nO8R-1o","_links":{"self":[{"href":"http:\/\/s490497976.online.de\/wordpress\/wp-json\/wp\/v2\/pages\/86"}],"collection":[{"href":"http:\/\/s490497976.online.de\/wordpress\/wp-json\/wp\/v2\/pages"}],"about":[{"href":"http:\/\/s490497976.online.de\/wordpress\/wp-json\/wp\/v2\/types\/page"}],"author":[{"embeddable":true,"href":"http:\/\/s490497976.online.de\/wordpress\/wp-json\/wp\/v2\/users\/1"}],"replies":[{"embeddable":true,"href":"http:\/\/s490497976.online.de\/wordpress\/wp-json\/wp\/v2\/comments?post=86"}],"version-history":[{"count":5,"href":"http:\/\/s490497976.online.de\/wordpress\/wp-json\/wp\/v2\/pages\/86\/revisions"}],"predecessor-version":[{"id":328,"href":"http:\/\/s490497976.online.de\/wordpress\/wp-json\/wp\/v2\/pages\/86\/revisions\/328"}],"up":[{"embeddable":true,"href":"http:\/\/s490497976.online.de\/wordpress\/wp-json\/wp\/v2\/pages\/27"}],"wp:attachment":[{"href":"http:\/\/s490497976.online.de\/wordpress\/wp-json\/wp\/v2\/media?parent=86"}],"curies":[{"name":"wp","href":"https:\/\/api.w.org\/{rel}","templated":true}]}}