{"id":99,"date":"2015-02-08T12:33:14","date_gmt":"2015-02-08T11:33:14","guid":{"rendered":"http:\/\/crupishop.apps-1and1.net\/?page_id=99"},"modified":"2019-02-14T18:52:16","modified_gmt":"2019-02-14T17:52:16","slug":"stefan-heil-2014","status":"publish","type":"page","link":"http:\/\/s490497976.online.de\/wordpress\/team-info\/stefan-heil-2014\/","title":{"rendered":"stefan heil &#8211; 2018"},"content":{"rendered":"<p>Mit sechs Jahren begann Stefan Heil mit dem \u201eBMX-Sport&#8220;und fuhr bereits 2006 seine ersten 2 Bayernpokalrennen bei den Anf\u00e4ngern in der U9. Von Anfang an sah man, dass er am BMX gro\u00dfen Spa\u00df hat und das notwendige Talent daf\u00fcr mitbringt.<\/p>\n<p>2007 startete Stefan im \u00e4lteren Jahrgang in der U9 und fuhr bereits seine ersten Podiumspl\u00e4tze heraus. In der Bayernpokalgesamtwertung belegte er Platz 5.<\/p>\n<p>Bei den Anf\u00e4ngern U11 im Jahr 2008 durfte er beim ersten Rennen zum ersten Mal auf dem Stockerl ganz oben stehen. Es folgten weitere gute Platzierungen, sodass der Entschluss reifte,<br \/>\nf\u00fcr Stefan im n\u00e4chsten Jahr eine Lizenz zu beantragen.<\/p>\n<p>Im ersten Lizenzjahr 2009 fuhr Stefan dann im \u00e4lteren Jahrgang in der U11. Die Umstellung zu den Experten schaffte Stefan gut und ereichte am Ende der Saison in der Bundesligagesamtwertung Platz 11.<\/p>\n<p>Nicht so gut begann die Saison 2010 im ersten Jahr Lizenz U13. Erst brach sich Stefan im Juni im Training den rechten Arm und im September dann das linke Handgelenk. Trotz der Rennausf\u00e4lle war er in der Bundesligarangliste noch auf den 19. Rang, der ihm den Einstieg in den Bayernkader erm\u00f6glichte.<\/p>\n<p>2011 war f\u00fcr ihn sein bisher erfolgreichstes Jahr. 3 Podestpl\u00e4tze in der Bundesligarennserie, 3. Platz bei der Deutschen und 5. Platz in der Gesamtwertung waren sein nationaler Durchbruch.<br \/>\nAuch auf Bayernebene lief es gut. Er wurde bayrischer Meister in der U13, gewann 5 Bayernpokalrennen, belegte in der Gesamtwertung den zweiten Rang und wurde wieder zum Bayernkader eingeladen.<\/p>\n<p>Seit 2012 startet Stefan Heil f\u00fcr das Crupi-Team Germany in der Sch\u00fclerklasse.<\/p>\n<p>Bis 2014 fuhr Stefan Heil erfolgreich f\u00fcr das Crupi-Team Germany und holte 2 Bayrische Meister Titel f\u00fcr das Team. Zum Saisonende verk\u00fcndete der Kolbermoorer seinen Wechsel zu FreeAgent.<\/p>\n<p>2015 startete der damals 16 j\u00e4hrige f\u00fcr das FreeAgent Team und war International recht erfolgreich. Am vorletzten Rennwochenende der UEC European Tour fuhr Stefan Heil bei den Boys 15\/16 ins Finale und wurde 6. In der Europ\u00e4ischen Gesamtwertung wurde er mit Platz 16 belohnt. Erstmals gelang es ihm die Silbermedaille bei der Deutschen Meisterschaft zu holen und gewann die Bundesligagesamtwertung sowie die Bayernligagesamtwertung. Ende 2015 l\u00f6ste sich das FreeAgent Team auf und MJ-Sport Supercross holte ihn ins Boot.<\/p>\n<p>Das Jahr 2016 wurde ebenfalls zu einem der erfolgreichsten Jahre in seiner Karriere und Stefan Heil gewann ebenfalls wieder die Bundesligagesamtwertung und verteidigte seinen 2.Platz bei der DM in Berlin in der Klasse Men 17+. Das MJ-Sport Supercross Team l\u00f6ste sich ebenfalls in Luft auf.<\/p>\n<p>2017 f\u00e4hrt Stefan bislang sehr erfolgreich. Er holte in der Klasse Junior Men die Goldmedaille bei der Bayrischen Meisterschaft in Weilheim und macht schon jetzt der Elite Konkurrenz. Beim Europacup in Prag fuhr er ebenfalls ins Halbfinale. In Erlangen beim Bundesligarennen fand Stefan Heil wieder zur\u00fcck zur Crupi-Familie und ist auf einen guten Weg in den Crupifarben eine gute Saison hinzulegen.<\/p>\n<p><a href=\"http:\/\/s490497976.online.de\/wordpress\/wp-content\/uploads\/2017\/06\/18955096_1494606397280762_8597122320580743279_o.jpg\"><img decoding=\"async\" loading=\"lazy\" class=\"aligncenter wp-image-660 size-full\" src=\"http:\/\/s490497976.online.de\/wordpress\/wp-content\/uploads\/2017\/06\/18955096_1494606397280762_8597122320580743279_o.jpg\" alt=\"\" width=\"1024\" height=\"576\" srcset=\"http:\/\/s490497976.online.de\/wordpress\/wp-content\/uploads\/2017\/06\/18955096_1494606397280762_8597122320580743279_o.jpg 1024w, http:\/\/s490497976.online.de\/wordpress\/wp-content\/uploads\/2017\/06\/18955096_1494606397280762_8597122320580743279_o-300x169.jpg 300w, http:\/\/s490497976.online.de\/wordpress\/wp-content\/uploads\/2017\/06\/18955096_1494606397280762_8597122320580743279_o-768x432.jpg 768w\" sizes=\"(max-width: 1024px) 100vw, 1024px\" \/><\/a><\/p>\n","protected":false},"excerpt":{"rendered":"<p>Mit sechs Jahren begann Stefan Heil mit dem \u201eBMX-Sport&#8220;und fuhr bereits 2006 seine ersten 2 Bayernpokalrennen bei den Anf\u00e4ngern in der U9. Von Anfang an sah man, dass er am BMX gro\u00dfen Spa\u00df hat und das notwendige Talent daf\u00fcr mitbringt. 2007 startete Stefan im \u00e4lteren Jahrgang in der U9 und fuhr bereits seine ersten Podiumspl\u00e4tze&#8230; <\/p>\n<div class=\"read-more navbutton\"><a href=\"http:\/\/s490497976.online.de\/wordpress\/team-info\/stefan-heil-2014\/\">Read More<i class=\"fa fa-angle-double-right\"><\/i><\/a><\/div>\n","protected":false},"author":1,"featured_media":0,"parent":27,"menu_order":12,"comment_status":"closed","ping_status":"closed","template":"","meta":{"_mi_skip_tracking":false,"jetpack_post_was_ever_published":false},"yoast_head":"<!-- This site is optimized with the Yoast SEO plugin v19.11 - https:\/\/yoast.com\/wordpress\/plugins\/seo\/ -->\n<title>stefan heil - 2018 - BMX-Racing Germany<\/title>\n<meta name=\"robots\" content=\"index, follow, max-snippet:-1, max-image-preview:large, max-video-preview:-1\" \/>\n<link rel=\"canonical\" href=\"http:\/\/s490497976.online.de\/wordpress\/team-info\/stefan-heil-2014\/\" \/>\n<meta property=\"og:locale\" content=\"de_DE\" \/>\n<meta property=\"og:type\" content=\"article\" \/>\n<meta property=\"og:title\" content=\"stefan heil - 2018 - BMX-Racing Germany\" \/>\n<meta property=\"og:description\" content=\"Mit sechs Jahren begann Stefan Heil mit dem \u201eBMX-Sport&#8220;und fuhr bereits 2006 seine ersten 2 Bayernpokalrennen bei den Anf\u00e4ngern in der U9. Von Anfang an sah man, dass er am BMX gro\u00dfen Spa\u00df hat und das notwendige Talent daf\u00fcr mitbringt. 2007 startete Stefan im \u00e4lteren Jahrgang in der U9 und fuhr bereits seine ersten Podiumspl\u00e4tze... Read More\" \/>\n<meta property=\"og:url\" content=\"http:\/\/s490497976.online.de\/wordpress\/team-info\/stefan-heil-2014\/\" \/>\n<meta property=\"og:site_name\" content=\"BMX-Racing Germany\" \/>\n<meta property=\"article:modified_time\" content=\"2019-02-14T17:52:16+00:00\" \/>\n<meta property=\"og:image\" content=\"http:\/\/s490497976.online.de\/wordpress\/wp-content\/uploads\/2017\/06\/18955096_1494606397280762_8597122320580743279_o.jpg\" \/>\n<meta name=\"twitter:label1\" content=\"Gesch\u00e4tzte Lesezeit\" \/>\n\t<meta name=\"twitter:data1\" content=\"2\u00a0Minuten\" \/>\n<script type=\"application\/ld+json\" class=\"yoast-schema-graph\">{\"@context\":\"https:\/\/schema.org\",\"@graph\":[{\"@type\":\"WebPage\",\"@id\":\"http:\/\/s490497976.online.de\/wordpress\/team-info\/stefan-heil-2014\/\",\"url\":\"http:\/\/s490497976.online.de\/wordpress\/team-info\/stefan-heil-2014\/\",\"name\":\"stefan heil - 2018 - BMX-Racing Germany\",\"isPartOf\":{\"@id\":\"http:\/\/s490497976.online.de\/wordpress\/#website\"},\"datePublished\":\"2015-02-08T11:33:14+00:00\",\"dateModified\":\"2019-02-14T17:52:16+00:00\",\"breadcrumb\":{\"@id\":\"http:\/\/s490497976.online.de\/wordpress\/team-info\/stefan-heil-2014\/#breadcrumb\"},\"inLanguage\":\"de\",\"potentialAction\":[{\"@type\":\"ReadAction\",\"target\":[\"http:\/\/s490497976.online.de\/wordpress\/team-info\/stefan-heil-2014\/\"]}]},{\"@type\":\"BreadcrumbList\",\"@id\":\"http:\/\/s490497976.online.de\/wordpress\/team-info\/stefan-heil-2014\/#breadcrumb\",\"itemListElement\":[{\"@type\":\"ListItem\",\"position\":1,\"name\":\"Home\",\"item\":\"http:\/\/s490497976.online.de\/wordpress\/\"},{\"@type\":\"ListItem\",\"position\":2,\"name\":\"team info\",\"item\":\"http:\/\/s490497976.online.de\/wordpress\/team-info\/\"},{\"@type\":\"ListItem\",\"position\":3,\"name\":\"stefan heil &#8211; 2018\"}]},{\"@type\":\"WebSite\",\"@id\":\"http:\/\/s490497976.online.de\/wordpress\/#website\",\"url\":\"http:\/\/s490497976.online.de\/wordpress\/\",\"name\":\"BMX-Racing Germany\",\"description\":\"Welcome to CRUPI-Team-Germany!\",\"potentialAction\":[{\"@type\":\"SearchAction\",\"target\":{\"@type\":\"EntryPoint\",\"urlTemplate\":\"http:\/\/s490497976.online.de\/wordpress\/?s={search_term_string}\"},\"query-input\":\"required name=search_term_string\"}],\"inLanguage\":\"de\"}]}<\/script>\n<!-- \/ Yoast SEO plugin. -->","yoast_head_json":{"title":"stefan heil - 2018 - BMX-Racing Germany","robots":{"index":"index","follow":"follow","max-snippet":"max-snippet:-1","max-image-preview":"max-image-preview:large","max-video-preview":"max-video-preview:-1"},"canonical":"http:\/\/s490497976.online.de\/wordpress\/team-info\/stefan-heil-2014\/","og_locale":"de_DE","og_type":"article","og_title":"stefan heil - 2018 - BMX-Racing Germany","og_description":"Mit sechs Jahren begann Stefan Heil mit dem \u201eBMX-Sport&#8220;und fuhr bereits 2006 seine ersten 2 Bayernpokalrennen bei den Anf\u00e4ngern in der U9. Von Anfang an sah man, dass er am BMX gro\u00dfen Spa\u00df hat und das notwendige Talent daf\u00fcr mitbringt. 2007 startete Stefan im \u00e4lteren Jahrgang in der U9 und fuhr bereits seine ersten Podiumspl\u00e4tze... Read More","og_url":"http:\/\/s490497976.online.de\/wordpress\/team-info\/stefan-heil-2014\/","og_site_name":"BMX-Racing Germany","article_modified_time":"2019-02-14T17:52:16+00:00","og_image":[{"url":"http:\/\/s490497976.online.de\/wordpress\/wp-content\/uploads\/2017\/06\/18955096_1494606397280762_8597122320580743279_o.jpg"}],"twitter_misc":{"Gesch\u00e4tzte Lesezeit":"2\u00a0Minuten"},"schema":{"@context":"https:\/\/schema.org","@graph":[{"@type":"WebPage","@id":"http:\/\/s490497976.online.de\/wordpress\/team-info\/stefan-heil-2014\/","url":"http:\/\/s490497976.online.de\/wordpress\/team-info\/stefan-heil-2014\/","name":"stefan heil - 2018 - BMX-Racing Germany","isPartOf":{"@id":"http:\/\/s490497976.online.de\/wordpress\/#website"},"datePublished":"2015-02-08T11:33:14+00:00","dateModified":"2019-02-14T17:52:16+00:00","breadcrumb":{"@id":"http:\/\/s490497976.online.de\/wordpress\/team-info\/stefan-heil-2014\/#breadcrumb"},"inLanguage":"de","potentialAction":[{"@type":"ReadAction","target":["http:\/\/s490497976.online.de\/wordpress\/team-info\/stefan-heil-2014\/"]}]},{"@type":"BreadcrumbList","@id":"http:\/\/s490497976.online.de\/wordpress\/team-info\/stefan-heil-2014\/#breadcrumb","itemListElement":[{"@type":"ListItem","position":1,"name":"Home","item":"http:\/\/s490497976.online.de\/wordpress\/"},{"@type":"ListItem","position":2,"name":"team info","item":"http:\/\/s490497976.online.de\/wordpress\/team-info\/"},{"@type":"ListItem","position":3,"name":"stefan heil &#8211; 2018"}]},{"@type":"WebSite","@id":"http:\/\/s490497976.online.de\/wordpress\/#website","url":"http:\/\/s490497976.online.de\/wordpress\/","name":"BMX-Racing Germany","description":"Welcome to CRUPI-Team-Germany!","potentialAction":[{"@type":"SearchAction","target":{"@type":"EntryPoint","urlTemplate":"http:\/\/s490497976.online.de\/wordpress\/?s={search_term_string}"},"query-input":"required name=search_term_string"}],"inLanguage":"de"}]}},"jetpack_sharing_enabled":true,"jetpack_shortlink":"https:\/\/wp.me\/P7nO8R-1B","_links":{"self":[{"href":"http:\/\/s490497976.online.de\/wordpress\/wp-json\/wp\/v2\/pages\/99"}],"collection":[{"href":"http:\/\/s490497976.online.de\/wordpress\/wp-json\/wp\/v2\/pages"}],"about":[{"href":"http:\/\/s490497976.online.de\/wordpress\/wp-json\/wp\/v2\/types\/page"}],"author":[{"embeddable":true,"href":"http:\/\/s490497976.online.de\/wordpress\/wp-json\/wp\/v2\/users\/1"}],"replies":[{"embeddable":true,"href":"http:\/\/s490497976.online.de\/wordpress\/wp-json\/wp\/v2\/comments?post=99"}],"version-history":[{"count":6,"href":"http:\/\/s490497976.online.de\/wordpress\/wp-json\/wp\/v2\/pages\/99\/revisions"}],"predecessor-version":[{"id":762,"href":"http:\/\/s490497976.online.de\/wordpress\/wp-json\/wp\/v2\/pages\/99\/revisions\/762"}],"up":[{"embeddable":true,"href":"http:\/\/s490497976.online.de\/wordpress\/wp-json\/wp\/v2\/pages\/27"}],"wp:attachment":[{"href":"http:\/\/s490497976.online.de\/wordpress\/wp-json\/wp\/v2\/media?parent=99"}],"curies":[{"name":"wp","href":"https:\/\/api.w.org\/{rel}","templated":true}]}}